{"id":908,"date":"2019-12-11T08:07:55","date_gmt":"2019-12-11T07:07:55","guid":{"rendered":"https:\/\/midas.uniba.sk\/?page_id=908"},"modified":"2025-09-17T17:05:07","modified_gmt":"2025-09-17T15:05:07","slug":"zaluzie-obraz","status":"publish","type":"page","link":"https:\/\/midas.uniba.sk\/?page_id=908","title":{"rendered":"\u017dal\u00fazie Obraz"},"content":{"rendered":"\t\t<div data-elementor-type=\"wp-page\" data-elementor-id=\"908\" class=\"elementor elementor-908\">\n\t\t\t\t\t\t<header class=\"elementor-section elementor-top-section elementor-element elementor-element-7e6ed11c elementor-section-height-min-height elementor-section-items-top elementor-section-content-middle elementor-section-boxed elementor-section-height-default\" data-id=\"7e6ed11c\" data-element_type=\"section\" data-e-type=\"section\" data-settings=\"{&quot;background_background&quot;:&quot;classic&quot;,&quot;shape_divider_top&quot;:&quot;curve-asymmetrical&quot;,&quot;shape_divider_bottom&quot;:&quot;curve-asymmetrical&quot;,&quot;shape_divider_bottom_negative&quot;:&quot;yes&quot;}\">\n\t\t\t\t\t<div class=\"elementor-shape elementor-shape-top\" aria-hidden=\"true\" data-negative=\"false\">\n\t\t\t<svg xmlns=\"http:\/\/www.w3.org\/2000\/svg\" viewBox=\"0 0 1000 100\" preserveAspectRatio=\"none\">\n\t<path class=\"elementor-shape-fill\" d=\"M0,0c0,0,0,6,0,6.7c0,18,240.2,93.6,615.2,92.6C989.8,98.5,1000,25,1000,6.7c0-0.7,0-6.7,0-6.7H0z\"\/>\n<\/svg>\t\t<\/div>\n\t\t\t\t<div class=\"elementor-shape elementor-shape-bottom\" aria-hidden=\"true\" data-negative=\"true\">\n\t\t\t<svg xmlns=\"http:\/\/www.w3.org\/2000\/svg\" viewBox=\"0 0 1000 100\" preserveAspectRatio=\"none\">\n\t<path class=\"elementor-shape-fill\" d=\"M615.2,96.7C240.2,97.8,0,18.9,0,0v100h1000V0C1000,19.2,989.8,96,615.2,96.7z\"\/>\n<\/svg>\t\t<\/div>\n\t\t\t\t\t<div class=\"elementor-container elementor-column-gap-no\">\n\t\t\t\t\t<div class=\"elementor-column elementor-col-100 elementor-top-column elementor-element elementor-element-7d6fe28a\" data-id=\"7d6fe28a\" data-element_type=\"column\" data-e-type=\"column\">\n\t\t\t<div class=\"elementor-widget-wrap elementor-element-populated\">\n\t\t\t\t\t\t<div class=\"elementor-element elementor-element-729d475d elementor-widget__width-inherit elementor-widget-tablet__width-inherit elementor-widget-mobile__width-initial elementor-widget elementor-widget-heading\" data-id=\"729d475d\" data-element_type=\"widget\" data-e-type=\"widget\" data-widget_type=\"heading.default\">\n\t\t\t\t<div class=\"elementor-widget-container\">\n\t\t\t\t\t<h1 class=\"elementor-heading-title elementor-size-default\">Plagi\u00e1torstvo<\/h1>\t\t\t\t<\/div>\n\t\t\t\t<\/div>\n\t\t\t\t\t<\/div>\n\t\t<\/div>\n\t\t\t\t\t<\/div>\n\t\t<\/header>\n\t\t\t\t<section class=\"elementor-section elementor-top-section elementor-element elementor-element-5ba958fd elementor-section-content-middle elementor-section-boxed elementor-section-height-default elementor-section-height-default\" data-id=\"5ba958fd\" data-element_type=\"section\" data-e-type=\"section\">\n\t\t\t\t\t\t<div class=\"elementor-container elementor-column-gap-no\">\n\t\t\t\t\t<div class=\"elementor-column elementor-col-100 elementor-top-column elementor-element elementor-element-54555eff\" data-id=\"54555eff\" data-element_type=\"column\" data-e-type=\"column\" data-settings=\"{&quot;background_background&quot;:&quot;classic&quot;}\">\n\t\t\t<div class=\"elementor-widget-wrap elementor-element-populated\">\n\t\t\t\t\t\t<div class=\"elementor-element elementor-element-383c059d elementor-widget__width-inherit elementor-widget-tablet__width-inherit elementor-widget-mobile__width-initial elementor-widget elementor-widget-hfe-breadcrumbs-widget\" data-id=\"383c059d\" data-element_type=\"widget\" data-e-type=\"widget\" data-widget_type=\"hfe-breadcrumbs-widget.default\">\n\t\t\t\t<div class=\"elementor-widget-container\">\n\t\t\t\t\t<nav aria-label=\"Breadcrumb\"><ul class=\"hfe-breadcrumbs hfe-breadcrumbs-show-home\"><li class=\"hfe-breadcrumbs-item hfe-breadcrumbs-first\"><span class=\"hfe-breadcrumbs-home-icon\"><i aria-hidden=\"true\" class=\"fas fa-home\"><\/i><\/span><a href=\"https:\/\/midas.uniba.sk\"><span class=\"hfe-breadcrumbs-text\">Domov<\/span><\/a><\/li><\/ul><\/nav>\t\t\t\t<\/div>\n\t\t\t\t<\/div>\n\t\t\t\t\t<\/div>\n\t\t<\/div>\n\t\t\t\t\t<\/div>\n\t\t<\/section>\n\t\t\t\t<section class=\"elementor-section elementor-top-section elementor-element elementor-element-61e6c4db elementor-section-content-middle elementor-section-boxed elementor-section-height-default elementor-section-height-default\" data-id=\"61e6c4db\" data-element_type=\"section\" data-e-type=\"section\">\n\t\t\t\t\t\t<div class=\"elementor-container elementor-column-gap-no\">\n\t\t\t\t\t<div class=\"elementor-column elementor-col-100 elementor-top-column elementor-element elementor-element-45b76305\" data-id=\"45b76305\" data-element_type=\"column\" data-e-type=\"column\">\n\t\t\t<div class=\"elementor-widget-wrap elementor-element-populated\">\n\t\t\t\t\t\t<div class=\"elementor-element elementor-element-7ff1629f elementor-align-left elementor-widget__width-inherit elementor-widget-tablet__width-inherit elementor-widget-mobile__width-initial elementor-widget elementor-widget-button\" data-id=\"7ff1629f\" data-element_type=\"widget\" data-e-type=\"widget\" data-widget_type=\"button.default\">\n\t\t\t\t<div class=\"elementor-widget-container\">\n\t\t\t\t\t\t\t\t\t<div class=\"elementor-button-wrapper\">\n\t\t\t\t\t<a class=\"elementor-button elementor-button-link elementor-size-sm\" href=\"https:\/\/midas.uniba.sk\/?page_id=752\">\n\t\t\t\t\t\t<span class=\"elementor-button-content-wrapper\">\n\t\t\t\t\t\t<span class=\"elementor-button-icon\">\n\t\t\t\t<i aria-hidden=\"true\" class=\"fas fa-arrow-left\"><\/i>\t\t\t<\/span>\n\t\t\t\t\t\t\t\t\t<span class=\"elementor-button-text\">N\u00e1vrat na Typol\u00f3giu<\/span>\n\t\t\t\t\t<\/span>\n\t\t\t\t\t<\/a>\n\t\t\t\t<\/div>\n\t\t\t\t\t\t\t\t<\/div>\n\t\t\t\t<\/div>\n\t\t\t\t\t<\/div>\n\t\t<\/div>\n\t\t\t\t\t<\/div>\n\t\t<\/section>\n\t\t\t\t<section class=\"elementor-section elementor-top-section elementor-element elementor-element-24fceb19 elementor-section-content-middle elementor-section-boxed elementor-section-height-default elementor-section-height-default\" data-id=\"24fceb19\" data-element_type=\"section\" data-e-type=\"section\">\n\t\t\t\t\t\t<div class=\"elementor-container elementor-column-gap-no\">\n\t\t\t\t\t<div class=\"elementor-column elementor-col-100 elementor-top-column elementor-element elementor-element-480d9e32\" data-id=\"480d9e32\" data-element_type=\"column\" data-e-type=\"column\">\n\t\t\t<div class=\"elementor-widget-wrap elementor-element-populated\">\n\t\t\t\t\t\t<div class=\"elementor-element elementor-element-7c702581 elementor-hidden-tablet elementor-hidden-mobile elementor-widget__width-inherit elementor-widget-divider--view-line elementor-widget elementor-widget-divider\" data-id=\"7c702581\" data-element_type=\"widget\" data-e-type=\"widget\" data-widget_type=\"divider.default\">\n\t\t\t\t<div class=\"elementor-widget-container\">\n\t\t\t\t\t\t\t<div class=\"elementor-divider\">\n\t\t\t<span class=\"elementor-divider-separator\">\n\t\t\t\t\t\t<\/span>\n\t\t<\/div>\n\t\t\t\t\t\t<\/div>\n\t\t\t\t<\/div>\n\t\t\t\t<div class=\"elementor-element elementor-element-69966af elementor-widget-mobile__width-initial elementor-widget__width-inherit elementor-widget-tablet__width-inherit elementor-widget elementor-widget-heading\" data-id=\"69966af\" data-element_type=\"widget\" data-e-type=\"widget\" data-widget_type=\"heading.default\">\n\t\t\t\t<div class=\"elementor-widget-container\">\n\t\t\t\t\t<h2 class=\"elementor-heading-title elementor-size-default\">\u017dal\u00fazie obraz<\/h2>\t\t\t\t<\/div>\n\t\t\t\t<\/div>\n\t\t\t\t<div class=\"elementor-element elementor-element-0e38abf elementor-position-left elementor-widget-mobile__width-initial elementor-widget__width-inherit elementor-widget-tablet__width-inherit elementor-vertical-align-top elementor-widget elementor-widget-image-box\" data-id=\"0e38abf\" data-element_type=\"widget\" data-e-type=\"widget\" data-widget_type=\"image-box.default\">\n\t\t\t\t<div class=\"elementor-widget-container\">\n\t\t\t\t\t<div class=\"elementor-image-box-wrapper\"><figure class=\"elementor-image-box-img\"><img fetchpriority=\"high\" decoding=\"async\" width=\"1000\" height=\"720\" src=\"https:\/\/midas.uniba.sk\/wp-content\/uploads\/2019\/12\/Zaluzie-1000x720.gif\" class=\"attachment-full size-full wp-image-898\" alt=\"Origin\u00e1l publik\u00e1cie, ktor\u00fd prekryje spusten\u00e1 \u017eal\u00fazia. Po zodvihnut\u00ed \u017eal\u00fazie je z publik\u00e1cie plagi\u00e1t typu \u017eal\u00fazie.\" \/><\/figure><div class=\"elementor-image-box-content\"><p class=\"elementor-image-box-description\"><span style=\"color: #000000\">Plagi\u00e1t typu <strong>\u017eal\u00fazie<\/strong> definujeme ako <em>\u201ep\u00edsan\u00fa \u010das\u0165 pr\u00e1ce, ktor\u00e1 obsahuje zna\u010dn\u00e9 \u010dasti textu z&nbsp;jedn\u00e9ho zdroja\u201c<\/em> (Phillips 2018) <em>\u201es minim\u00e1lnymi zmenami. Ide takmer o&nbsp;\u00fapln\u00fd klon\u201c<\/em> (Ayton 2016) origin\u00e1lneho textu, ktor\u00fd je nap\u00edsan\u00fd bez <em>\u201e\u00favodzoviek alebo cit\u00e1cie\u201c<\/em> (Webster University 2018).<\/span><br><br><span style=\"color: #000000\">\u0160tudenti, \u010di ktoko\u013evek in\u00fd, pri p\u00edsan\u00ed pr\u00e1c \u010dasto pozmenia len p\u00e1r slov v\u00a0r\u00e1mci origin\u00e1lneho textu a\u00a0prezentuj\u00fa ho ako vlastn\u00fd. Dokonca aj v\u00a0pr\u00edpade, ke\u010f presn\u00e9 znenie viet daj\u00fa do <strong>\u00favodzoviek<\/strong>, a\u00a0teda upovedomia \u010ditate\u013ea, \u017ee text je prebrat\u00fd, no <strong>neuved\u00fa cit\u00e1ciu a\u00a0autora<\/strong>, od ktor\u00e9ho my\u0161lienku prebrali, je tak\u00fdto typ textu st\u00e1le pova\u017eovan\u00fd za plagi\u00e1t menom <strong>\u017eal\u00fazie<\/strong>. Tento typ plagi\u00e1tu sa deje ve\u013emi \u010dasto. \u0160tudenti alebo in\u00ed pisatelia textu si ve\u013eakr\u00e1t uvedomuj\u00fa, \u010doho sa dop\u00fa\u0161\u0165aj\u00fa, no robia to aj napriek tomu. Na druhej strane m\u00f4\u017ee tak\u00fdto typ plagi\u00e1tu nasta\u0165, ke\u010f si rob\u00edme nedbal\u00e9 pozn\u00e1mky \u010di v\u00a0r\u00e1mci nepozornosti p\u00edsacieho procesu (Webster University 2018).<\/span><\/p><\/div><\/div>\t\t\t\t<\/div>\n\t\t\t\t<\/div>\n\t\t\t\t<div class=\"elementor-element elementor-element-343588d elementor-widget-mobile__width-initial elementor-widget__width-inherit elementor-widget-tablet__width-inherit elementor-widget elementor-widget-heading\" data-id=\"343588d\" data-element_type=\"widget\" data-e-type=\"widget\" data-widget_type=\"heading.default\">\n\t\t\t\t<div class=\"elementor-widget-container\">\n\t\t\t\t\t<h2 class=\"elementor-heading-title elementor-size-default\">Pr\u00edklad<\/h2>\t\t\t\t<\/div>\n\t\t\t\t<\/div>\n\t\t\t\t<div class=\"elementor-element elementor-element-e4e44b0 elementor-widget-mobile__width-initial elementor-widget__width-inherit elementor-widget-tablet__width-inherit elementor-widget elementor-widget-image\" data-id=\"e4e44b0\" data-element_type=\"widget\" data-e-type=\"widget\" data-widget_type=\"image.default\">\n\t\t\t\t<div class=\"elementor-widget-container\">\n\t\t\t\t\t\t\t\t\t\t\t\t\t\t\t<img decoding=\"async\" width=\"1024\" height=\"576\" src=\"https:\/\/midas.uniba.sk\/wp-content\/uploads\/2019\/12\/Zaluzie-text-1.gif\" class=\"attachment-large size-large wp-image-995\" alt=\"Origin\u00e1lny text: Cit\u00e1t je text doslovne prebrat\u00fd z citovan\u00e9ho dokumentu. Mal by sa p\u00edsa\u0165 v \u00favodzovk\u00e1ch, resp. in\u00fdm typom p\u00edsma. S minim\u00e1lnou \u00fapravou textu vznikne plagi\u00e1t typu \u017eal\u00fazie: Cit\u00e1t je text presne prebrat\u00fd z citovan\u00e9ho dokumentu. Mal by by\u0165 p\u00edsan\u00fd v \u00favodzovk\u00e1ch, alebo odli\u0161n\u00fdm typom p\u00edsma.\" \/>\t\t\t\t\t\t\t\t\t\t\t\t\t\t\t<\/div>\n\t\t\t\t<\/div>\n\t\t\t\t<div class=\"elementor-element elementor-element-9a3a4ba elementor-widget-mobile__width-initial elementor-widget__width-inherit elementor-widget-tablet__width-inherit elementor-widget elementor-widget-text-editor\" data-id=\"9a3a4ba\" data-element_type=\"widget\" data-e-type=\"widget\" data-widget_type=\"text-editor.default\">\n\t\t\t\t<div class=\"elementor-widget-container\">\n\t\t\t\t\t\t\t\t\t<p><span style=\"color: #000000;\"><strong>BIBLIOGRAFIA<\/strong><\/span><\/p><p>AYTON, K., 2016. Top Ten Most Popular Types of Plagiarism. In: <em>PlagiarismSearch.com<\/em> [online]. 2016 [cit. 2019-01-12]. Dostupn\u00e9 na: <a title=\"[extern\u00fd odkaz, nov\u00e9 okno]\" href=\"https:\/\/plagiarismsearch.com\/blog\/top-ten-most-popular-types-of-plagiarism.html\" target=\"_blank\" rel=\"noopener\"><span style=\"text-decoration: underline;\">https:\/\/plagiarismsearch.com\/blog\/top-ten-most-popular-types-of-plagiarism.html<\/span><\/a><\/p><p>PHILLIPS, V., 2018. Types of Plagiarism &amp; Academic Cheating. In: <em>geteducated.com<\/em> [online]. \u00a9 2018 [cit. 2019-01-12]. Dostupn\u00e9 na: <a title=\"[extern\u00fd odkaz, nov\u00e9 okno]\" href=\"https:\/\/www.geteducated.com\/elearning-education-blog\/10-types-of-plagiarism-and-academic-cheating\/\" target=\"_blank\" rel=\"noopener\"><span style=\"text-decoration: underline;\">https:\/\/www.geteducated.com\/elearning-education-blog\/10-types-of-plagiarism-and-academic-cheating\/<\/span><\/a><\/p><p>Webster University, 2018. <em>Understanding Plagiarism<\/em> [online]. 2018 [cit. 2019-01-12]. Dostupn\u00e9 na: <a title=\"[extern\u00fd odkaz, nov\u00e9 okno]\" href=\"http:\/\/www.webster.edu\/academic-resource-center\/plagiarism_prevention\/understanding_plagiarism.html#understanding_top\" target=\"_blank\" rel=\"noopener\"><span style=\"text-decoration: underline;\">http:\/\/www.webster.edu\/academic-resource-center\/plagiarism_prevention\/understanding_plagiarism.html#understanding_top<\/span><\/a><\/p><p><span style=\"font-size: 16px;\">LICHNEROV\u00c1, Lucia. P\u00edsanie a obhajoba z\u00e1vere\u010dn\u00fdch pr\u00e1c: vysoko\u0161kolsk\u00e9 skript\u00e1 pre \u0161tudentov Univerzity Komensk\u00e9ho v Bratislave [online]. Bratislava: Stimul, 2016, s. 10 [cit. 2019-01-12]. ISBN 978-80-8127-155-7. Dostupn\u00e9 na: <\/span><a title=\"[extern\u00fd odkaz, nov\u00e9 okno]\" href=\"https:\/\/fphil.uniba.sk\/fileadmin\/fif\/studium\/student\/bakalar_magister\/Pisanie_a_obhajoba_zaverecnych_prac.pdf\" target=\"_blank\" rel=\"noopener\"><span style=\"text-decoration: underline;\">https:\/\/fphil.uniba.sk\/fileadmin\/fif\/studium\/student\/bakalar_magister\/Pisanie_a_obhajoba_zaverecnych_prac.pdf<\/span><\/a><\/p>\t\t\t\t\t\t\t\t<\/div>\n\t\t\t\t<\/div>\n\t\t\t\t\t<\/div>\n\t\t<\/div>\n\t\t\t\t\t<\/div>\n\t\t<\/section>\n\t\t\t\t<\/div>\n\t\t","protected":false},"excerpt":{"rendered":"<p>Plagi\u00e1torstvo Domov N\u00e1vrat na Typol\u00f3giu \u017dal\u00fazie obraz Plagi\u00e1t typu \u017eal\u00fazie definujeme ako \u201ep\u00edsan\u00fa \u010das\u0165 pr\u00e1ce, ktor\u00e1 obsahuje zna\u010dn\u00e9 \u010dasti textu z&nbsp;jedn\u00e9ho zdroja\u201c (Phillips 2018) \u201es minim\u00e1lnymi zmenami. Ide takmer o&nbsp;\u00fapln\u00fd klon\u201c (Ayton 2016) origin\u00e1lneho textu, ktor\u00fd je nap\u00edsan\u00fd bez \u201e\u00favodzoviek alebo cit\u00e1cie\u201c (Webster University 2018). \u0160tudenti, \u010di ktoko\u013evek in\u00fd, pri p\u00edsan\u00ed pr\u00e1c \u010dasto pozmenia len&#8230;<\/p>\n","protected":false},"author":1,"featured_media":0,"parent":752,"menu_order":0,"comment_status":"closed","ping_status":"closed","template":"","meta":{"_kad_post_transparent":"","_kad_post_title":"","_kad_post_layout":"","_kad_post_sidebar_id":"","_kad_post_content_style":"","_kad_post_vertical_padding":"","_kad_post_feature":"","_kad_post_feature_position":"","_kad_post_header":false,"_kad_post_footer":false,"_kad_post_classname":"","footnotes":""},"class_list":["post-908","page","type-page","status-publish","hentry"],"_links":{"self":[{"href":"https:\/\/midas.uniba.sk\/index.php?rest_route=\/wp\/v2\/pages\/908","targetHints":{"allow":["GET"]}}],"collection":[{"href":"https:\/\/midas.uniba.sk\/index.php?rest_route=\/wp\/v2\/pages"}],"about":[{"href":"https:\/\/midas.uniba.sk\/index.php?rest_route=\/wp\/v2\/types\/page"}],"author":[{"embeddable":true,"href":"https:\/\/midas.uniba.sk\/index.php?rest_route=\/wp\/v2\/users\/1"}],"replies":[{"embeddable":true,"href":"https:\/\/midas.uniba.sk\/index.php?rest_route=%2Fwp%2Fv2%2Fcomments&post=908"}],"version-history":[{"count":13,"href":"https:\/\/midas.uniba.sk\/index.php?rest_route=\/wp\/v2\/pages\/908\/revisions"}],"predecessor-version":[{"id":4815,"href":"https:\/\/midas.uniba.sk\/index.php?rest_route=\/wp\/v2\/pages\/908\/revisions\/4815"}],"up":[{"embeddable":true,"href":"https:\/\/midas.uniba.sk\/index.php?rest_route=\/wp\/v2\/pages\/752"}],"wp:attachment":[{"href":"https:\/\/midas.uniba.sk\/index.php?rest_route=%2Fwp%2Fv2%2Fmedia&parent=908"}],"curies":[{"name":"wp","href":"https:\/\/api.w.org\/{rel}","templated":true}]}}