{"id":903,"date":"2019-12-09T09:53:12","date_gmt":"2019-12-09T08:53:12","guid":{"rendered":"https:\/\/midas.uniba.sk\/?page_id=903"},"modified":"2025-09-17T17:19:02","modified_gmt":"2025-09-17T15:19:02","slug":"maskovanie-obraz","status":"publish","type":"page","link":"https:\/\/midas.uniba.sk\/?page_id=903","title":{"rendered":"Maskovanie Obraz"},"content":{"rendered":"\t\t<div data-elementor-type=\"wp-page\" data-elementor-id=\"903\" class=\"elementor elementor-903\">\n\t\t\t\t\t\t<header class=\"elementor-section elementor-top-section elementor-element elementor-element-7857c5cd elementor-section-height-min-height elementor-section-items-top elementor-section-content-middle elementor-section-boxed elementor-section-height-default\" data-id=\"7857c5cd\" data-element_type=\"section\" data-e-type=\"section\" data-settings=\"{&quot;background_background&quot;:&quot;classic&quot;,&quot;shape_divider_top&quot;:&quot;curve-asymmetrical&quot;,&quot;shape_divider_bottom&quot;:&quot;curve-asymmetrical&quot;,&quot;shape_divider_bottom_negative&quot;:&quot;yes&quot;}\">\n\t\t\t\t\t<div class=\"elementor-shape elementor-shape-top\" aria-hidden=\"true\" data-negative=\"false\">\n\t\t\t<svg xmlns=\"http:\/\/www.w3.org\/2000\/svg\" viewBox=\"0 0 1000 100\" preserveAspectRatio=\"none\">\n\t<path class=\"elementor-shape-fill\" d=\"M0,0c0,0,0,6,0,6.7c0,18,240.2,93.6,615.2,92.6C989.8,98.5,1000,25,1000,6.7c0-0.7,0-6.7,0-6.7H0z\"\/>\n<\/svg>\t\t<\/div>\n\t\t\t\t<div class=\"elementor-shape elementor-shape-bottom\" aria-hidden=\"true\" data-negative=\"true\">\n\t\t\t<svg xmlns=\"http:\/\/www.w3.org\/2000\/svg\" viewBox=\"0 0 1000 100\" preserveAspectRatio=\"none\">\n\t<path class=\"elementor-shape-fill\" d=\"M615.2,96.7C240.2,97.8,0,18.9,0,0v100h1000V0C1000,19.2,989.8,96,615.2,96.7z\"\/>\n<\/svg>\t\t<\/div>\n\t\t\t\t\t<div class=\"elementor-container elementor-column-gap-no\">\n\t\t\t\t\t<div class=\"elementor-column elementor-col-100 elementor-top-column elementor-element elementor-element-5d130816\" data-id=\"5d130816\" data-element_type=\"column\" data-e-type=\"column\">\n\t\t\t<div class=\"elementor-widget-wrap elementor-element-populated\">\n\t\t\t\t\t\t<div class=\"elementor-element elementor-element-71037026 elementor-widget__width-inherit elementor-widget-tablet__width-inherit elementor-widget-mobile__width-initial elementor-widget elementor-widget-heading\" data-id=\"71037026\" data-element_type=\"widget\" data-e-type=\"widget\" data-widget_type=\"heading.default\">\n\t\t\t\t<div class=\"elementor-widget-container\">\n\t\t\t\t\t<h1 class=\"elementor-heading-title elementor-size-default\">Plagi\u00e1torstvo<\/h1>\t\t\t\t<\/div>\n\t\t\t\t<\/div>\n\t\t\t\t\t<\/div>\n\t\t<\/div>\n\t\t\t\t\t<\/div>\n\t\t<\/header>\n\t\t\t\t<section class=\"elementor-section elementor-top-section elementor-element elementor-element-689889e9 elementor-section-content-middle elementor-section-boxed elementor-section-height-default elementor-section-height-default\" data-id=\"689889e9\" data-element_type=\"section\" data-e-type=\"section\">\n\t\t\t\t\t\t<div class=\"elementor-container elementor-column-gap-no\">\n\t\t\t\t\t<div class=\"elementor-column elementor-col-100 elementor-top-column elementor-element elementor-element-4c428bd\" data-id=\"4c428bd\" data-element_type=\"column\" data-e-type=\"column\" data-settings=\"{&quot;background_background&quot;:&quot;classic&quot;}\">\n\t\t\t<div class=\"elementor-widget-wrap elementor-element-populated\">\n\t\t\t\t\t\t<div class=\"elementor-element elementor-element-28637940 elementor-widget__width-inherit elementor-widget-tablet__width-inherit elementor-widget-mobile__width-initial elementor-widget elementor-widget-hfe-breadcrumbs-widget\" data-id=\"28637940\" data-element_type=\"widget\" data-e-type=\"widget\" data-widget_type=\"hfe-breadcrumbs-widget.default\">\n\t\t\t\t<div class=\"elementor-widget-container\">\n\t\t\t\t\t<nav aria-label=\"Breadcrumb\"><ul class=\"hfe-breadcrumbs hfe-breadcrumbs-show-home\"><li class=\"hfe-breadcrumbs-item hfe-breadcrumbs-first\"><span class=\"hfe-breadcrumbs-home-icon\"><i aria-hidden=\"true\" class=\"fas fa-home\"><\/i><\/span><a href=\"https:\/\/midas.uniba.sk\"><span class=\"hfe-breadcrumbs-text\">Domov<\/span><\/a><\/li><\/ul><\/nav>\t\t\t\t<\/div>\n\t\t\t\t<\/div>\n\t\t\t\t\t<\/div>\n\t\t<\/div>\n\t\t\t\t\t<\/div>\n\t\t<\/section>\n\t\t\t\t<section class=\"elementor-section elementor-top-section elementor-element elementor-element-3769e567 elementor-section-content-middle elementor-section-boxed elementor-section-height-default elementor-section-height-default\" data-id=\"3769e567\" data-element_type=\"section\" data-e-type=\"section\">\n\t\t\t\t\t\t<div class=\"elementor-container elementor-column-gap-no\">\n\t\t\t\t\t<div class=\"elementor-column elementor-col-100 elementor-top-column elementor-element elementor-element-1f7aea09\" data-id=\"1f7aea09\" data-element_type=\"column\" data-e-type=\"column\">\n\t\t\t<div class=\"elementor-widget-wrap elementor-element-populated\">\n\t\t\t\t\t\t<div class=\"elementor-element elementor-element-6eb66b17 elementor-align-left elementor-widget__width-inherit elementor-widget-tablet__width-inherit elementor-widget-mobile__width-initial elementor-widget elementor-widget-button\" data-id=\"6eb66b17\" data-element_type=\"widget\" data-e-type=\"widget\" data-widget_type=\"button.default\">\n\t\t\t\t<div class=\"elementor-widget-container\">\n\t\t\t\t\t\t\t\t\t<div class=\"elementor-button-wrapper\">\n\t\t\t\t\t<a class=\"elementor-button elementor-button-link elementor-size-sm\" href=\"https:\/\/midas.uniba.sk\/?page_id=752\">\n\t\t\t\t\t\t<span class=\"elementor-button-content-wrapper\">\n\t\t\t\t\t\t<span class=\"elementor-button-icon\">\n\t\t\t\t<i aria-hidden=\"true\" class=\"fas fa-arrow-left\"><\/i>\t\t\t<\/span>\n\t\t\t\t\t\t\t\t\t<span class=\"elementor-button-text\">N\u00e1vrat na Typol\u00f3giu<\/span>\n\t\t\t\t\t<\/span>\n\t\t\t\t\t<\/a>\n\t\t\t\t<\/div>\n\t\t\t\t\t\t\t\t<\/div>\n\t\t\t\t<\/div>\n\t\t\t\t\t<\/div>\n\t\t<\/div>\n\t\t\t\t\t<\/div>\n\t\t<\/section>\n\t\t\t\t<section class=\"elementor-section elementor-top-section elementor-element elementor-element-421c9800 elementor-section-content-middle elementor-section-boxed elementor-section-height-default elementor-section-height-default\" data-id=\"421c9800\" data-element_type=\"section\" data-e-type=\"section\">\n\t\t\t\t\t\t<div class=\"elementor-container elementor-column-gap-no\">\n\t\t\t\t\t<div class=\"elementor-column elementor-col-100 elementor-top-column elementor-element elementor-element-1778a0ee\" data-id=\"1778a0ee\" data-element_type=\"column\" data-e-type=\"column\">\n\t\t\t<div class=\"elementor-widget-wrap elementor-element-populated\">\n\t\t\t\t\t\t<div class=\"elementor-element elementor-element-5231592e elementor-hidden-tablet elementor-hidden-mobile elementor-widget__width-inherit elementor-widget-divider--view-line elementor-widget elementor-widget-divider\" data-id=\"5231592e\" data-element_type=\"widget\" data-e-type=\"widget\" data-widget_type=\"divider.default\">\n\t\t\t\t<div class=\"elementor-widget-container\">\n\t\t\t\t\t\t\t<div class=\"elementor-divider\">\n\t\t\t<span class=\"elementor-divider-separator\">\n\t\t\t\t\t\t<\/span>\n\t\t<\/div>\n\t\t\t\t\t\t<\/div>\n\t\t\t\t<\/div>\n\t\t\t\t<div class=\"elementor-element elementor-element-7d20c1cc elementor-widget-mobile__width-initial elementor-widget__width-inherit elementor-widget-tablet__width-inherit elementor-widget elementor-widget-heading\" data-id=\"7d20c1cc\" data-element_type=\"widget\" data-e-type=\"widget\" data-widget_type=\"heading.default\">\n\t\t\t\t<div class=\"elementor-widget-container\">\n\t\t\t\t\t<h2 class=\"elementor-heading-title elementor-size-default\">Maskovanie obraz<\/h2>\t\t\t\t<\/div>\n\t\t\t\t<\/div>\n\t\t\t\t<div class=\"elementor-element elementor-element-e021aae elementor-position-left elementor-widget-mobile__width-initial elementor-widget__width-inherit elementor-widget-tablet__width-inherit elementor-vertical-align-top elementor-widget elementor-widget-image-box\" data-id=\"e021aae\" data-element_type=\"widget\" data-e-type=\"widget\" data-widget_type=\"image-box.default\">\n\t\t\t\t<div class=\"elementor-widget-container\">\n\t\t\t\t\t<div class=\"elementor-image-box-wrapper\"><figure class=\"elementor-image-box-img\"><img fetchpriority=\"high\" decoding=\"async\" width=\"1000\" height=\"720\" src=\"https:\/\/midas.uniba.sk\/wp-content\/uploads\/2019\/12\/Maskovanie-1000x720.gif\" class=\"attachment-full size-full wp-image-899\" alt=\"Zelen\u00e1 postavi\u010dka zn\u00e1zor\u0148uj\u00faca origin\u00e1l a \u010derven\u00e1 maska, ktor\u00e1 ju prekryje, \u010do zn\u00e1zor\u0148uje vznik plagi\u00e1tu typu maskovanie.\" \/><\/figure><div class=\"elementor-image-box-content\"><p class=\"elementor-image-box-description\"><p class=\"has-text-color has-very-dark-gray-color\">Plagi\u00e1t typu\u00a0<strong>maskovanie<\/strong>\u00a0m\u00f4\u017eeme definova\u0165 ako\u00a0<em>\u201ek\u013e\u00fa\u010dov\u00e9 slov\u00e1 a\u00a0fr\u00e1zy origin\u00e1lneho textu<\/em>,<em>\u00a0vymenen\u00e9 za synonym\u00e1 alebo ve\u013emi podobn\u00e9 slov\u00e1\u201c<\/em>\u00a0(Ayton 2016), ktor\u00e9\u00a0<em>\u201e<\/em>zachov\u00e1vaj\u00fa podstatu obsahu zdroja v pr\u00e1ci\u201c (Phillips 2018).<\/p>\n<p class=\"has-text-color has-very-dark-gray-color\">\u0160tudenti, a nie len t\u00ed, \u010dasto ch\u00e1pu, \u017ee\u00a0<strong>doslovn\u00e9 pou\u017eitie textu<\/strong>\u00a0z n\u00e1jden\u00e9ho zdroja vy\u00fas\u0165uje k poru\u0161eniu autorsk\u00fdch pr\u00e1v. Preto sa \u010dasto sna\u017eia pou\u017ei\u0165 vlastn\u00e9 slov\u00e1, \u010di\u017ee\u00a0<strong>parafr\u00e1zova\u0165<\/strong>. Probl\u00e9m v\u0161ak nast\u00e1va v\u00a0tom, \u017ee aj ke\u010f \u0161tudenti uved\u00fa zdroj, z\u00a0ktor\u00e9ho my\u0161lienky preberaj\u00fa, pozmenia len znenie niektor\u00fdch slov, pr\u00edpadne fr\u00e1z, no zachovaj\u00fa celkov\u00fa \u0161tyliz\u00e1ciu a formul\u00e1ciu vyjadren\u00ed a kone\u010dn\u00e9 podanie my\u0161lienky. Tak\u00e9to dielo je v\u0161ak pova\u017eovan\u00e9 za plagi\u00e1t naz\u00fdvan\u00fd\u00a0<strong>maskovanie<\/strong>\u00a0(Webster University 2018).<\/p><\/p><\/div><\/div>\t\t\t\t<\/div>\n\t\t\t\t<\/div>\n\t\t\t\t<div class=\"elementor-element elementor-element-1a1d722b elementor-widget__width-inherit elementor-widget-tablet__width-inherit elementor-widget-mobile__width-initial elementor-widget elementor-widget-heading\" data-id=\"1a1d722b\" data-element_type=\"widget\" data-e-type=\"widget\" data-widget_type=\"heading.default\">\n\t\t\t\t<div class=\"elementor-widget-container\">\n\t\t\t\t\t<h2 class=\"elementor-heading-title elementor-size-default\">Pr\u00edklad<\/h2>\t\t\t\t<\/div>\n\t\t\t\t<\/div>\n\t\t\t\t<div class=\"elementor-element elementor-element-18ef52d elementor-widget-mobile__width-initial elementor-widget__width-inherit elementor-widget-tablet__width-inherit elementor-widget elementor-widget-image\" data-id=\"18ef52d\" data-element_type=\"widget\" data-e-type=\"widget\" data-widget_type=\"image.default\">\n\t\t\t\t<div class=\"elementor-widget-container\">\n\t\t\t\t\t\t\t\t\t\t\t\t\t\t\t<img decoding=\"async\" width=\"1024\" height=\"576\" src=\"https:\/\/midas.uniba.sk\/wp-content\/uploads\/2019\/12\/Maskovanie-text_ver-2.gif\" class=\"attachment-large size-large wp-image-904\" alt=\"Origin\u00e1lny text: Plagi\u00e1torstvo m\u00e1 dva z\u00e1kladn\u00e9 rozmery a to etick\u00fd a pr\u00e1vny rozmer. Ak niekto vyd\u00e1va cudziu pr\u00e1cu alebo jej \u010das\u0165 ako svoj v\u00fdtvor, zhodneme sa, je to neetick\u00e9. Plagi\u00e1t typu maskovanie: Plagi\u00e1torstvo m\u00e1 2 prim\u00e1rne dimenzie, a to pr\u00e1vnu a mor\u00e1lnu. Ur\u010dite sa v\u0161etci uznesieme ze je nemor\u00e1lne, ak ktoko\u013evek bude vyd\u00e1va\u0165 pr\u00e1cu niekoho in\u00e9ho, \u010di \u00faryvky tejto pr\u00e1ce, za svoje.\" \/>\t\t\t\t\t\t\t\t\t\t\t\t\t\t\t<\/div>\n\t\t\t\t<\/div>\n\t\t\t\t<div class=\"elementor-element elementor-element-01218ae elementor-widget-mobile__width-initial elementor-widget__width-inherit elementor-widget-tablet__width-inherit elementor-widget elementor-widget-text-editor\" data-id=\"01218ae\" data-element_type=\"widget\" data-e-type=\"widget\" data-widget_type=\"text-editor.default\">\n\t\t\t\t<div class=\"elementor-widget-container\">\n\t\t\t\t\t\t\t\t\t<p><span style=\"color: #000000;\"><strong>BIBLIOGRAFIA<\/strong><\/span><\/p><p>AYTON, K., 2016. Top Ten Most Popular Types of Plagiarism. In: <em>PlagiarismSearch.com<\/em> [online]. 2016 [cit. 2019-01-12]. Dostupn\u00e9 na: <a title=\"[extern\u00fd odkaz, nov\u00e9 okno]\" href=\"https:\/\/plagiarismsearch.com\/blog\/top-ten-most-popular-types-of-plagiarism.html\" target=\"_blank\" rel=\"noopener\"><span style=\"text-decoration: underline;\">https:\/\/plagiarismsearch.com\/blog\/top-ten-most-popular-types-of-plagiarism.html<\/span><\/a><\/p><p>PHILLIPS, V., 2018. Types of Plagiarism &amp; Academic Cheating. In: <em>geteducated.com<\/em> [online]. \u00a9 2018 [cit. 2019-01-12]. Dostupn\u00e9 na: <a title=\"[extern\u00fd odkaz, nov\u00e9 okno]\" href=\"https:\/\/www.geteducated.com\/elearning-education-blog\/10-types-of-plagiarism-and-academic-cheating\/\" target=\"_blank\" rel=\"noopener\"><span style=\"text-decoration: underline;\">https:\/\/www.geteducated.com\/elearning-education-blog\/10-types-of-plagiarism-and-academic-cheating\/<\/span><\/a><\/p><p>Webster University, 2018. <em>Understanding Plagiarism<\/em> [online]. 2018 [cit. 2019-01-12]. Dostupn\u00e9 na: <a title=\"[extern\u00fd odkaz, nov\u00e9 okno]\" href=\"http:\/\/www.webster.edu\/academic-resource-center\/plagiarism_prevention\/understanding_plagiarism.html#understanding_top\" target=\"_blank\" rel=\"noopener\"><span style=\"text-decoration: underline;\">http:\/\/www.webster.edu\/academic-resource-center\/plagiarism_prevention\/understanding_plagiarism.html#understanding_top<\/span><\/a><\/p><p>KVASNICA, O., M. KAVECK\u00dd, E. UHR\u00c1KOV\u00c1, 2010. \u010co je plagi\u00e1torstvo?. In:\u00a0<em>\u00davod do vysoko\u0161kolsk\u00e9ho \u0161t\u00fadia<\/em> [online]. Bratislava: Slovensk\u00e1 technick\u00e1 univerzita, 2010 [cit. 2019-01-12]. Dostupn\u00e9 na: <a title=\"[extern\u00fd odkaz, nov\u00e9 okno]\" href=\"https:\/\/skola.kvasnica.info\/uvod2010\/ais\/index.html\" target=\"_blank\" rel=\"noopener\"><span style=\"text-decoration: underline;\">https:\/\/skola.kvasnica.info\/uvod2010\/ais\/index.html<\/span><\/a><\/p>\t\t\t\t\t\t\t\t<\/div>\n\t\t\t\t<\/div>\n\t\t\t\t\t<\/div>\n\t\t<\/div>\n\t\t\t\t\t<\/div>\n\t\t<\/section>\n\t\t\t\t<section class=\"elementor-section elementor-top-section elementor-element elementor-element-30cb433b elementor-section-boxed elementor-section-height-default elementor-section-height-default\" data-id=\"30cb433b\" data-element_type=\"section\" data-e-type=\"section\">\n\t\t\t\t\t\t<div class=\"elementor-container elementor-column-gap-no\">\n\t\t\t\t\t<div class=\"elementor-column elementor-col-100 elementor-top-column elementor-element elementor-element-2794abee\" data-id=\"2794abee\" data-element_type=\"column\" data-e-type=\"column\">\n\t\t\t<div class=\"elementor-widget-wrap\">\n\t\t\t\t\t\t\t<\/div>\n\t\t<\/div>\n\t\t\t\t\t<\/div>\n\t\t<\/section>\n\t\t\t\t<\/div>\n\t\t","protected":false},"excerpt":{"rendered":"<p>Plagi\u00e1torstvo Domov N\u00e1vrat na Typol\u00f3giu Maskovanie obraz Plagi\u00e1t typu\u00a0maskovanie\u00a0m\u00f4\u017eeme definova\u0165 ako\u00a0\u201ek\u013e\u00fa\u010dov\u00e9 slov\u00e1 a\u00a0fr\u00e1zy origin\u00e1lneho textu,\u00a0vymenen\u00e9 za synonym\u00e1 alebo ve\u013emi podobn\u00e9 slov\u00e1\u201c\u00a0(Ayton 2016), ktor\u00e9\u00a0\u201ezachov\u00e1vaj\u00fa podstatu obsahu zdroja v pr\u00e1ci\u201c (Phillips 2018). \u0160tudenti, a nie len t\u00ed, \u010dasto ch\u00e1pu, \u017ee\u00a0doslovn\u00e9 pou\u017eitie textu\u00a0z n\u00e1jden\u00e9ho zdroja vy\u00fas\u0165uje k poru\u0161eniu autorsk\u00fdch pr\u00e1v. Preto sa \u010dasto sna\u017eia pou\u017ei\u0165 vlastn\u00e9 slov\u00e1, \u010di\u017ee\u00a0parafr\u00e1zova\u0165&#8230;.<\/p>\n","protected":false},"author":1,"featured_media":0,"parent":752,"menu_order":0,"comment_status":"closed","ping_status":"closed","template":"","meta":{"_kad_post_transparent":"","_kad_post_title":"","_kad_post_layout":"","_kad_post_sidebar_id":"","_kad_post_content_style":"","_kad_post_vertical_padding":"","_kad_post_feature":"","_kad_post_feature_position":"","_kad_post_header":false,"_kad_post_footer":false,"_kad_post_classname":"","footnotes":""},"class_list":["post-903","page","type-page","status-publish","hentry"],"_links":{"self":[{"href":"https:\/\/midas.uniba.sk\/index.php?rest_route=\/wp\/v2\/pages\/903","targetHints":{"allow":["GET"]}}],"collection":[{"href":"https:\/\/midas.uniba.sk\/index.php?rest_route=\/wp\/v2\/pages"}],"about":[{"href":"https:\/\/midas.uniba.sk\/index.php?rest_route=\/wp\/v2\/types\/page"}],"author":[{"embeddable":true,"href":"https:\/\/midas.uniba.sk\/index.php?rest_route=\/wp\/v2\/users\/1"}],"replies":[{"embeddable":true,"href":"https:\/\/midas.uniba.sk\/index.php?rest_route=%2Fwp%2Fv2%2Fcomments&post=903"}],"version-history":[{"count":63,"href":"https:\/\/midas.uniba.sk\/index.php?rest_route=\/wp\/v2\/pages\/903\/revisions"}],"predecessor-version":[{"id":4825,"href":"https:\/\/midas.uniba.sk\/index.php?rest_route=\/wp\/v2\/pages\/903\/revisions\/4825"}],"up":[{"embeddable":true,"href":"https:\/\/midas.uniba.sk\/index.php?rest_route=\/wp\/v2\/pages\/752"}],"wp:attachment":[{"href":"https:\/\/midas.uniba.sk\/index.php?rest_route=%2Fwp%2Fv2%2Fmedia&parent=903"}],"curies":[{"name":"wp","href":"https:\/\/api.w.org\/{rel}","templated":true}]}}