{"id":882,"date":"2019-12-11T08:20:28","date_gmt":"2019-12-11T07:20:28","guid":{"rendered":"https:\/\/midas.uniba.sk\/?page_id=882"},"modified":"2025-09-17T17:11:20","modified_gmt":"2025-09-17T15:11:20","slug":"duch-text","status":"publish","type":"page","link":"https:\/\/midas.uniba.sk\/?page_id=882","title":{"rendered":"Duch Text"},"content":{"rendered":"\t\t<div data-elementor-type=\"wp-page\" data-elementor-id=\"882\" class=\"elementor elementor-882\">\n\t\t\t\t\t\t<header class=\"elementor-section elementor-top-section elementor-element elementor-element-58a47811 elementor-section-height-min-height elementor-section-items-top elementor-section-content-middle elementor-section-boxed elementor-section-height-default\" data-id=\"58a47811\" data-element_type=\"section\" data-e-type=\"section\" data-settings=\"{&quot;background_background&quot;:&quot;classic&quot;,&quot;shape_divider_top&quot;:&quot;curve-asymmetrical&quot;,&quot;shape_divider_bottom&quot;:&quot;curve-asymmetrical&quot;,&quot;shape_divider_bottom_negative&quot;:&quot;yes&quot;}\">\n\t\t\t\t\t<div class=\"elementor-shape elementor-shape-top\" aria-hidden=\"true\" data-negative=\"false\">\n\t\t\t<svg xmlns=\"http:\/\/www.w3.org\/2000\/svg\" viewBox=\"0 0 1000 100\" preserveAspectRatio=\"none\">\n\t<path class=\"elementor-shape-fill\" d=\"M0,0c0,0,0,6,0,6.7c0,18,240.2,93.6,615.2,92.6C989.8,98.5,1000,25,1000,6.7c0-0.7,0-6.7,0-6.7H0z\"\/>\n<\/svg>\t\t<\/div>\n\t\t\t\t<div class=\"elementor-shape elementor-shape-bottom\" aria-hidden=\"true\" data-negative=\"true\">\n\t\t\t<svg xmlns=\"http:\/\/www.w3.org\/2000\/svg\" viewBox=\"0 0 1000 100\" preserveAspectRatio=\"none\">\n\t<path class=\"elementor-shape-fill\" d=\"M615.2,96.7C240.2,97.8,0,18.9,0,0v100h1000V0C1000,19.2,989.8,96,615.2,96.7z\"\/>\n<\/svg>\t\t<\/div>\n\t\t\t\t\t<div class=\"elementor-container elementor-column-gap-no\">\n\t\t\t\t\t<div class=\"elementor-column elementor-col-100 elementor-top-column elementor-element elementor-element-155377a7\" data-id=\"155377a7\" data-element_type=\"column\" data-e-type=\"column\">\n\t\t\t<div class=\"elementor-widget-wrap elementor-element-populated\">\n\t\t\t\t\t\t<div class=\"elementor-element elementor-element-2bcb87e5 elementor-widget__width-inherit elementor-widget-tablet__width-inherit elementor-widget-mobile__width-initial elementor-widget elementor-widget-heading\" data-id=\"2bcb87e5\" data-element_type=\"widget\" data-e-type=\"widget\" data-widget_type=\"heading.default\">\n\t\t\t\t<div class=\"elementor-widget-container\">\n\t\t\t\t\t<h1 class=\"elementor-heading-title elementor-size-default\">Plagi\u00e1torstvo<\/h1>\t\t\t\t<\/div>\n\t\t\t\t<\/div>\n\t\t\t\t\t<\/div>\n\t\t<\/div>\n\t\t\t\t\t<\/div>\n\t\t<\/header>\n\t\t\t\t<section class=\"elementor-section elementor-top-section elementor-element elementor-element-141a0ecf elementor-section-content-middle elementor-section-boxed elementor-section-height-default elementor-section-height-default\" data-id=\"141a0ecf\" data-element_type=\"section\" data-e-type=\"section\">\n\t\t\t\t\t\t<div class=\"elementor-container elementor-column-gap-no\">\n\t\t\t\t\t<div class=\"elementor-column elementor-col-100 elementor-top-column elementor-element elementor-element-23235260\" data-id=\"23235260\" data-element_type=\"column\" data-e-type=\"column\" data-settings=\"{&quot;background_background&quot;:&quot;classic&quot;}\">\n\t\t\t<div class=\"elementor-widget-wrap elementor-element-populated\">\n\t\t\t\t\t\t<div class=\"elementor-element elementor-element-65791f9a elementor-widget__width-inherit elementor-widget-tablet__width-inherit elementor-widget-mobile__width-initial elementor-widget elementor-widget-hfe-breadcrumbs-widget\" data-id=\"65791f9a\" data-element_type=\"widget\" data-e-type=\"widget\" data-widget_type=\"hfe-breadcrumbs-widget.default\">\n\t\t\t\t<div class=\"elementor-widget-container\">\n\t\t\t\t\t<nav aria-label=\"Breadcrumb\"><ul class=\"hfe-breadcrumbs hfe-breadcrumbs-show-home\"><li class=\"hfe-breadcrumbs-item hfe-breadcrumbs-first\"><span class=\"hfe-breadcrumbs-home-icon\"><i aria-hidden=\"true\" class=\"fas fa-home\"><\/i><\/span><a href=\"https:\/\/midas.uniba.sk\"><span class=\"hfe-breadcrumbs-text\">Domov<\/span><\/a><\/li><\/ul><\/nav>\t\t\t\t<\/div>\n\t\t\t\t<\/div>\n\t\t\t\t\t<\/div>\n\t\t<\/div>\n\t\t\t\t\t<\/div>\n\t\t<\/section>\n\t\t\t\t<section class=\"elementor-section elementor-top-section elementor-element elementor-element-222f58d3 elementor-section-content-middle elementor-section-boxed elementor-section-height-default elementor-section-height-default\" data-id=\"222f58d3\" data-element_type=\"section\" data-e-type=\"section\">\n\t\t\t\t\t\t<div class=\"elementor-container elementor-column-gap-no\">\n\t\t\t\t\t<div class=\"elementor-column elementor-col-100 elementor-top-column elementor-element elementor-element-27647f42\" data-id=\"27647f42\" data-element_type=\"column\" data-e-type=\"column\">\n\t\t\t<div class=\"elementor-widget-wrap elementor-element-populated\">\n\t\t\t\t\t\t<div class=\"elementor-element elementor-element-36ba3855 elementor-align-left elementor-widget__width-inherit elementor-widget-tablet__width-inherit elementor-widget-mobile__width-initial elementor-widget elementor-widget-button\" data-id=\"36ba3855\" data-element_type=\"widget\" data-e-type=\"widget\" data-widget_type=\"button.default\">\n\t\t\t\t<div class=\"elementor-widget-container\">\n\t\t\t\t\t\t\t\t\t<div class=\"elementor-button-wrapper\">\n\t\t\t\t\t<a class=\"elementor-button elementor-button-link elementor-size-sm\" href=\"https:\/\/midas.uniba.sk\/?page_id=752\">\n\t\t\t\t\t\t<span class=\"elementor-button-content-wrapper\">\n\t\t\t\t\t\t<span class=\"elementor-button-icon\">\n\t\t\t\t<i aria-hidden=\"true\" class=\"fas fa-arrow-left\"><\/i>\t\t\t<\/span>\n\t\t\t\t\t\t\t\t\t<span class=\"elementor-button-text\">N\u00e1vrat na Typol\u00f3giu<\/span>\n\t\t\t\t\t<\/span>\n\t\t\t\t\t<\/a>\n\t\t\t\t<\/div>\n\t\t\t\t\t\t\t\t<\/div>\n\t\t\t\t<\/div>\n\t\t\t\t\t<\/div>\n\t\t<\/div>\n\t\t\t\t\t<\/div>\n\t\t<\/section>\n\t\t\t\t<section class=\"elementor-section elementor-top-section elementor-element elementor-element-312e9ad0 elementor-section-content-middle elementor-section-boxed elementor-section-height-default elementor-section-height-default\" data-id=\"312e9ad0\" data-element_type=\"section\" data-e-type=\"section\">\n\t\t\t\t\t\t<div class=\"elementor-container elementor-column-gap-no\">\n\t\t\t\t\t<div class=\"elementor-column elementor-col-100 elementor-top-column elementor-element elementor-element-7dd6ed64\" data-id=\"7dd6ed64\" data-element_type=\"column\" data-e-type=\"column\">\n\t\t\t<div class=\"elementor-widget-wrap elementor-element-populated\">\n\t\t\t\t\t\t<div class=\"elementor-element elementor-element-3347a elementor-hidden-tablet elementor-hidden-mobile elementor-widget__width-inherit elementor-widget-divider--view-line elementor-widget elementor-widget-divider\" data-id=\"3347a\" data-element_type=\"widget\" data-e-type=\"widget\" data-widget_type=\"divider.default\">\n\t\t\t\t<div class=\"elementor-widget-container\">\n\t\t\t\t\t\t\t<div class=\"elementor-divider\">\n\t\t\t<span class=\"elementor-divider-separator\">\n\t\t\t\t\t\t<\/span>\n\t\t<\/div>\n\t\t\t\t\t\t<\/div>\n\t\t\t\t<\/div>\n\t\t\t\t<div class=\"elementor-element elementor-element-38f279e elementor-widget__width-inherit elementor-widget-tablet__width-inherit elementor-widget-mobile__width-initial elementor-widget elementor-widget-heading\" data-id=\"38f279e\" data-element_type=\"widget\" data-e-type=\"widget\" data-widget_type=\"heading.default\">\n\t\t\t\t<div class=\"elementor-widget-container\">\n\t\t\t\t\t<h2 class=\"elementor-heading-title elementor-size-default\">Duch text<\/h2>\t\t\t\t<\/div>\n\t\t\t\t<\/div>\n\t\t\t\t<div class=\"elementor-element elementor-element-3bf7db5 elementor-position-left elementor-vertical-align-top elementor-widget-mobile__width-initial elementor-widget__width-inherit elementor-widget-tablet__width-inherit elementor-vertical-align-top elementor-widget elementor-widget-image-box\" data-id=\"3bf7db5\" data-element_type=\"widget\" data-e-type=\"widget\" data-widget_type=\"image-box.default\">\n\t\t\t\t<div class=\"elementor-widget-container\">\n\t\t\t\t\t<div class=\"elementor-image-box-wrapper\"><figure class=\"elementor-image-box-img\"><img fetchpriority=\"high\" decoding=\"async\" width=\"1000\" height=\"1000\" src=\"https:\/\/midas.uniba.sk\/wp-content\/uploads\/2025\/09\/MaIG-duch.png\" class=\"attachment-full size-full wp-image-4572\" alt=\"\u010cerveno-biela postavi\u010dka ducha zn\u00e1zor\u0148uj\u00faca plagi\u00e1t typu duch\" srcset=\"https:\/\/midas.uniba.sk\/wp-content\/uploads\/2025\/09\/MaIG-duch.png 1000w, https:\/\/midas.uniba.sk\/wp-content\/uploads\/2025\/09\/MaIG-duch-300x300.png 300w, https:\/\/midas.uniba.sk\/wp-content\/uploads\/2025\/09\/MaIG-duch-150x150.png 150w, https:\/\/midas.uniba.sk\/wp-content\/uploads\/2025\/09\/MaIG-duch-768x768.png 768w\" sizes=\"(max-width: 1000px) 100vw, 1000px\" \/><\/figure><div class=\"elementor-image-box-content\"><p class=\"elementor-image-box-description\">Forma plagi\u00e1torstva typu <strong>duch<\/strong> je charakterizovan\u00fd ako <em>\u201enap\u00edsan\u00fd text, ktor\u00fd zah\u0155\u0148a cit\u00e1cie na neexistuj\u00face alebo nepresn\u00e9 inform\u00e1cie o\u00a0zdrojoch\u201c<\/em> (Phillips 2018).<br><br><span style=\"color: #000000\">Plagi\u00e1t typu <strong>duch<\/strong> autori vyu\u017e\u00edvaj\u00fa najm\u00e4 vtedy, ke\u010f chc\u00fa svojej pr\u00e1ci prida\u0165 na jej hodnote, <strong>kredibilite<\/strong>. Tento \u010din je tak nemor\u00e1lny, ako aj zav\u00e1dzaj\u00faci. Okrem toho, \u017ee \u010ditate\u013ea tak\u00fdto typ plagi\u00e1tu klame o\u00a0\u010dase, ktor\u00fd autor do textu \u00fadajne vlo\u017eil, taktie\u017e \u010ditate\u013ea klame a <strong>\u0161\u00edri dezinform\u00e1cie<\/strong>, ktor\u00e9, pod\u013ea chybne uveden\u00fdch zdrojov, in\u00fd autor nikdy nepovedal alebo nezistil (Newbold 2016). T\u00e1to forma plagi\u00e1tu sa vyskytuje vtedy, ke\u010f autori chc\u00fa u\u0161etri\u0165 \u010das, pri\u010dom sa im nechce \u010d\u00edta\u0165 niektor\u00e9 materi\u00e1ly a zis\u0165ova\u0165, kto dan\u00e9 inform\u00e1cie naozaj povedal. Tak\u00fdto druh plagi\u00e1torstva sa m\u00f4\u017ee vyskytn\u00fa\u0165 aj nechcene, ke\u010f sa urobia zl\u00e9 pozn\u00e1mky, neover\u00ed sa spr\u00e1vnos\u0165 inform\u00e1ci\u00ed, \u010di nie s\u00fa plne pochopen\u00e9 pravidl\u00e1 a\u00a0met\u00f3dy citovania (Webster Univerzity 2018).\u00a0<\/span><br><br><span style=\"color: #000000\">Anglick\u00e9 pomenovanie typu plagi\u00e1torstva duch je <strong>404 Error<\/strong>, \u010do je <em>\u201eodvoden\u00e9 z\u00a0chybovej spr\u00e1vy, ktor\u00e1 sa objav\u00ed, ke\u010f sa niekto pok\u00fasi o\u00a0pr\u00edstup na neplatn\u00fd alebo nedostupn\u00fd online zdroj\u201c<\/em> (Ayton 2016). Pomenovanie <strong>duch<\/strong> zasa preto, lebo odkazuj\u00face zdroje v\u00a0pr\u00e1ci s\u00fa v\u00e1gne, nehmatate\u013en\u00e9 a\u00a0\u010dasto nevidite\u013en\u00e9 presne ako duch.<\/span><span style=\"color: #000000\">\n<\/span><\/p><\/div><\/div>\t\t\t\t<\/div>\n\t\t\t\t<\/div>\n\t\t\t\t<div class=\"elementor-element elementor-element-6f63bd3 elementor-widget__width-inherit elementor-widget-tablet__width-inherit elementor-widget-mobile__width-initial elementor-widget elementor-widget-heading\" data-id=\"6f63bd3\" data-element_type=\"widget\" data-e-type=\"widget\" data-widget_type=\"heading.default\">\n\t\t\t\t<div class=\"elementor-widget-container\">\n\t\t\t\t\t<h2 class=\"elementor-heading-title elementor-size-default\">Pr\u00edklad<\/h2>\t\t\t\t<\/div>\n\t\t\t\t<\/div>\n\t\t\t\t<div class=\"elementor-element elementor-element-dc01dd2 elementor-widget-mobile__width-initial elementor-widget__width-inherit elementor-widget-tablet__width-inherit elementor-widget elementor-widget-text-editor\" data-id=\"dc01dd2\" data-element_type=\"widget\" data-e-type=\"widget\" data-widget_type=\"text-editor.default\">\n\t\t\t\t<div class=\"elementor-widget-container\">\n\t\t\t\t\t\t\t\t\t<p><span style=\"color: #000000;\"><strong>Origin\u00e1lny text<\/strong><em> (aj s bibliografick\u00fdmi odkazmi je doslovne prebrat\u00fd od Hrdin\u00e1kov\u00e1 a Rankov 2013)<strong>:<\/strong><\/em><\/span><\/p><blockquote><p><span style=\"color: #333333;\">Anglick\u00fd term\u00edn multitasking sa v p\u00f4vodnom znen\u00ed udom\u00e1cnil aj v sloven\u010dine. Jeho po\u010diatky sa sp\u00e1jaj\u00fa s v\u00fdpo\u010dtovou a komunika\u010dnou technikou, kde ozna\u010duje schopnos\u0165 syst\u00e9mu (procesora) vykon\u00e1va\u0165 nieko\u013eko oper\u00e1ci\u00ed s\u00fa\u010dasne (\u0160koda a Doul\u00edk 2011, s. 175). Multitasking mo\u017eno v\u0161eobecne definova\u0165 ako \u00fa\u010das\u0165 (particip\u00e1ciu) na dvoch alebo viacer\u00fdch \u010dinnostiach naraz (Wang a Tchernev 2012, s. 493).<\/span><\/p><ul><li><span style=\"color: #333333;\">\u0160KODA, J. a DOUL\u00cdK, P.,2011. <em>Psychodidaktika<\/em>. Praha: Grada Publishing, 2011. 208 s. ISBN 978-80-247-2241-8.<\/span><\/li><li><span style=\"color: #333333;\">WANG, Z. a J. M. TCHERNEV, 2012. The \u201cMyth\u201d of Media Multitasking: Reciprocal Dynamics of Media Multitasking, Personal Needs, and Gratifications. In: <em>Journal of Communication<\/em> [online]. Volume <strong>62<\/strong>, Issue 3, pages 493\u2013513, June 2012 [cit. 2013-05-01]. Dostupn\u00e9 na internete: <a title=\"[extern\u00fd odkaz, nov\u00e9 okno]\" href=\"http:\/\/onlinelibrary.wiley.com\/doi\/10.1111\/j.1460-2466.2012.01641.x\/full\" target=\"_blank\" rel=\"noopener\"><span style=\"text-decoration: underline;\">http:\/\/onlinelibrary.wiley.com\/doi\/10.1111\/j.1460-2466.2012.01641.x\/full <\/span><\/a><\/span><\/li><\/ul><\/blockquote>\t\t\t\t\t\t\t\t<\/div>\n\t\t\t\t<\/div>\n\t\t\t\t<div class=\"elementor-element elementor-element-a799ec0 elementor-position-left elementor-vertical-align-top elementor-widget-mobile__width-initial elementor-widget__width-inherit elementor-widget-tablet__width-inherit elementor-vertical-align-top elementor-widget elementor-widget-image-box\" data-id=\"a799ec0\" data-element_type=\"widget\" data-e-type=\"widget\" data-widget_type=\"image-box.default\">\n\t\t\t\t<div class=\"elementor-widget-container\">\n\t\t\t\t\t<div class=\"elementor-image-box-wrapper\"><figure class=\"elementor-image-box-img\"><img decoding=\"async\" width=\"501\" height=\"501\" src=\"https:\/\/midas.uniba.sk\/wp-content\/uploads\/2025\/08\/00_obrazok_nespravnej_odpovede.png\" class=\"attachment-full size-full wp-image-4013\" alt=\"Ikona nespr\u00e1vnej odpovede v tvare \u010derven\u00e9ho kruhu s bielym x v strede\" srcset=\"https:\/\/midas.uniba.sk\/wp-content\/uploads\/2025\/08\/00_obrazok_nespravnej_odpovede.png 501w, https:\/\/midas.uniba.sk\/wp-content\/uploads\/2025\/08\/00_obrazok_nespravnej_odpovede-300x300.png 300w, https:\/\/midas.uniba.sk\/wp-content\/uploads\/2025\/08\/00_obrazok_nespravnej_odpovede-150x150.png 150w\" sizes=\"(max-width: 501px) 100vw, 501px\" \/><\/figure><div class=\"elementor-image-box-content\"><h3 class=\"elementor-image-box-title\"><h3><span style=\"color:#9e2b2f\">Plagi\u00e1t typu duch <\/span><span style=\"color:#000000\">(nap\u00edsan\u00fd \u00famyselne):<\/span><\/h3>\u200b<br><\/h3><p class=\"elementor-image-box-description\"><span style=\"color: #000000\"><span style=\"color: #9e2b2f\">Americk\u00fd term\u00edn<\/span> multitasking sa v rovnakom znen\u00ed <span style=\"color: #9e2b2f\">udom\u00e1cnil aj v\u00a0sloven\u010dine<\/span> (<span style=\"color: #9e2b2f\">Bannister a Remeny 2009 <strong><em>\u2013&gt; Zdroj, ktor\u00fd dan\u00fa inform\u00e1ciu nikdy nepovedal, a teda \u0161\u00edri dezinform\u00e1ciu.<\/em><\/strong><\/span>). Jeho za\u010diatky sa sp\u00e1jaj\u00fa s\u00a0v\u00fdpo\u010dtovo-komunika\u010dnou technikou, kde ozna\u010duje schopnos\u0165 procesora realizova\u0165 nieko\u013eko oper\u00e1ci\u00ed naraz (<span style=\"color: #9e2b2f\">Vymyslen\u00fd 2010 <strong><em>\u2013&gt; Veta je plagiarizovan\u00e1 z origin\u00e1lneho textu a zdroj je vymyslen\u00fd plagi\u00e1torom za \u00fa\u010delom zmias\u0165 \u010ditate\u013ea a prida\u0165 si na vlastnej kredibilite.<\/em><\/strong><\/span>). Multitasking mo\u017eno v\u0161eobecne vysvetli\u0165 ako \u00fa\u010das\u0165, teda particip\u00e1ciu na 2 \u010di viacer\u00fdch procesoch naraz <span style=\"color: #c70039\"><span style=\"color: #000000\">(<\/span><span style=\"color: #9e2b2f\">Wanga Tcchernev 2012, s. 493, citovan\u00e9 pod\u013ea Hrdin\u00e1kov\u00e1\u00a0a Rankov<\/span><\/span> 2013).<\/span><br><br><span style=\"color: #000000\">BANNISTER, R. a D. REMENYI, 2009. Multitasking: The uncertain impact of technology on knowledge workers and managers. In: <em>Electronic Journal Information Systems Evaluation<\/em> [online]. <strong>12<\/strong>(1), 1-12.<\/span><br><br><span style=\"color: #000000\">VYMYSLEN\u00dd, Z., 2009. <em>Po\u010diatky multitaskingu<\/em> [online]. <strong>14<\/strong>(3), 2009. Dostupn\u00e9 na:<\/span> &lt;a <a title=\"[extern\u00fd odkaz, nov\u00e9 okno]\" rel=\"noopener\"><span style=\"text-decoration: underline\">www.Neexistuj\u00faciZdroj.sk<\/span><\/a><br><br><span style=\"font-size: 16px;color: #000000\">HRDIN\u00c1KOV\u00c1, \u013d., 2013. Medi\u00e1lny Multitasking [online]. Dostupn\u00e9 na:<\/span> &lt;a <a title=\"[extern\u00fd odkaz, nov\u00e9 okno]\" href=\"http:\/\/itlib.cvtisr.sk\/archiv\/2013\/2\/medialny-multitasking-media-multitasking.html?page_id=2480\" target=\"_blank\" rel=\"noopener\"><span style=\"text-decoration: underline\">http:\/\/itlib.cvtisr.sk\/archiv\/2013\/2\/medialny-multitasking-media-multitasking.html?page_id=2480<\/span><\/a><\/p><\/div><\/div>\t\t\t\t<\/div>\n\t\t\t\t<\/div>\n\t\t\t\t<div class=\"elementor-element elementor-element-5640ed8 elementor-position-left elementor-vertical-align-top elementor-widget-mobile__width-initial elementor-widget__width-inherit elementor-widget-tablet__width-inherit elementor-vertical-align-top elementor-widget elementor-widget-image-box\" data-id=\"5640ed8\" data-element_type=\"widget\" data-e-type=\"widget\" data-widget_type=\"image-box.default\">\n\t\t\t\t<div class=\"elementor-widget-container\">\n\t\t\t\t\t<div class=\"elementor-image-box-wrapper\"><figure class=\"elementor-image-box-img\"><img decoding=\"async\" width=\"501\" height=\"501\" src=\"https:\/\/midas.uniba.sk\/wp-content\/uploads\/2019\/12\/obrazok_spravnej_odpovede.png\" class=\"attachment-full size-full wp-image-849\" alt=\"Ikona spr\u00e1vnej odpovede v tvare zelen\u00e9ho kruhu s bielou fajkou v strede.\" \/><\/figure><div class=\"elementor-image-box-content\"><h3 class=\"elementor-image-box-title\"><h3><span style=\"color: #249100\">Spr\u00e1vne spracovanie parafr\u00e1zy:<\/span><\/h3><br><\/h3><p class=\"elementor-image-box-description\"><span style=\"color: #000000\">P\u00f4vod obsahu slova multitasking s\u00favis\u00ed so schopnos\u0165ou <em>\u201esyst\u00e9mu (procesora) vykon\u00e1va\u0165 nieko\u013eko oper\u00e1ci\u00ed s\u00fa\u010dasne\u201c<\/em> (\u0160koda a Doul\u00edk 2011, s. 175, cit. pod\u013ea Hrdin\u00e1kov\u00e1 a\u00a0Rankov 2013), pri\u010dom ho determinujeme ako <em>\u201eparticip\u00e1ciu na dvoch alebo viacer\u00fdch \u010dinnostiach naraz\u201c<\/em> (Wang a Tchernev 2012, s. 493, cit. pod\u013ea Hrdin\u00e1kov\u00e1 a\u00a0Rankov 2013).<\/span><br><br><span style=\"font-size: 16px\">HRDIN\u00c1KOV\u00c1, \u013d. A\u00a0P. RANKOV, 2013. MEDI\u00c1LNY MULTITAKSING Media Multitasking. In: <\/span><em style=\"font-size: 16px\">ITlib<\/em><span style=\"font-size: 16px\"> [online]. Bratislava: Centrum vedecko-technick\u00fdch inform\u00e1ci\u00ed SR, 2013, <\/span><strong style=\"font-size: 16px\">2<\/strong><span style=\"font-size: 16px\">\/2013 [cit. 2019-01-12]. ISSN 1336-0779. Dostupn\u00e9 na: <\/span><a title=\"[extern\u00fd odkaz, nov\u00e9 okno]\" href=\"http:\/\/itlib.cvtisr.sk\/archiv\/2013\/2\/medialny-multitasking-media-multitasking.html?page_id=2480\" target=\"_blank\" rel=\"noopener\"><span style=\"text-decoration: underline\">http:\/\/itlib.cvtisr.sk\/archiv\/2013\/2\/medialny-multitasking-media-multitasking.html?page_id=2480<\/span><\/a><\/p><\/div><\/div>\t\t\t\t<\/div>\n\t\t\t\t<\/div>\n\t\t\t\t<div class=\"elementor-element elementor-element-3486446 elementor-widget-mobile__width-initial elementor-widget__width-inherit elementor-widget-tablet__width-inherit elementor-widget elementor-widget-text-editor\" data-id=\"3486446\" data-element_type=\"widget\" data-e-type=\"widget\" data-widget_type=\"text-editor.default\">\n\t\t\t\t<div class=\"elementor-widget-container\">\n\t\t\t\t\t\t\t\t\t<p><span style=\"color: #000000;\"><strong>BIBLIOGRAFIA<\/strong><\/span><\/p><p>AYTON, K., 2016. Top Ten Most Popular Types of Plagiarism. In: <em>PlagiarismSearch.com<\/em> [online]. 2016 [cit. 2019-01-12]. Dostupn\u00e9 na: <a title=\"[extern\u00fd odkaz, nov\u00e9 okno]\" href=\"https:\/\/plagiarismsearch.com\/blog\/top-ten-most-popular-types-of-plagiarism.html\" target=\"_blank\" rel=\"noopener\"><span style=\"text-decoration: underline;\">https:\/\/plagiarismsearch.com\/blog\/top-ten-most-popular-types-of-plagiarism.html<\/span><\/a><\/p><p>PHILLIPS, V., 2018. Types of Plagiarism &amp; Academic Cheating. In: <em>geteducated.com<\/em> [online]. \u00a9 2018 [cit. 2019-01-12]. Dostupn\u00e9 na: <a title=\"[extern\u00fd odkaz, nov\u00e9 okno]\" href=\"https:\/\/www.geteducated.com\/elearning-education-blog\/10-types-of-plagiarism-and-academic-cheating\/\" target=\"_blank\" rel=\"noopener\"><span style=\"text-decoration: underline;\">https:\/\/www.geteducated.com\/elearning-education-blog\/10-types-of-plagiarism-and-academic-cheating\/<\/span><\/a><\/p><p>Webster University, 2018. <em>Understanding Plagiarism<\/em> [online]. 2018 [cit. 2019-01-12]. Dostupn\u00e9 na: <a title=\"[extern\u00fd odkaz, nov\u00e9 okno]\" href=\"http:\/\/www.webster.edu\/academic-resource-center\/plagiarism_prevention\/understanding_plagiarism.html#understanding_top\" target=\"_blank\" rel=\"noopener\"><span style=\"text-decoration: underline;\">http:\/\/www.webster.edu\/academic-resource-center\/plagiarism_prevention\/understanding_plagiarism.html#understanding_top<\/span><\/a><\/p><p>NEWBOLD, C., 2016. <em>The Thirteen Types of Plagiarism: In order of how serous the offense<\/em> [online]. 2016 [cit. 2019-01-12]. Dostupn\u00e9 na: <a title=\"[extern\u00fd odkaz, nov\u00e9 okno]\" href=\"https:\/\/thevisualcommunicationguy.com\/2016\/08\/31\/the-thirteen-types-of-plagiarism\/\" target=\"_blank\" rel=\"noopener\"><span style=\"text-decoration: underline;\">https:\/\/thevisualcommunicationguy.com\/2016\/08\/31\/the-thirteen-types-of-plagiarism\/<\/span><\/a><\/p><p><span style=\"font-size: 16px;\">HRDIN\u00c1KOV\u00c1, \u013d. A\u00a0P. RANKOV, 2013. MEDI\u00c1LNY MULTITAKSING Media Multitasking. In: <\/span><em style=\"font-size: 16px;\">ITlib<\/em><span style=\"font-size: 16px;\"> [online]. Bratislava: Centrum vedecko-technick\u00fdch inform\u00e1ci\u00ed SR, 2013, <\/span><strong style=\"font-size: 16px;\">2<\/strong><span style=\"font-size: 16px;\">\/2013 [cit. 2019-01-12]. ISSN 1336-0779. Dostupn\u00e9 na: <a title=\"[extern\u00fd odkaz, nov\u00e9 okno]\" href=\"http:\/\/itlib.cvtisr.sk\/archiv\/2013\/2\/medialny-multitasking-media-multitasking.html?page_id=2480\" target=\"_blank\" rel=\"noopener\"><span style=\"text-decoration: underline;\">http:\/\/itlib.cvtisr.sk\/archiv\/2013\/2\/medialny-multitasking-media-multitasking.html?page_id=2480<\/span><\/a><\/span><\/p>\t\t\t\t\t\t\t\t<\/div>\n\t\t\t\t<\/div>\n\t\t\t\t\t<\/div>\n\t\t<\/div>\n\t\t\t\t\t<\/div>\n\t\t<\/section>\n\t\t\t\t<\/div>\n\t\t","protected":false},"excerpt":{"rendered":"<p>Plagi\u00e1torstvo Domov N\u00e1vrat na Typol\u00f3giu Duch text Forma plagi\u00e1torstva typu duch je charakterizovan\u00fd ako \u201enap\u00edsan\u00fd text, ktor\u00fd zah\u0155\u0148a cit\u00e1cie na neexistuj\u00face alebo nepresn\u00e9 inform\u00e1cie o\u00a0zdrojoch\u201c (Phillips 2018). Plagi\u00e1t typu duch autori vyu\u017e\u00edvaj\u00fa najm\u00e4 vtedy, ke\u010f chc\u00fa svojej pr\u00e1ci prida\u0165 na jej hodnote, kredibilite. Tento \u010din je tak nemor\u00e1lny, ako aj zav\u00e1dzaj\u00faci. Okrem toho, \u017ee \u010ditate\u013ea&#8230;<\/p>\n","protected":false},"author":1,"featured_media":0,"parent":752,"menu_order":0,"comment_status":"closed","ping_status":"closed","template":"","meta":{"_kad_post_transparent":"","_kad_post_title":"","_kad_post_layout":"","_kad_post_sidebar_id":"","_kad_post_content_style":"","_kad_post_vertical_padding":"","_kad_post_feature":"","_kad_post_feature_position":"","_kad_post_header":false,"_kad_post_footer":false,"_kad_post_classname":"","footnotes":""},"class_list":["post-882","page","type-page","status-publish","hentry"],"_links":{"self":[{"href":"https:\/\/midas.uniba.sk\/index.php?rest_route=\/wp\/v2\/pages\/882","targetHints":{"allow":["GET"]}}],"collection":[{"href":"https:\/\/midas.uniba.sk\/index.php?rest_route=\/wp\/v2\/pages"}],"about":[{"href":"https:\/\/midas.uniba.sk\/index.php?rest_route=\/wp\/v2\/types\/page"}],"author":[{"embeddable":true,"href":"https:\/\/midas.uniba.sk\/index.php?rest_route=\/wp\/v2\/users\/1"}],"replies":[{"embeddable":true,"href":"https:\/\/midas.uniba.sk\/index.php?rest_route=%2Fwp%2Fv2%2Fcomments&post=882"}],"version-history":[{"count":49,"href":"https:\/\/midas.uniba.sk\/index.php?rest_route=\/wp\/v2\/pages\/882\/revisions"}],"predecessor-version":[{"id":4822,"href":"https:\/\/midas.uniba.sk\/index.php?rest_route=\/wp\/v2\/pages\/882\/revisions\/4822"}],"up":[{"embeddable":true,"href":"https:\/\/midas.uniba.sk\/index.php?rest_route=\/wp\/v2\/pages\/752"}],"wp:attachment":[{"href":"https:\/\/midas.uniba.sk\/index.php?rest_route=%2Fwp%2Fv2%2Fmedia&parent=882"}],"curies":[{"name":"wp","href":"https:\/\/api.w.org\/{rel}","templated":true}]}}