{"id":871,"date":"2019-12-11T07:56:01","date_gmt":"2019-12-11T06:56:01","guid":{"rendered":"https:\/\/midas.uniba.sk\/?page_id=871"},"modified":"2025-09-17T16:45:47","modified_gmt":"2025-09-17T14:45:47","slug":"zaluzie-text","status":"publish","type":"page","link":"https:\/\/midas.uniba.sk\/?page_id=871","title":{"rendered":"\u017dal\u00fazie Text"},"content":{"rendered":"\t\t<div data-elementor-type=\"wp-page\" data-elementor-id=\"871\" class=\"elementor elementor-871\">\n\t\t\t\t\t\t<header class=\"elementor-section elementor-top-section elementor-element elementor-element-5157cffa elementor-section-height-min-height elementor-section-items-top elementor-section-content-middle elementor-section-boxed elementor-section-height-default\" data-id=\"5157cffa\" data-element_type=\"section\" data-e-type=\"section\" data-settings=\"{&quot;background_background&quot;:&quot;classic&quot;,&quot;shape_divider_top&quot;:&quot;curve-asymmetrical&quot;,&quot;shape_divider_bottom&quot;:&quot;curve-asymmetrical&quot;,&quot;shape_divider_bottom_negative&quot;:&quot;yes&quot;}\">\n\t\t\t\t\t<div class=\"elementor-shape elementor-shape-top\" aria-hidden=\"true\" data-negative=\"false\">\n\t\t\t<svg xmlns=\"http:\/\/www.w3.org\/2000\/svg\" viewBox=\"0 0 1000 100\" preserveAspectRatio=\"none\">\n\t<path class=\"elementor-shape-fill\" d=\"M0,0c0,0,0,6,0,6.7c0,18,240.2,93.6,615.2,92.6C989.8,98.5,1000,25,1000,6.7c0-0.7,0-6.7,0-6.7H0z\"\/>\n<\/svg>\t\t<\/div>\n\t\t\t\t<div class=\"elementor-shape elementor-shape-bottom\" aria-hidden=\"true\" data-negative=\"true\">\n\t\t\t<svg xmlns=\"http:\/\/www.w3.org\/2000\/svg\" viewBox=\"0 0 1000 100\" preserveAspectRatio=\"none\">\n\t<path class=\"elementor-shape-fill\" d=\"M615.2,96.7C240.2,97.8,0,18.9,0,0v100h1000V0C1000,19.2,989.8,96,615.2,96.7z\"\/>\n<\/svg>\t\t<\/div>\n\t\t\t\t\t<div class=\"elementor-container elementor-column-gap-no\">\n\t\t\t\t\t<div class=\"elementor-column elementor-col-100 elementor-top-column elementor-element elementor-element-72eaba19\" data-id=\"72eaba19\" data-element_type=\"column\" data-e-type=\"column\">\n\t\t\t<div class=\"elementor-widget-wrap elementor-element-populated\">\n\t\t\t\t\t\t<div class=\"elementor-element elementor-element-5d6e2f8b elementor-widget__width-inherit elementor-widget-tablet__width-inherit elementor-widget-mobile__width-initial elementor-widget elementor-widget-heading\" data-id=\"5d6e2f8b\" data-element_type=\"widget\" data-e-type=\"widget\" data-widget_type=\"heading.default\">\n\t\t\t\t<div class=\"elementor-widget-container\">\n\t\t\t\t\t<h1 class=\"elementor-heading-title elementor-size-default\">Plagi\u00e1torstvo<\/h1>\t\t\t\t<\/div>\n\t\t\t\t<\/div>\n\t\t\t\t\t<\/div>\n\t\t<\/div>\n\t\t\t\t\t<\/div>\n\t\t<\/header>\n\t\t\t\t<section class=\"elementor-section elementor-top-section elementor-element elementor-element-bd363e5 elementor-section-content-middle elementor-section-boxed elementor-section-height-default elementor-section-height-default\" data-id=\"bd363e5\" data-element_type=\"section\" data-e-type=\"section\">\n\t\t\t\t\t\t<div class=\"elementor-container elementor-column-gap-no\">\n\t\t\t\t\t<div class=\"elementor-column elementor-col-100 elementor-top-column elementor-element elementor-element-25d5aa48\" data-id=\"25d5aa48\" data-element_type=\"column\" data-e-type=\"column\" data-settings=\"{&quot;background_background&quot;:&quot;classic&quot;}\">\n\t\t\t<div class=\"elementor-widget-wrap elementor-element-populated\">\n\t\t\t\t\t\t<div class=\"elementor-element elementor-element-6fa5697d elementor-widget__width-inherit elementor-widget-tablet__width-inherit elementor-widget-mobile__width-initial elementor-widget elementor-widget-hfe-breadcrumbs-widget\" data-id=\"6fa5697d\" data-element_type=\"widget\" data-e-type=\"widget\" data-widget_type=\"hfe-breadcrumbs-widget.default\">\n\t\t\t\t<div class=\"elementor-widget-container\">\n\t\t\t\t\t<nav aria-label=\"Breadcrumb\"><ul class=\"hfe-breadcrumbs hfe-breadcrumbs-show-home\"><li class=\"hfe-breadcrumbs-item hfe-breadcrumbs-first\"><span class=\"hfe-breadcrumbs-home-icon\"><i aria-hidden=\"true\" class=\"fas fa-home\"><\/i><\/span><a href=\"https:\/\/midas.uniba.sk\"><span class=\"hfe-breadcrumbs-text\">Domov<\/span><\/a><\/li><\/ul><\/nav>\t\t\t\t<\/div>\n\t\t\t\t<\/div>\n\t\t\t\t\t<\/div>\n\t\t<\/div>\n\t\t\t\t\t<\/div>\n\t\t<\/section>\n\t\t\t\t<section class=\"elementor-section elementor-top-section elementor-element elementor-element-7d2e3473 elementor-section-content-middle elementor-section-boxed elementor-section-height-default elementor-section-height-default\" data-id=\"7d2e3473\" data-element_type=\"section\" data-e-type=\"section\">\n\t\t\t\t\t\t<div class=\"elementor-container elementor-column-gap-no\">\n\t\t\t\t\t<div class=\"elementor-column elementor-col-100 elementor-top-column elementor-element elementor-element-29ca2872\" data-id=\"29ca2872\" data-element_type=\"column\" data-e-type=\"column\">\n\t\t\t<div class=\"elementor-widget-wrap elementor-element-populated\">\n\t\t\t\t\t\t<div class=\"elementor-element elementor-element-2a6bb6b2 elementor-align-left elementor-widget__width-inherit elementor-widget-tablet__width-inherit elementor-widget-mobile__width-initial elementor-widget elementor-widget-button\" data-id=\"2a6bb6b2\" data-element_type=\"widget\" data-e-type=\"widget\" data-widget_type=\"button.default\">\n\t\t\t\t<div class=\"elementor-widget-container\">\n\t\t\t\t\t\t\t\t\t<div class=\"elementor-button-wrapper\">\n\t\t\t\t\t<a class=\"elementor-button elementor-button-link elementor-size-sm\" href=\"https:\/\/midas.uniba.sk\/?page_id=752\">\n\t\t\t\t\t\t<span class=\"elementor-button-content-wrapper\">\n\t\t\t\t\t\t<span class=\"elementor-button-icon\">\n\t\t\t\t<i aria-hidden=\"true\" class=\"fas fa-arrow-left\"><\/i>\t\t\t<\/span>\n\t\t\t\t\t\t\t\t\t<span class=\"elementor-button-text\">N\u00e1vrat na Typol\u00f3giu<\/span>\n\t\t\t\t\t<\/span>\n\t\t\t\t\t<\/a>\n\t\t\t\t<\/div>\n\t\t\t\t\t\t\t\t<\/div>\n\t\t\t\t<\/div>\n\t\t\t\t\t<\/div>\n\t\t<\/div>\n\t\t\t\t\t<\/div>\n\t\t<\/section>\n\t\t\t\t<section class=\"elementor-section elementor-top-section elementor-element elementor-element-1117bcbf elementor-section-content-middle elementor-section-boxed elementor-section-height-default elementor-section-height-default\" data-id=\"1117bcbf\" data-element_type=\"section\" data-e-type=\"section\">\n\t\t\t\t\t\t<div class=\"elementor-container elementor-column-gap-no\">\n\t\t\t\t\t<div class=\"elementor-column elementor-col-100 elementor-top-column elementor-element elementor-element-5513f3a7\" data-id=\"5513f3a7\" data-element_type=\"column\" data-e-type=\"column\">\n\t\t\t<div class=\"elementor-widget-wrap elementor-element-populated\">\n\t\t\t\t\t\t<div class=\"elementor-element elementor-element-678812ec elementor-hidden-tablet elementor-hidden-mobile elementor-widget__width-inherit elementor-widget-divider--view-line elementor-widget elementor-widget-divider\" data-id=\"678812ec\" data-element_type=\"widget\" data-e-type=\"widget\" data-widget_type=\"divider.default\">\n\t\t\t\t<div class=\"elementor-widget-container\">\n\t\t\t\t\t\t\t<div class=\"elementor-divider\">\n\t\t\t<span class=\"elementor-divider-separator\">\n\t\t\t\t\t\t<\/span>\n\t\t<\/div>\n\t\t\t\t\t\t<\/div>\n\t\t\t\t<\/div>\n\t\t\t\t<div class=\"elementor-element elementor-element-43e13ef elementor-widget__width-inherit elementor-widget-tablet__width-inherit elementor-widget-mobile__width-initial elementor-widget elementor-widget-heading\" data-id=\"43e13ef\" data-element_type=\"widget\" data-e-type=\"widget\" data-widget_type=\"heading.default\">\n\t\t\t\t<div class=\"elementor-widget-container\">\n\t\t\t\t\t<h2 class=\"elementor-heading-title elementor-size-default\">\u017dal\u00fazie text<\/h2>\t\t\t\t<\/div>\n\t\t\t\t<\/div>\n\t\t\t\t<div class=\"elementor-element elementor-element-1e23ab1 elementor-position-left elementor-widget-mobile__width-initial elementor-widget__width-inherit elementor-widget-tablet__width-inherit elementor-vertical-align-top elementor-widget elementor-widget-image-box\" data-id=\"1e23ab1\" data-element_type=\"widget\" data-e-type=\"widget\" data-widget_type=\"image-box.default\">\n\t\t\t\t<div class=\"elementor-widget-container\">\n\t\t\t\t\t<div class=\"elementor-image-box-wrapper\"><figure class=\"elementor-image-box-img\"><img fetchpriority=\"high\" decoding=\"async\" width=\"1000\" height=\"1000\" src=\"https:\/\/midas.uniba.sk\/wp-content\/uploads\/2025\/09\/MaIG-zaluzie.png\" class=\"attachment-full size-full wp-image-4552\" alt=\"\u010cerveno-biela \u017eal\u00fazia zn\u00e1zor\u0148uj\u00faca plagi\u00e1t typu \u017eal\u00fazie.\" srcset=\"https:\/\/midas.uniba.sk\/wp-content\/uploads\/2025\/09\/MaIG-zaluzie.png 1000w, https:\/\/midas.uniba.sk\/wp-content\/uploads\/2025\/09\/MaIG-zaluzie-300x300.png 300w, https:\/\/midas.uniba.sk\/wp-content\/uploads\/2025\/09\/MaIG-zaluzie-150x150.png 150w, https:\/\/midas.uniba.sk\/wp-content\/uploads\/2025\/09\/MaIG-zaluzie-768x768.png 768w\" sizes=\"(max-width: 1000px) 100vw, 1000px\" \/><\/figure><div class=\"elementor-image-box-content\"><p class=\"elementor-image-box-description\"><span style=\"color: #000000\">Plagi\u00e1t typu <strong>\u017eal\u00fazie<\/strong> je charakterizovan\u00fd ako <em>\u201ep\u00edsomn\u00e1 \u010das\u0165 pr\u00e1ce, ktor\u00e1 obsahuje zna\u010dn\u00e9 \u010dasti textu z&nbsp;jedn\u00e9ho zdroja\u201c<\/em> (Phillips 2018) <em>\u201es minim\u00e1lnymi zmenami. Ide takmer o&nbsp;\u00fapln\u00fd klon\u201c<\/em> (Ayton 2016) origin\u00e1lneho textu, ktor\u00fd je nap\u00edsan\u00fd bez <em>\u201e\u00favodzoviek alebo cit\u00e1cie\u201c<\/em> (Webster University 2018).<\/span><br><br><span style=\"color: #000000\">\u0160tudenti, \u010di in\u00ed autori, pri p\u00edsan\u00ed pr\u00e1c \u010dasto pozmenia len p\u00e1r slov v\u00a0r\u00e1mci origin\u00e1lneho textu a\u00a0prezentuj\u00fa ho ako vlastn\u00fd. Dokonca aj v\u00a0pr\u00edpade, ke\u010f presn\u00e9 znenie viet daj\u00fa do <strong>\u00favodzoviek<\/strong>, a\u00a0teda upovedomia \u010ditate\u013ea, \u017ee text je prebrat\u00fd, no <strong>neuved\u00fa cit\u00e1ciu a\u00a0autora<\/strong>, od ktor\u00e9ho my\u0161lienku prebrali, je tak\u00fdto typ textu st\u00e1le pova\u017eovan\u00fd za plagi\u00e1t typu <strong>\u017eal\u00fazie<\/strong>. Tento typ plagi\u00e1tu je ve\u013emi \u010dast\u00fd. Autori textu si ve\u013eakr\u00e1t uvedomuj\u00fa, \u010doho sa dop\u00fa\u0161\u0165aj\u00fa, no robia to aj napriek tomu. Na druhej strane m\u00f4\u017ee tak\u00fdto typ plagi\u00e1tu nasta\u0165, aj ke\u010f sa urobia nedbal\u00e9 pozn\u00e1mky \u010di v\u00a0r\u00e1mci nepozornosti pri p\u00edsan\u00ed (Webster University 2018).<\/span><\/p><\/div><\/div>\t\t\t\t<\/div>\n\t\t\t\t<\/div>\n\t\t\t\t<div class=\"elementor-element elementor-element-7fe43b1 elementor-widget__width-inherit elementor-widget-tablet__width-inherit elementor-widget-mobile__width-initial elementor-widget elementor-widget-heading\" data-id=\"7fe43b1\" data-element_type=\"widget\" data-e-type=\"widget\" data-widget_type=\"heading.default\">\n\t\t\t\t<div class=\"elementor-widget-container\">\n\t\t\t\t\t<h2 class=\"elementor-heading-title elementor-size-default\">Pr\u00edklad<\/h2>\t\t\t\t<\/div>\n\t\t\t\t<\/div>\n\t\t\t\t<div class=\"elementor-element elementor-element-1748294 elementor-widget-mobile__width-initial elementor-widget__width-inherit elementor-widget-tablet__width-inherit elementor-widget elementor-widget-text-editor\" data-id=\"1748294\" data-element_type=\"widget\" data-e-type=\"widget\" data-widget_type=\"text-editor.default\">\n\t\t\t\t<div class=\"elementor-widget-container\">\n\t\t\t\t\t\t\t\t\t<p><strong>Origin\u00e1lny text:<\/strong><\/p><p><strong>\u00a0<\/strong><em>\u201eCit\u00e1t je text doslovne prebrat\u00fd z citovan\u00e9ho dokumentu. Mal by sa p\u00edsa\u0165 v \u00favodzovk\u00e1ch, resp. in\u00fdm typom p\u00edsma. V pr\u00edpade dlh\u0161\u00edch cit\u00e1tov presahuj\u00facich \u0161tyri riadky je vhodn\u00e9 cit\u00e1ty oddeli\u0165 od vlastn\u00e9ho textu, odsadi\u0165 od \u013eav\u00e9ho okraja a uvies\u0165 kurz\u00edvou. Cit\u00e1ty p\u00ed\u0161eme v jazyku textu cituj\u00faceho dokumentu, pri\u010dom sa odpor\u00fa\u010da origin\u00e1lne znenie textu vlo\u017ei\u0165 do pozn\u00e1mky pod \u010diarou. Bez \u00favodzoviek \u010di in\u00e9ho typu p\u00edsma uv\u00e1dzame prebrat\u00e9 texty, ktor\u00e9 parafr\u00e1zujeme a uv\u00e1dzame vo vlastnej interpret\u00e1cii, resp. v pr\u00edpade, ke\u010f len odkazujeme na my\u0161lienky, term\u00edny, sch\u00e9my alebo na relevantn\u00fd zdroj.\u201c<\/em> (Lichnerov\u00e1 2016, s. 10).<\/p>\t\t\t\t\t\t\t\t<\/div>\n\t\t\t\t<\/div>\n\t\t\t\t<div class=\"elementor-element elementor-element-6d4c466 elementor-position-left elementor-vertical-align-top elementor-widget-mobile__width-initial elementor-widget-tablet__width-inherit elementor-vertical-align-top elementor-widget elementor-widget-image-box\" data-id=\"6d4c466\" data-element_type=\"widget\" data-e-type=\"widget\" data-widget_type=\"image-box.default\">\n\t\t\t\t<div class=\"elementor-widget-container\">\n\t\t\t\t\t<div class=\"elementor-image-box-wrapper\"><figure class=\"elementor-image-box-img\"><img decoding=\"async\" width=\"501\" height=\"501\" src=\"https:\/\/midas.uniba.sk\/wp-content\/uploads\/2025\/08\/00_obrazok_nespravnej_odpovede.png\" class=\"attachment-full size-full wp-image-4013\" alt=\"Ikona nespr\u00e1vnej odpovede v tvare \u010derven\u00e9ho kruhu s bielym x v strede\" srcset=\"https:\/\/midas.uniba.sk\/wp-content\/uploads\/2025\/08\/00_obrazok_nespravnej_odpovede.png 501w, https:\/\/midas.uniba.sk\/wp-content\/uploads\/2025\/08\/00_obrazok_nespravnej_odpovede-300x300.png 300w, https:\/\/midas.uniba.sk\/wp-content\/uploads\/2025\/08\/00_obrazok_nespravnej_odpovede-150x150.png 150w\" sizes=\"(max-width: 501px) 100vw, 501px\" \/><\/figure><div class=\"elementor-image-box-content\"><h3 class=\"elementor-image-box-title\"><h3><span style=\"color:#9e2b2f\">Plagi\u00e1t typu \u017eal\u00fazie <\/span><span style=\"color:#000000\">(nap\u00edsan\u00fd \u00famyselne):<\/span><\/h3>\u200b<br><\/h3><p class=\"elementor-image-box-description\"><span style=\"color: #000000\"><span style=\"color: #9e2b2f\">Cit\u00e1t je text presne prebrat\u00fd z citovan\u00e9ho dokumentu. Mal by by\u0165 p\u00edsan\u00fd v \u00favodzovk\u00e1ch<\/span>, alebo odli\u0161n\u00fdm <span style=\"color: #9e2b2f\">typom p\u00edsma<\/span>. \u201eV pr\u00edpade dlh\u0161\u00edch cit\u00e1tov presahuj\u00facich \u0161tyri riadky je vhodn\u00e9 cit\u00e1ty oddeli\u0165 od vlastn\u00e9ho textu, odsadi\u0165 od \u013eav\u00e9ho okraja a uvies\u0165 kurz\u00edvou\u201c <span style=\"color: #9e2b2f\">(ch\u00fdba cit\u00e1cia)<\/span>. <span style=\"color: #c70039\"><span style=\"color: #9e2b2f\">Cit\u00e1ty p\u00ed\u0161eme<\/span> <span style=\"color: #000000\">v<\/span><\/span> re\u010di textu cituj\u00facej pr\u00e1ce, pri\u010dom odpor\u00fa\u010dame p\u00f4vodn\u00fa verziu <span style=\"color: #9e2b2f\">textu vlo\u017ei\u0165 do pozn\u00e1mky pod \u010diarou<\/span>. <span style=\"color: #9e2b2f\">Bez \u00favodzoviek<\/span> alebo inak\u0161ieho <span style=\"color: #9e2b2f\">typu p\u00edsma uv\u00e1dzame prebrat\u00e9<\/span> \u010dasti pr\u00e1ce, <span style=\"color: #9e2b2f\">ktor\u00e9 parafr\u00e1zujeme a uv\u00e1dzame<\/span> vo svojom v\u00fdklade, <span style=\"color: #9e2b2f\">resp. v pr\u00edpade, ke\u010f len odkazujeme<\/span> na idey, odborn\u00e9 pomenovania, n\u00e1\u010drtky alebo na k\u013e\u00fa\u010dov\u00fd zdroj <span style=\"color: #9e2b2f\">(ch\u00fdba cit\u00e1cia)<\/span>.\n<\/span><br><br><span style=\"color: #9e2b2f\">Ch\u00fdba zdroj.<\/span><\/p><\/div><\/div>\t\t\t\t<\/div>\n\t\t\t\t<\/div>\n\t\t\t\t<div class=\"elementor-element elementor-element-b57ec56 elementor-position-left elementor-vertical-align-top elementor-widget-mobile__width-initial elementor-widget__width-inherit elementor-widget-tablet__width-inherit elementor-vertical-align-top elementor-widget elementor-widget-image-box\" data-id=\"b57ec56\" data-element_type=\"widget\" data-e-type=\"widget\" data-widget_type=\"image-box.default\">\n\t\t\t\t<div class=\"elementor-widget-container\">\n\t\t\t\t\t<div class=\"elementor-image-box-wrapper\"><figure class=\"elementor-image-box-img\"><img decoding=\"async\" width=\"501\" height=\"501\" src=\"https:\/\/midas.uniba.sk\/wp-content\/uploads\/2019\/12\/obrazok_spravnej_odpovede.png\" class=\"attachment-full size-full wp-image-849\" alt=\"Ikona spr\u00e1vnej odpovede v tvare zelen\u00e9ho kruhu s bielou fajkou v strede.\" \/><\/figure><div class=\"elementor-image-box-content\"><h3 class=\"elementor-image-box-title\"><h3><span style=\"color: #249100\">Spr\u00e1vne spracovanie parafr\u00e1zy:<\/span><\/h3><br><\/h3><p class=\"elementor-image-box-description\"><span style=\"color: #000000\">Cit\u00e1t, inak povedan\u00fd v\u00fdsledok citovania, sa definuje ako vern\u00e9 prebratie ak\u00e9hoko\u013evek textu z in\u00e9ho autorsk\u00e9ho diela, nap\u00edsan\u00e9 v\u00a0\u00favodzovk\u00e1ch, s\u00a0uveden\u00edm konkr\u00e9tneho p\u00f4vodcu zdroja, pri\u010dom v\u00a0r\u00e1mci obsahovo ve\u013ekorysej\u0161ieho preberania textu sa odpor\u00fa\u010da cit\u00e1t <em>\u201eodsadi\u0165 od \u013eav\u00e9ho okraja a uvies\u0165 kurz\u00edvou \u2026 a p\u00f4vodn\u00fa verziu textu vlo\u017ei\u0165 do pozn\u00e1mky pod \u010diarou\u201c<\/em> (Lichnerov\u00e1 2016, s. 10)<\/span><br><br>LICHNEROV\u00c1, Lucia. P\u00edsanie a obhajoba z\u00e1vere\u010dn\u00fdch pr\u00e1c: vysoko\u0161kolsk\u00e9 skript\u00e1 pre \u0161tudentov Univerzity Komensk\u00e9ho v Bratislave [online]. Bratislava: Stimul, 2016, s. 10 [cit. 2019-01-12]. ISBN 978-80-8127-155-7. Dostupn\u00e9 na: <a title=\"[extern\u00fd odkaz, nov\u00e9 okno]\" href=\"https:\/\/fphil.uniba.sk\/fileadmin\/fif\/studium\/student\/bakalar_magister\/Pisanie_a_obhajoba_zaverecnych_prac.pdf\" target=\"_blank\" rel=\"noopener\"><span style=\"text-decoration: underline\">https:\/\/fphil.uniba.sk\/fileadmin\/fif\/studium\/student\/bakalar_magister\/Pisanie_a_obhajoba_zaverecnych_prac.pdf<\/span><\/a><\/p><\/div><\/div>\t\t\t\t<\/div>\n\t\t\t\t<\/div>\n\t\t\t\t<div class=\"elementor-element elementor-element-7b81c6b elementor-widget-mobile__width-initial elementor-widget__width-inherit elementor-widget-tablet__width-inherit elementor-widget elementor-widget-text-editor\" data-id=\"7b81c6b\" data-element_type=\"widget\" data-e-type=\"widget\" data-widget_type=\"text-editor.default\">\n\t\t\t\t<div class=\"elementor-widget-container\">\n\t\t\t\t\t\t\t\t\t<p><span style=\"color: #000000;\"><strong>BIBLIOGRAFIA<\/strong><\/span><\/p><p>AYTON, K., 2016. Top Ten Most Popular Types of Plagiarism. In: <em>PlagiarismSearch.com<\/em> [online]. 2016 [cit. 2019-01-12]. Dostupn\u00e9 na: <a title=\"[extern\u00fd odkaz, nov\u00e9 okno]\" href=\"https:\/\/plagiarismsearch.com\/blog\/top-ten-most-popular-types-of-plagiarism.html\" target=\"_blank\" rel=\"noopener\"><span style=\"text-decoration: underline;\">https:\/\/plagiarismsearch.com\/blog\/top-ten-most-popular-types-of-plagiarism.html<\/span><\/a><\/p><p>PHILLIPS, V., 2018. Types of Plagiarism &amp; Academic Cheating. In: <em>geteducated.com<\/em> [online]. \u00a9 2018 [cit. 2019-01-12]. Dostupn\u00e9 na: <a title=\"[extern\u00fd odkaz, nov\u00e9 okno]\" href=\"https:\/\/www.geteducated.com\/elearning-education-blog\/10-types-of-plagiarism-and-academic-cheating\/\" target=\"_blank\" rel=\"noopener\"><span style=\"text-decoration: underline;\">https:\/\/www.geteducated.com\/elearning-education-blog\/10-types-of-plagiarism-and-academic-cheating\/<\/span><\/a><\/p><p>Webster University, 2018. <em>Understanding Plagiarism<\/em> [online]. 2018 [cit. 2019-01-12]. Dostupn\u00e9 na: <a title=\"[extern\u00fd odkaz, nov\u00e9 okno]\" href=\"http:\/\/www.webster.edu\/academic-resource-center\/plagiarism_prevention\/understanding_plagiarism.html#understanding_top\" target=\"_blank\" rel=\"noopener\"><span style=\"text-decoration: underline;\">http:\/\/www.webster.edu\/academic-resource-center\/plagiarism_prevention\/understanding_plagiarism.html#understanding_top<\/span><\/a><\/p><p>LICHNEROV\u00c1, Lucia. P\u00edsanie a obhajoba z\u00e1vere\u010dn\u00fdch pr\u00e1c: vysoko\u0161kolsk\u00e9 skript\u00e1 pre \u0161tudentov Univerzity Komensk\u00e9ho v Bratislave [online]. Bratislava: Stimul, 2016, s. 10 [cit. 2019-01-12]. ISBN 978-80-8127-155-7. Dostupn\u00e9 na: <a title=\"[extern\u00fd odkaz, nov\u00e9 okno]\" href=\"https:\/\/fphil.uniba.sk\/fileadmin\/fif\/studium\/student\/bakalar_magister\/Pisanie_a_obhajoba_zaverecnych_prac.pdf\" target=\"_blank\" rel=\"noopener\"><span style=\"text-decoration: underline;\">https:\/\/fphil.uniba.sk\/fileadmin\/fif\/studium\/student\/bakalar_magister\/Pisanie_a_obhajoba_zaverecnych_prac.pdf<\/span><\/a><\/p>\t\t\t\t\t\t\t\t<\/div>\n\t\t\t\t<\/div>\n\t\t\t\t\t<\/div>\n\t\t<\/div>\n\t\t\t\t\t<\/div>\n\t\t<\/section>\n\t\t\t\t<\/div>\n\t\t","protected":false},"excerpt":{"rendered":"<p>Plagi\u00e1torstvo Domov N\u00e1vrat na Typol\u00f3giu \u017dal\u00fazie text Plagi\u00e1t typu \u017eal\u00fazie je charakterizovan\u00fd ako \u201ep\u00edsomn\u00e1 \u010das\u0165 pr\u00e1ce, ktor\u00e1 obsahuje zna\u010dn\u00e9 \u010dasti textu z&nbsp;jedn\u00e9ho zdroja\u201c (Phillips 2018) \u201es minim\u00e1lnymi zmenami. Ide takmer o&nbsp;\u00fapln\u00fd klon\u201c (Ayton 2016) origin\u00e1lneho textu, ktor\u00fd je nap\u00edsan\u00fd bez \u201e\u00favodzoviek alebo cit\u00e1cie\u201c (Webster University 2018). \u0160tudenti, \u010di in\u00ed autori, pri p\u00edsan\u00ed pr\u00e1c \u010dasto pozmenia&#8230;<\/p>\n","protected":false},"author":1,"featured_media":0,"parent":752,"menu_order":0,"comment_status":"closed","ping_status":"closed","template":"","meta":{"_kad_post_transparent":"","_kad_post_title":"","_kad_post_layout":"","_kad_post_sidebar_id":"","_kad_post_content_style":"","_kad_post_vertical_padding":"","_kad_post_feature":"","_kad_post_feature_position":"","_kad_post_header":false,"_kad_post_footer":false,"_kad_post_classname":"","footnotes":""},"class_list":["post-871","page","type-page","status-publish","hentry"],"_links":{"self":[{"href":"https:\/\/midas.uniba.sk\/index.php?rest_route=\/wp\/v2\/pages\/871","targetHints":{"allow":["GET"]}}],"collection":[{"href":"https:\/\/midas.uniba.sk\/index.php?rest_route=\/wp\/v2\/pages"}],"about":[{"href":"https:\/\/midas.uniba.sk\/index.php?rest_route=\/wp\/v2\/types\/page"}],"author":[{"embeddable":true,"href":"https:\/\/midas.uniba.sk\/index.php?rest_route=\/wp\/v2\/users\/1"}],"replies":[{"embeddable":true,"href":"https:\/\/midas.uniba.sk\/index.php?rest_route=%2Fwp%2Fv2%2Fcomments&post=871"}],"version-history":[{"count":10,"href":"https:\/\/midas.uniba.sk\/index.php?rest_route=\/wp\/v2\/pages\/871\/revisions"}],"predecessor-version":[{"id":4808,"href":"https:\/\/midas.uniba.sk\/index.php?rest_route=\/wp\/v2\/pages\/871\/revisions\/4808"}],"up":[{"embeddable":true,"href":"https:\/\/midas.uniba.sk\/index.php?rest_route=\/wp\/v2\/pages\/752"}],"wp:attachment":[{"href":"https:\/\/midas.uniba.sk\/index.php?rest_route=%2Fwp%2Fv2%2Fmedia&parent=871"}],"curies":[{"name":"wp","href":"https:\/\/api.w.org\/{rel}","templated":true}]}}