{"id":847,"date":"2019-12-09T08:38:33","date_gmt":"2019-12-09T07:38:33","guid":{"rendered":"https:\/\/midas.uniba.sk\/?page_id=847"},"modified":"2025-09-17T17:22:05","modified_gmt":"2025-09-17T15:22:05","slug":"maskovanie-text","status":"publish","type":"page","link":"https:\/\/midas.uniba.sk\/?page_id=847","title":{"rendered":"Maskovanie Text"},"content":{"rendered":"\t\t<div data-elementor-type=\"wp-page\" data-elementor-id=\"847\" class=\"elementor elementor-847\">\n\t\t\t\t\t\t<header class=\"elementor-section elementor-top-section elementor-element elementor-element-6aa446d8 elementor-section-height-min-height elementor-section-items-top elementor-section-content-middle elementor-section-boxed elementor-section-height-default\" data-id=\"6aa446d8\" data-element_type=\"section\" data-e-type=\"section\" data-settings=\"{&quot;background_background&quot;:&quot;classic&quot;,&quot;shape_divider_top&quot;:&quot;curve-asymmetrical&quot;,&quot;shape_divider_bottom&quot;:&quot;curve-asymmetrical&quot;,&quot;shape_divider_bottom_negative&quot;:&quot;yes&quot;}\">\n\t\t\t\t\t<div class=\"elementor-shape elementor-shape-top\" aria-hidden=\"true\" data-negative=\"false\">\n\t\t\t<svg xmlns=\"http:\/\/www.w3.org\/2000\/svg\" viewBox=\"0 0 1000 100\" preserveAspectRatio=\"none\">\n\t<path class=\"elementor-shape-fill\" d=\"M0,0c0,0,0,6,0,6.7c0,18,240.2,93.6,615.2,92.6C989.8,98.5,1000,25,1000,6.7c0-0.7,0-6.7,0-6.7H0z\"\/>\n<\/svg>\t\t<\/div>\n\t\t\t\t<div class=\"elementor-shape elementor-shape-bottom\" aria-hidden=\"true\" data-negative=\"true\">\n\t\t\t<svg xmlns=\"http:\/\/www.w3.org\/2000\/svg\" viewBox=\"0 0 1000 100\" preserveAspectRatio=\"none\">\n\t<path class=\"elementor-shape-fill\" d=\"M615.2,96.7C240.2,97.8,0,18.9,0,0v100h1000V0C1000,19.2,989.8,96,615.2,96.7z\"\/>\n<\/svg>\t\t<\/div>\n\t\t\t\t\t<div class=\"elementor-container elementor-column-gap-no\">\n\t\t\t\t\t<div class=\"elementor-column elementor-col-100 elementor-top-column elementor-element elementor-element-66efc57f\" data-id=\"66efc57f\" data-element_type=\"column\" data-e-type=\"column\">\n\t\t\t<div class=\"elementor-widget-wrap elementor-element-populated\">\n\t\t\t\t\t\t<div class=\"elementor-element elementor-element-6a630a7a elementor-widget__width-inherit elementor-widget-tablet__width-inherit elementor-widget-mobile__width-initial elementor-widget elementor-widget-heading\" data-id=\"6a630a7a\" data-element_type=\"widget\" data-e-type=\"widget\" data-widget_type=\"heading.default\">\n\t\t\t\t<div class=\"elementor-widget-container\">\n\t\t\t\t\t<h1 class=\"elementor-heading-title elementor-size-default\">Plagi\u00e1torstvo<\/h1>\t\t\t\t<\/div>\n\t\t\t\t<\/div>\n\t\t\t\t\t<\/div>\n\t\t<\/div>\n\t\t\t\t\t<\/div>\n\t\t<\/header>\n\t\t\t\t<section class=\"elementor-section elementor-top-section elementor-element elementor-element-95c5e65 elementor-section-content-middle elementor-section-boxed elementor-section-height-default elementor-section-height-default\" data-id=\"95c5e65\" data-element_type=\"section\" data-e-type=\"section\">\n\t\t\t\t\t\t<div class=\"elementor-container elementor-column-gap-no\">\n\t\t\t\t\t<div class=\"elementor-column elementor-col-100 elementor-top-column elementor-element elementor-element-4fda0c82\" data-id=\"4fda0c82\" data-element_type=\"column\" data-e-type=\"column\" data-settings=\"{&quot;background_background&quot;:&quot;classic&quot;}\">\n\t\t\t<div class=\"elementor-widget-wrap elementor-element-populated\">\n\t\t\t\t\t\t<div class=\"elementor-element elementor-element-5143c84b elementor-widget__width-inherit elementor-widget-tablet__width-inherit elementor-widget-mobile__width-initial elementor-widget elementor-widget-hfe-breadcrumbs-widget\" data-id=\"5143c84b\" data-element_type=\"widget\" data-e-type=\"widget\" data-widget_type=\"hfe-breadcrumbs-widget.default\">\n\t\t\t\t<div class=\"elementor-widget-container\">\n\t\t\t\t\t<nav aria-label=\"Breadcrumb\"><ul class=\"hfe-breadcrumbs hfe-breadcrumbs-show-home\"><li class=\"hfe-breadcrumbs-item hfe-breadcrumbs-first\"><span class=\"hfe-breadcrumbs-home-icon\"><i aria-hidden=\"true\" class=\"fas fa-home\"><\/i><\/span><a href=\"https:\/\/midas.uniba.sk\"><span class=\"hfe-breadcrumbs-text\">Domov<\/span><\/a><\/li><\/ul><\/nav>\t\t\t\t<\/div>\n\t\t\t\t<\/div>\n\t\t\t\t\t<\/div>\n\t\t<\/div>\n\t\t\t\t\t<\/div>\n\t\t<\/section>\n\t\t\t\t<section class=\"elementor-section elementor-top-section elementor-element elementor-element-2857b557 elementor-section-content-middle elementor-section-boxed elementor-section-height-default elementor-section-height-default\" data-id=\"2857b557\" data-element_type=\"section\" data-e-type=\"section\">\n\t\t\t\t\t\t<div class=\"elementor-container elementor-column-gap-no\">\n\t\t\t\t\t<div class=\"elementor-column elementor-col-100 elementor-top-column elementor-element elementor-element-6ef1646a\" data-id=\"6ef1646a\" data-element_type=\"column\" data-e-type=\"column\">\n\t\t\t<div class=\"elementor-widget-wrap elementor-element-populated\">\n\t\t\t\t\t\t<div class=\"elementor-element elementor-element-4462ecca elementor-align-left elementor-widget__width-inherit elementor-widget-tablet__width-inherit elementor-widget-mobile__width-initial elementor-widget elementor-widget-button\" data-id=\"4462ecca\" data-element_type=\"widget\" data-e-type=\"widget\" data-widget_type=\"button.default\">\n\t\t\t\t<div class=\"elementor-widget-container\">\n\t\t\t\t\t\t\t\t\t<div class=\"elementor-button-wrapper\">\n\t\t\t\t\t<a class=\"elementor-button elementor-button-link elementor-size-sm\" href=\"https:\/\/midas.uniba.sk\/?page_id=752\">\n\t\t\t\t\t\t<span class=\"elementor-button-content-wrapper\">\n\t\t\t\t\t\t<span class=\"elementor-button-icon\">\n\t\t\t\t<i aria-hidden=\"true\" class=\"fas fa-arrow-left\"><\/i>\t\t\t<\/span>\n\t\t\t\t\t\t\t\t\t<span class=\"elementor-button-text\">N\u00e1vrat na Typol\u00f3giu<\/span>\n\t\t\t\t\t<\/span>\n\t\t\t\t\t<\/a>\n\t\t\t\t<\/div>\n\t\t\t\t\t\t\t\t<\/div>\n\t\t\t\t<\/div>\n\t\t\t\t\t<\/div>\n\t\t<\/div>\n\t\t\t\t\t<\/div>\n\t\t<\/section>\n\t\t\t\t<section class=\"elementor-section elementor-top-section elementor-element elementor-element-68cf483 elementor-section-content-middle elementor-section-boxed elementor-section-height-default elementor-section-height-default\" data-id=\"68cf483\" data-element_type=\"section\" data-e-type=\"section\">\n\t\t\t\t\t\t<div class=\"elementor-container elementor-column-gap-no\">\n\t\t\t\t\t<div class=\"elementor-column elementor-col-100 elementor-top-column elementor-element elementor-element-d7e45d5\" data-id=\"d7e45d5\" data-element_type=\"column\" data-e-type=\"column\">\n\t\t\t<div class=\"elementor-widget-wrap elementor-element-populated\">\n\t\t\t\t\t\t<div class=\"elementor-element elementor-element-599580f3 elementor-hidden-tablet elementor-hidden-mobile elementor-widget__width-inherit elementor-widget-divider--view-line elementor-widget elementor-widget-divider\" data-id=\"599580f3\" data-element_type=\"widget\" data-e-type=\"widget\" data-widget_type=\"divider.default\">\n\t\t\t\t<div class=\"elementor-widget-container\">\n\t\t\t\t\t\t\t<div class=\"elementor-divider\">\n\t\t\t<span class=\"elementor-divider-separator\">\n\t\t\t\t\t\t<\/span>\n\t\t<\/div>\n\t\t\t\t\t\t<\/div>\n\t\t\t\t<\/div>\n\t\t\t\t<div class=\"elementor-element elementor-element-12cbb1be elementor-widget-mobile__width-initial elementor-widget__width-inherit elementor-widget-tablet__width-inherit elementor-widget elementor-widget-heading\" data-id=\"12cbb1be\" data-element_type=\"widget\" data-e-type=\"widget\" data-widget_type=\"heading.default\">\n\t\t\t\t<div class=\"elementor-widget-container\">\n\t\t\t\t\t<h2 class=\"elementor-heading-title elementor-size-default\">Maskovanie text<\/h2>\t\t\t\t<\/div>\n\t\t\t\t<\/div>\n\t\t\t\t<div class=\"elementor-element elementor-element-f292aa1 elementor-position-left elementor-position-top elementor-widget-mobile__width-initial elementor-widget__width-inherit elementor-widget-tablet__width-inherit elementor-vertical-align-top elementor-widget elementor-widget-image-box\" data-id=\"f292aa1\" data-element_type=\"widget\" data-e-type=\"widget\" data-widget_type=\"image-box.default\">\n\t\t\t\t<div class=\"elementor-widget-container\">\n\t\t\t\t\t<div class=\"elementor-image-box-wrapper\"><figure class=\"elementor-image-box-img\"><img fetchpriority=\"high\" decoding=\"async\" width=\"1000\" height=\"1000\" src=\"https:\/\/midas.uniba.sk\/wp-content\/uploads\/2025\/09\/MaIG-naskovanie.png\" class=\"attachment-full size-full wp-image-4553\" alt=\"\u010cerveno-biela maska tv\u00e1re zn\u00e1zor\u0148uj\u00faca plagi\u00e1t typu maskovanie.\" srcset=\"https:\/\/midas.uniba.sk\/wp-content\/uploads\/2025\/09\/MaIG-naskovanie.png 1000w, https:\/\/midas.uniba.sk\/wp-content\/uploads\/2025\/09\/MaIG-naskovanie-300x300.png 300w, https:\/\/midas.uniba.sk\/wp-content\/uploads\/2025\/09\/MaIG-naskovanie-150x150.png 150w, https:\/\/midas.uniba.sk\/wp-content\/uploads\/2025\/09\/MaIG-naskovanie-768x768.png 768w\" sizes=\"(max-width: 1000px) 100vw, 1000px\" \/><\/figure><div class=\"elementor-image-box-content\"><p class=\"elementor-image-box-description\">Plagi\u00e1t typu\u00a0<strong>maskovanie<\/strong>\u00a0m\u00f4\u017eeme charakterizova\u0165 ako\u00a0<em>\u201ek\u013e\u00fa\u010dov\u00e9 slov\u00e1 a\u00a0fr\u00e1zy origin\u00e1lneho textu<\/em>,<em>\u00a0vymenen\u00e9 za synonym\u00e1 alebo ve\u013emi podobn\u00e9 slov\u00e1\u201c<\/em>\u00a0(Ayton 2016), ktor\u00e9\u00a0<em>\u201e<\/em>zachov\u00e1vaj\u00fa podstatu obsahu zdroja v\u00a0pr\u00e1ci\u201c (Phillips 2018).<br><br>\u0160tudenti, a nie len t\u00ed, \u010dasto ch\u00e1pu, \u017ee\u00a0<strong>doslovn\u00e9 pou\u017eitie textu<\/strong>\u00a0z n\u00e1jden\u00e9ho zdroja vy\u00fas\u0165uje k poru\u0161eniu autorsk\u00fdch pr\u00e1v. Preto sa \u010dasto sna\u017eia pou\u017ei\u0165 vlastn\u00e9 slov\u00e1, \u010di\u017ee\u00a0<strong>parafr\u00e1zova\u0165<\/strong>. Probl\u00e9m nast\u00e1va vtedy, \u017ee aj ke\u010f \u0161tudenti uved\u00fa zdroj, z ktor\u00e9ho my\u0161lienky preberaj\u00fa, pozmenia len znenie niektor\u00fdch slov, pr\u00edpadne fr\u00e1z, no zachovaj\u00fa celkov\u00fa \u0161tyliz\u00e1ciu a formul\u00e1ciu vyjadren\u00ed a kone\u010dn\u00e9 podanie my\u0161lienky. Tak\u00e9to dielo je pova\u017eovan\u00e9 za plagi\u00e1t typu\u00a0<strong>maskovanie<\/strong>\u00a0(Webster University 2018).<\/p><\/div><\/div>\t\t\t\t<\/div>\n\t\t\t\t<\/div>\n\t\t\t\t<div class=\"elementor-element elementor-element-61058eb elementor-widget-mobile__width-initial elementor-widget__width-inherit elementor-widget-tablet__width-inherit elementor-widget elementor-widget-heading\" data-id=\"61058eb\" data-element_type=\"widget\" data-e-type=\"widget\" data-widget_type=\"heading.default\">\n\t\t\t\t<div class=\"elementor-widget-container\">\n\t\t\t\t\t<h2 class=\"elementor-heading-title elementor-size-default\">Pr\u00edklad<\/h2>\t\t\t\t<\/div>\n\t\t\t\t<\/div>\n\t\t\t\t<div class=\"elementor-element elementor-element-9da2fd0 elementor-widget-mobile__width-initial elementor-widget__width-inherit elementor-widget-tablet__width-inherit elementor-widget elementor-widget-text-editor\" data-id=\"9da2fd0\" data-element_type=\"widget\" data-e-type=\"widget\" data-widget_type=\"text-editor.default\">\n\t\t\t\t<div class=\"elementor-widget-container\">\n\t\t\t\t\t\t\t\t\t<p><strong>Origin\u00e1lny text:<\/strong><\/p><p>\u00a0<em>\u201ePlagi\u00e1torstvo m\u00e1 dva z\u00e1kladn\u00e9 rozmery a to etick\u00fd a pr\u00e1vny rozmer. Ak niekto vyd\u00e1va cudziu pr\u00e1cu alebo jej \u010das\u0165 ako svoj v\u00fdtvor, zhodneme sa, je to neetick\u00e9. Pr\u00e1vny rozmer spo\u010d\u00edva v tom, \u017ee plagi\u00e1tor poru\u0161uje autorsk\u00e9 pr\u00e1va autora a m\u00f4\u017ee t\u00fdm dopusti\u0165 trestn\u00e9ho \u010dinu, v z\u00e1vislosti od z\u00e1va\u017enosti pr\u00edpadu. V pracovnom \u017eivote m\u00f4\u017ee ma\u0165 plagi\u00e1torstvo za n\u00e1sledok rozviazanie pracovn\u00e9ho pomeru (napr\u00edklad pri vykon\u00e1van\u00ed novin\u00e1rskej profesie)\u201c<\/em>\u00a0(Kvasnica, Kaveck\u00fd a\u00a0Uhr\u00e1kov\u00e1 2010).<\/p>\t\t\t\t\t\t\t\t<\/div>\n\t\t\t\t<\/div>\n\t\t\t\t<div class=\"elementor-element elementor-element-f132968 elementor-position-left elementor-position-left elementor-vertical-align-top elementor-widget-mobile__width-initial elementor-widget__width-inherit elementor-widget-tablet__width-inherit elementor-vertical-align-top elementor-widget elementor-widget-image-box\" data-id=\"f132968\" data-element_type=\"widget\" data-e-type=\"widget\" data-widget_type=\"image-box.default\">\n\t\t\t\t<div class=\"elementor-widget-container\">\n\t\t\t\t\t<div class=\"elementor-image-box-wrapper\"><figure class=\"elementor-image-box-img\"><img decoding=\"async\" width=\"501\" height=\"501\" src=\"https:\/\/midas.uniba.sk\/wp-content\/uploads\/2025\/08\/00_obrazok_nespravnej_odpovede.png\" class=\"attachment-full size-full wp-image-4013\" alt=\"Ikona nespr\u00e1vnej odpovede v tvare \u010derven\u00e9ho kruhu s bielym x v strede\" srcset=\"https:\/\/midas.uniba.sk\/wp-content\/uploads\/2025\/08\/00_obrazok_nespravnej_odpovede.png 501w, https:\/\/midas.uniba.sk\/wp-content\/uploads\/2025\/08\/00_obrazok_nespravnej_odpovede-300x300.png 300w, https:\/\/midas.uniba.sk\/wp-content\/uploads\/2025\/08\/00_obrazok_nespravnej_odpovede-150x150.png 150w\" sizes=\"(max-width: 501px) 100vw, 501px\" \/><\/figure><div class=\"elementor-image-box-content\"><h3 class=\"elementor-image-box-title\"><h3><span style=\"color:#9e2b2f\">Plagi\u00e1t typu maskovanie <\/span><span style=\"color:#000000\">(nap\u00edsan\u00fd \u00famyselne):<\/span><\/h3>\u200b<br><\/h3><p class=\"elementor-image-box-description\">Plagi\u00e1torstvo m\u00e1\u00a0<span style=\"color: #9e2b2f\">2 prim\u00e1rne dimenzie<\/span>, a to pr\u00e1vnu a\u00a0mor\u00e1lnu. Ur\u010dite\u00a0<span style=\"color: #9e2b2f\">sa v\u0161etci uznesieme<\/span>, \u017ee je nemor\u00e1lne, ak ktoko\u013evek bude\u00a0<span style=\"color: #9e2b2f\">vyd\u00e1va\u0165 pr\u00e1cu niekoho in\u00e9ho<\/span>, \u010di \u00faryvky tejto pr\u00e1ce, za svoje. Druh\u00e1,\u00a0<span style=\"color: #9e2b2f\">pr\u00e1vna dimenzia tkvie v tom<\/span>, \u017ee\u00a0<span style=\"color: #9e2b2f\">\u010dlovek vykon\u00e1vaj\u00faci plagi\u00e1torstvo\u00a0po\u0161kodzuje autorsk\u00e9 pr\u00e1va autora<\/span>, pri\u010dom pri v\u00e1\u017enej\u0161om poru\u0161en\u00ed t\u00fdchto pr\u00e1v m\u00f4\u017ee \u00eds\u0165 o\u00a0<span style=\"color: #9e2b2f\">sp\u00e1chanie trestn\u00e9ho \u010dinu<\/span>. V pr\u00e1ci m\u00f4\u017ee plagi\u00e1torstvo vyplyn\u00fa\u0165 k\u00a0<span style=\"color: #9e2b2f\">prepusteniu zamestnanca<\/span>\u00a0(napr.\u00a0<span style=\"color: #9e2b2f\">v\u00a0pr\u00e1ci novin\u00e1ra<\/span>) (Kvasnica, Kaveck\u00fd a\u00a0Uhr\u00e1kov\u00e1 2010).<br><br>KVASNICA, O., M. KAVECK\u00dd, E. UHR\u00c1KOV\u00c1, 2010. \u010co je plagi\u00e1torstvo?. In:\u00a0<em>\u00davod do vysoko\u0161kolsk\u00e9ho \u0161t\u00fadia<\/em>\u00a0[online]. Bratislava: Slovensk\u00e1 technick\u00e1 univerzita, 2010 [cit. 2019-01-12]. Dostupn\u00e9 na:\u00a0<a title=\"[extern\u00fd odkaz, nov\u00e9 okno]\" href=\"https:\/\/skola.kvasnica.info\/uvod2010\/ais\/index.html\" target=\"_blank\" rel=\"noopener\"><span style=\"text-decoration: underline\">https:\/\/skola.kvasnica.info\/uvod2010\/ais\/index.html<\/span><\/a><\/p><\/div><\/div>\t\t\t\t<\/div>\n\t\t\t\t<\/div>\n\t\t\t\t<div class=\"elementor-element elementor-element-527bcb2 elementor-position-left elementor-widget-mobile__width-initial elementor-widget__width-inherit elementor-widget-tablet__width-inherit elementor-vertical-align-top elementor-widget elementor-widget-image-box\" data-id=\"527bcb2\" data-element_type=\"widget\" data-e-type=\"widget\" data-widget_type=\"image-box.default\">\n\t\t\t\t<div class=\"elementor-widget-container\">\n\t\t\t\t\t<div class=\"elementor-image-box-wrapper\"><figure class=\"elementor-image-box-img\"><img decoding=\"async\" width=\"501\" height=\"501\" src=\"https:\/\/midas.uniba.sk\/wp-content\/uploads\/2019\/12\/obrazok_spravnej_odpovede.png\" class=\"attachment-full size-full wp-image-849\" alt=\"Ikona spr\u00e1vnej odpovede v tvare zelen\u00e9ho kruhu s bielou fajkou v strede.\" \/><\/figure><div class=\"elementor-image-box-content\"><h3 class=\"elementor-image-box-title\"><h3><span style=\"color: #249100\">Spr\u00e1vne spracovanie parafr\u00e1zy:<\/span><\/h3><br><\/h3><p class=\"elementor-image-box-description\">Plagi\u00e1torstvo vn\u00edmame v rovine pr\u00e1vnej, ktor\u00e1 spo\u010d\u00edva v po\u0161kodzovan\u00ed autorsk\u00fdch pr\u00e1v, pri\u010dom rozsah z\u00e1va\u017enosti m\u00f4\u017ee vies\u0165 k protipr\u00e1vnemu \u010dinu, a v rovine etickej, kedy ide o ak\u00fasi mravnos\u0165 vo\u010di autorovi prevy\u0161uj\u00facu platnos\u0165 z\u00e1konov (Kvasnica, Kaveck\u00fd a Uhr\u00e1kov\u00e1 2010).<br><br>KVASNICA, O., M. KAVECK\u00dd, E. UHR\u00c1KOV\u00c1, 2010. \u010co je plagi\u00e1torstvo?. In: <em>\u00davod do vysoko\u0161kolsk\u00e9ho \u0161t\u00fadia<\/em> [online]. Bratislava: Slovensk\u00e1 technick\u00e1 univerzita, 2010 [cit. 2019-01-12]. Dostupn\u00e9 na: <a title=\"[extern\u00fd odkaz, nov\u00e9 okno]\" href=\"https:\/\/skola.kvasnica.info\/uvod2010\/ais\/index.html\" target=\"_blank\" rel=\"noopener\"><span style=\"text-decoration: underline\">https:\/\/skola.kvasnica.info\/uvod2010\/ais\/index.html<\/span><\/a><\/p><\/div><\/div>\t\t\t\t<\/div>\n\t\t\t\t<\/div>\n\t\t\t\t<div class=\"elementor-element elementor-element-29def6a elementor-widget-mobile__width-initial elementor-widget__width-inherit elementor-widget-tablet__width-inherit elementor-widget elementor-widget-text-editor\" data-id=\"29def6a\" data-element_type=\"widget\" data-e-type=\"widget\" data-widget_type=\"text-editor.default\">\n\t\t\t\t<div class=\"elementor-widget-container\">\n\t\t\t\t\t\t\t\t\t<p><strong>BIBLIOGRAFIA<\/strong><\/p><p>AYTON, K., 2016. Top Ten Most Popular Types of Plagiarism. In:\u00a0<em>PlagiarismSearch.com<\/em>\u00a0[online]. 2016 [cit. 2019-01-12]. Dostupn\u00e9 na:\u00a0<a title=\"[extern\u00fd odkaz, nov\u00e9 okno] fulltext\" href=\"https:\/\/plagiarismsearch.com\/blog\/top-ten-most-popular-types-of-plagiarism.html\" target=\"_blank\" rel=\"noopener\"><span style=\"text-decoration: underline;\">https:\/\/plagiarismsearch.com\/blog\/top-ten-most-popular-types-of-plagiarism.html<\/span><\/a><\/p><p>PHILLIPS, V., 2018. Types of Plagiarism &amp; Academic Cheating. In:\u00a0<em>geteducated.com<\/em>\u00a0[online]. \u00a9 2018 [cit. 2019-01-12]. Dostupn\u00e9 na:\u00a0<a title=\"[extern\u00fd odkaz, nov\u00e9 okno] fulltext\" href=\"https:\/\/www.geteducated.com\/elearning-education-blog\/10-types-of-plagiarism-and-academic-cheating\/\" target=\"_blank\" rel=\"noopener\"><span style=\"text-decoration: underline;\">https:\/\/www.geteducated.com\/elearning-education-blog\/10-types-of-plagiarism-and-academic-cheating\/<\/span><\/a><\/p><p>Webster University, 2018.\u00a0<em>Understanding Plagiarism<\/em>\u00a0[online]. 2018 [cit. 2019-01-12]. Dostupn\u00e9 na:\u00a0<a title=\"[extern\u00fd odkaz, nov\u00e9 okno] fulltext\" href=\"http:\/\/www.webster.edu\/academic-resource-center\/plagiarism_prevention\/understanding_plagiarism.html#understanding_top\" target=\"_blank\" rel=\"noopener\"><span style=\"text-decoration: underline;\">http:\/\/www.webster.edu\/academic-resource-center\/plagiarism_prevention\/understanding_plagiarism.html#understanding_top<\/span><\/a><\/p><p>KVASNICA, O., M. KAVECK\u00dd, E. UHR\u00c1KOV\u00c1, 2010. \u010co je plagi\u00e1torstvo?. In:\u00a0<em>\u00davod do vysoko\u0161kolsk\u00e9ho \u0161t\u00fadia<\/em>\u00a0[online]. Bratislava: Slovensk\u00e1 technick\u00e1 univerzita, 2010 [cit. 2019-01-12]. Dostupn\u00e9 na:\u00a0<a title=\"[extern\u00fd odkaz, nov\u00e9 okno] fulltext\" href=\"https:\/\/skola.kvasnica.info\/uvod2010\/ais\/index.html\" target=\"_blank\" rel=\"noopener\"><span style=\"text-decoration: underline;\">https:\/\/skola.kvasnica.info\/uvod2010\/ais\/index.html<\/span><\/a><\/p>\t\t\t\t\t\t\t\t<\/div>\n\t\t\t\t<\/div>\n\t\t\t\t\t<\/div>\n\t\t<\/div>\n\t\t\t\t\t<\/div>\n\t\t<\/section>\n\t\t\t\t<\/div>\n\t\t","protected":false},"excerpt":{"rendered":"<p>Plagi\u00e1torstvo Domov N\u00e1vrat na Typol\u00f3giu Maskovanie text Plagi\u00e1t typu\u00a0maskovanie\u00a0m\u00f4\u017eeme charakterizova\u0165 ako\u00a0\u201ek\u013e\u00fa\u010dov\u00e9 slov\u00e1 a\u00a0fr\u00e1zy origin\u00e1lneho textu,\u00a0vymenen\u00e9 za synonym\u00e1 alebo ve\u013emi podobn\u00e9 slov\u00e1\u201c\u00a0(Ayton 2016), ktor\u00e9\u00a0\u201ezachov\u00e1vaj\u00fa podstatu obsahu zdroja v\u00a0pr\u00e1ci\u201c (Phillips 2018). \u0160tudenti, a nie len t\u00ed, \u010dasto ch\u00e1pu, \u017ee\u00a0doslovn\u00e9 pou\u017eitie textu\u00a0z n\u00e1jden\u00e9ho zdroja vy\u00fas\u0165uje k poru\u0161eniu autorsk\u00fdch pr\u00e1v. Preto sa \u010dasto sna\u017eia pou\u017ei\u0165 vlastn\u00e9 slov\u00e1, \u010di\u017ee\u00a0parafr\u00e1zova\u0165. Probl\u00e9m&#8230;<\/p>\n","protected":false},"author":1,"featured_media":0,"parent":752,"menu_order":0,"comment_status":"closed","ping_status":"closed","template":"","meta":{"_kad_post_transparent":"","_kad_post_title":"","_kad_post_layout":"","_kad_post_sidebar_id":"","_kad_post_content_style":"","_kad_post_vertical_padding":"","_kad_post_feature":"","_kad_post_feature_position":"","_kad_post_header":false,"_kad_post_footer":false,"_kad_post_classname":"","footnotes":""},"class_list":["post-847","page","type-page","status-publish","hentry"],"_links":{"self":[{"href":"https:\/\/midas.uniba.sk\/index.php?rest_route=\/wp\/v2\/pages\/847","targetHints":{"allow":["GET"]}}],"collection":[{"href":"https:\/\/midas.uniba.sk\/index.php?rest_route=\/wp\/v2\/pages"}],"about":[{"href":"https:\/\/midas.uniba.sk\/index.php?rest_route=\/wp\/v2\/types\/page"}],"author":[{"embeddable":true,"href":"https:\/\/midas.uniba.sk\/index.php?rest_route=\/wp\/v2\/users\/1"}],"replies":[{"embeddable":true,"href":"https:\/\/midas.uniba.sk\/index.php?rest_route=%2Fwp%2Fv2%2Fcomments&post=847"}],"version-history":[{"count":111,"href":"https:\/\/midas.uniba.sk\/index.php?rest_route=\/wp\/v2\/pages\/847\/revisions"}],"predecessor-version":[{"id":4829,"href":"https:\/\/midas.uniba.sk\/index.php?rest_route=\/wp\/v2\/pages\/847\/revisions\/4829"}],"up":[{"embeddable":true,"href":"https:\/\/midas.uniba.sk\/index.php?rest_route=\/wp\/v2\/pages\/752"}],"wp:attachment":[{"href":"https:\/\/midas.uniba.sk\/index.php?rest_route=%2Fwp%2Fv2%2Fmedia&parent=847"}],"curies":[{"name":"wp","href":"https:\/\/api.w.org\/{rel}","templated":true}]}}