{"id":5348,"date":"2025-10-17T15:20:09","date_gmt":"2025-10-17T13:20:09","guid":{"rendered":"https:\/\/midas.uniba.sk\/?page_id=5348"},"modified":"2025-10-17T15:20:57","modified_gmt":"2025-10-17T13:20:57","slug":"o-portali","status":"publish","type":"page","link":"https:\/\/midas.uniba.sk\/?page_id=5348","title":{"rendered":"O port\u00e1li"},"content":{"rendered":"\t\t<div data-elementor-type=\"wp-page\" data-elementor-id=\"5348\" class=\"elementor elementor-5348\">\n\t\t\t\t\t\t<header class=\"elementor-section elementor-top-section elementor-element elementor-element-71b43cb elementor-section-height-min-height elementor-section-items-top elementor-section-content-middle elementor-section-boxed elementor-section-height-default\" data-id=\"71b43cb\" data-element_type=\"section\" data-e-type=\"section\" data-settings=\"{&quot;background_background&quot;:&quot;classic&quot;,&quot;shape_divider_top&quot;:&quot;curve-asymmetrical&quot;,&quot;shape_divider_bottom&quot;:&quot;curve-asymmetrical&quot;,&quot;shape_divider_bottom_negative&quot;:&quot;yes&quot;}\">\n\t\t\t\t\t<div class=\"elementor-shape elementor-shape-top\" aria-hidden=\"true\" data-negative=\"false\">\n\t\t\t<svg xmlns=\"http:\/\/www.w3.org\/2000\/svg\" viewBox=\"0 0 1000 100\" preserveAspectRatio=\"none\">\n\t<path class=\"elementor-shape-fill\" d=\"M0,0c0,0,0,6,0,6.7c0,18,240.2,93.6,615.2,92.6C989.8,98.5,1000,25,1000,6.7c0-0.7,0-6.7,0-6.7H0z\"\/>\n<\/svg>\t\t<\/div>\n\t\t\t\t<div class=\"elementor-shape elementor-shape-bottom\" aria-hidden=\"true\" data-negative=\"true\">\n\t\t\t<svg xmlns=\"http:\/\/www.w3.org\/2000\/svg\" viewBox=\"0 0 1000 100\" preserveAspectRatio=\"none\">\n\t<path class=\"elementor-shape-fill\" d=\"M615.2,96.7C240.2,97.8,0,18.9,0,0v100h1000V0C1000,19.2,989.8,96,615.2,96.7z\"\/>\n<\/svg>\t\t<\/div>\n\t\t\t\t\t<div class=\"elementor-container elementor-column-gap-no\">\n\t\t\t\t\t<div class=\"elementor-column elementor-col-100 elementor-top-column elementor-element elementor-element-40a132e2\" data-id=\"40a132e2\" data-element_type=\"column\" data-e-type=\"column\">\n\t\t\t<div class=\"elementor-widget-wrap elementor-element-populated\">\n\t\t\t\t\t\t<div class=\"elementor-element elementor-element-383ff9e2 elementor-widget__width-inherit elementor-widget-tablet__width-inherit elementor-widget-mobile__width-initial elementor-widget elementor-widget-heading\" data-id=\"383ff9e2\" data-element_type=\"widget\" data-e-type=\"widget\" data-widget_type=\"heading.default\">\n\t\t\t\t<div class=\"elementor-widget-container\">\n\t\t\t\t\t<h1 class=\"elementor-heading-title elementor-size-default\">O port\u00e1li<\/h1>\t\t\t\t<\/div>\n\t\t\t\t<\/div>\n\t\t\t\t\t<\/div>\n\t\t<\/div>\n\t\t\t\t\t<\/div>\n\t\t<\/header>\n\t\t\t\t<section class=\"elementor-section elementor-top-section elementor-element elementor-element-d3e3ac3 elementor-section-content-middle elementor-section-boxed elementor-section-height-default elementor-section-height-default\" data-id=\"d3e3ac3\" data-element_type=\"section\" data-e-type=\"section\">\n\t\t\t\t\t\t<div class=\"elementor-container elementor-column-gap-no\">\n\t\t\t\t\t<div class=\"elementor-column elementor-col-100 elementor-top-column elementor-element elementor-element-54630ee4\" data-id=\"54630ee4\" data-element_type=\"column\" data-e-type=\"column\" data-settings=\"{&quot;background_background&quot;:&quot;classic&quot;}\">\n\t\t\t<div class=\"elementor-widget-wrap elementor-element-populated\">\n\t\t\t\t\t\t<div class=\"elementor-element elementor-element-38858bf9 elementor-widget__width-inherit elementor-widget-tablet__width-inherit elementor-widget-mobile__width-initial elementor-widget elementor-widget-hfe-breadcrumbs-widget\" data-id=\"38858bf9\" data-element_type=\"widget\" data-e-type=\"widget\" data-widget_type=\"hfe-breadcrumbs-widget.default\">\n\t\t\t\t<div class=\"elementor-widget-container\">\n\t\t\t\t\t<nav aria-label=\"Breadcrumb\"><ul class=\"hfe-breadcrumbs hfe-breadcrumbs-show-home\"><li class=\"hfe-breadcrumbs-item hfe-breadcrumbs-first\"><span class=\"hfe-breadcrumbs-home-icon\"><i aria-hidden=\"true\" class=\"fas fa-home\"><\/i><\/span><a href=\"https:\/\/midas.uniba.sk\"><span class=\"hfe-breadcrumbs-text\">Domov<\/span><\/a><\/li><\/ul><\/nav>\t\t\t\t<\/div>\n\t\t\t\t<\/div>\n\t\t\t\t\t<\/div>\n\t\t<\/div>\n\t\t\t\t\t<\/div>\n\t\t<\/section>\n\t\t\t\t<section class=\"elementor-section elementor-top-section elementor-element elementor-element-530b997f elementor-section-content-middle elementor-section-boxed elementor-section-height-default elementor-section-height-default\" data-id=\"530b997f\" data-element_type=\"section\" data-e-type=\"section\">\n\t\t\t\t\t\t<div class=\"elementor-container elementor-column-gap-no\">\n\t\t\t\t\t<div class=\"elementor-column elementor-col-100 elementor-top-column elementor-element elementor-element-389b59c0\" data-id=\"389b59c0\" data-element_type=\"column\" data-e-type=\"column\">\n\t\t\t<div class=\"elementor-widget-wrap elementor-element-populated\">\n\t\t\t\t\t\t<div class=\"elementor-element elementor-element-4cc07f68 elementor-widget__width-inherit elementor-widget-tablet__width-inherit elementor-widget-mobile__width-initial elementor-widget elementor-widget-heading\" data-id=\"4cc07f68\" data-element_type=\"widget\" data-e-type=\"widget\" data-widget_type=\"heading.default\">\n\t\t\t\t<div class=\"elementor-widget-container\">\n\t\t\t\t\t<h2 class=\"elementor-heading-title elementor-size-default\">\u010co je cie\u013eom port\u00e1lu?<\/h2>\t\t\t\t<\/div>\n\t\t\t\t<\/div>\n\t\t\t\t<div class=\"elementor-element elementor-element-25f11ab1 elementor-widget__width-inherit elementor-widget-tablet__width-inherit elementor-widget-mobile__width-initial elementor-widget elementor-widget-text-editor\" data-id=\"25f11ab1\" data-element_type=\"widget\" data-e-type=\"widget\" data-widget_type=\"text-editor.default\">\n\t\t\t\t<div class=\"elementor-widget-container\">\n\t\t\t\t\t\t\t\t\t<p><span data-teams=\"true\">MIDAS je vzdel\u00e1vac\u00ed port\u00e1l, ktor\u00e9ho cie\u013eom je rozv\u00edja\u0165 vedomosti a zru\u010dnosti v\u00a0oblasti informa\u010dnej gramotnosti a tie\u017e pr\u00edbuzn\u00fdch gramotnost\u00ed \u2013 AI, d\u00e1tovej, medi\u00e1lnej a \u010fal\u0161\u00edch. Neform\u00e1lnou cestou pribli\u017euje t\u00e9my, ktor\u00e9 m\u00f4\u017eu vyu\u017ei\u0165 pou\u017e\u00edvatelia pri \u0161t\u00fadiu (S\u0160, V\u0160),\u00a0pr\u00e1ci s\u00a0inform\u00e1ciami a\u00a0informa\u010dn\u00fdmi zdrojmi \u010di vo\u013eno\u010dasov\u00fdch aktivit\u00e1ch.<\/span><\/p>\t\t\t\t\t\t\t\t<\/div>\n\t\t\t\t<\/div>\n\t\t\t\t<div class=\"elementor-element elementor-element-6ab27d9 elementor-widget__width-inherit elementor-widget-tablet__width-inherit elementor-widget-mobile__width-initial elementor-widget elementor-widget-heading\" data-id=\"6ab27d9\" data-element_type=\"widget\" data-e-type=\"widget\" data-widget_type=\"heading.default\">\n\t\t\t\t<div class=\"elementor-widget-container\">\n\t\t\t\t\t<h2 class=\"elementor-heading-title elementor-size-default\">Kto prev\u00e1dzkuje port\u00e1l?<\/h2>\t\t\t\t<\/div>\n\t\t\t\t<\/div>\n\t\t\t\t<div class=\"elementor-element elementor-element-a258730 elementor-widget__width-inherit elementor-widget-tablet__width-inherit elementor-widget-mobile__width-initial elementor-widget elementor-widget-text-editor\" data-id=\"a258730\" data-element_type=\"widget\" data-e-type=\"widget\" data-widget_type=\"text-editor.default\">\n\t\t\t\t<div class=\"elementor-widget-container\">\n\t\t\t\t\t\t\t\t\t<p><span data-teams=\"true\">Akademick\u00e1 kni\u017enica Univerzity Komensk\u00e9ho v\u00a0Bratislave.<\/span><\/p>\t\t\t\t\t\t\t\t<\/div>\n\t\t\t\t<\/div>\n\t\t\t\t<div class=\"elementor-element elementor-element-88ac493 elementor-widget__width-inherit elementor-widget-tablet__width-inherit elementor-widget-mobile__width-initial elementor-widget elementor-widget-heading\" data-id=\"88ac493\" data-element_type=\"widget\" data-e-type=\"widget\" data-widget_type=\"heading.default\">\n\t\t\t\t<div class=\"elementor-widget-container\">\n\t\t\t\t\t<h2 class=\"elementor-heading-title elementor-size-default\">Kto sa podie\u013ea na tvorbe a zostavovan\u00ed obsahu?<\/h2>\t\t\t\t<\/div>\n\t\t\t\t<\/div>\n\t\t\t\t<div class=\"elementor-element elementor-element-f7135ea elementor-widget__width-inherit elementor-widget-tablet__width-inherit elementor-widget-mobile__width-initial elementor-widget elementor-widget-text-editor\" data-id=\"f7135ea\" data-element_type=\"widget\" data-e-type=\"widget\" data-widget_type=\"text-editor.default\">\n\t\t\t\t<div class=\"elementor-widget-container\">\n\t\t\t\t\t\t\t\t\t<p>Zamestnanci Akademickej kni\u017enice UK,\u00a0zamestnanci a\u00a0\u0161tudenti Katedry kni\u017eni\u010dnej a informa\u010dnej vedy Filozofickej fakulty UK a\u00a0v\u0161etci proakt\u00edvni pou\u017e\u00edvatelia, ktor\u00ed daj\u00fa vedie\u0165, \u010do ich zauj\u00edma, s\u00a0\u010d\u00edm potrebuj\u00fa pom\u00f4c\u0165.<\/p>\t\t\t\t\t\t\t\t<\/div>\n\t\t\t\t<\/div>\n\t\t\t\t<div class=\"elementor-element elementor-element-afe2a2f elementor-widget__width-inherit elementor-widget-tablet__width-inherit elementor-widget-mobile__width-initial elementor-widget elementor-widget-heading\" data-id=\"afe2a2f\" data-element_type=\"widget\" data-e-type=\"widget\" data-widget_type=\"heading.default\">\n\t\t\t\t<div class=\"elementor-widget-container\">\n\t\t\t\t\t<h2 class=\"elementor-heading-title elementor-size-default\">Ak\u00fd typ obsahu sa nach\u00e1dza na port\u00e1li?<\/h2>\t\t\t\t<\/div>\n\t\t\t\t<\/div>\n\t\t\t\t<div class=\"elementor-element elementor-element-e121290 elementor-widget__width-inherit elementor-widget-tablet__width-inherit elementor-widget-mobile__width-initial elementor-widget elementor-widget-text-editor\" data-id=\"e121290\" data-element_type=\"widget\" data-e-type=\"widget\" data-widget_type=\"text-editor.default\">\n\t\t\t\t<div class=\"elementor-widget-container\">\n\t\t\t\t\t\t\t\t\t<p>Teoretick\u00e9 v\u00fdklady t\u00e9m s\u00fa kombinovan\u00e9 s\u00a0praktick\u00fdmi uk\u00e1\u017ekami, pr\u00edkladmi dobrej a\u00a0zlej praxe a\u00a0autoevalua\u010dn\u00fdmi prvkami (testami, \u00falohami). Obsah je z\u00e1merne komunikovan\u00fd neform\u00e1lne, pou\u017e\u00edvate\u013esky priate\u013esk\u00fdm sp\u00f4sobom.<\/p><p>Odborn\u00fa garanciu a\u00a0redakciu zabezpe\u010duj\u00fa kni\u017eni\u010dno-informa\u010dn\u00ed pracovn\u00edci. Aktu\u00e1lnos\u0165 obsahu je pravidelne kontrolovan\u00e1, ale vzh\u013eadom na dynamiku v\u00fdvoja r\u00f4znych oblast\u00ed (najm\u00e4 AI) je potrebn\u00e9 bra\u0165 do \u00favahy, \u017ee zmeny a novinky nemusia by\u0165 na\u00a0port\u00e1li okam\u017eite zapracovan\u00e9.<\/p>\t\t\t\t\t\t\t\t<\/div>\n\t\t\t\t<\/div>\n\t\t\t\t<div class=\"elementor-element elementor-element-8f62dcf elementor-widget__width-inherit elementor-widget-tablet__width-inherit elementor-widget-mobile__width-initial elementor-widget elementor-widget-heading\" data-id=\"8f62dcf\" data-element_type=\"widget\" data-e-type=\"widget\" data-widget_type=\"heading.default\">\n\t\t\t\t<div class=\"elementor-widget-container\">\n\t\t\t\t\t<h2 class=\"elementor-heading-title elementor-size-default\">Ak\u00fdm sp\u00f4sobom mo\u017eno pou\u017ei\u0165 obsah?<\/h2>\t\t\t\t<\/div>\n\t\t\t\t<\/div>\n\t\t\t\t<div class=\"elementor-element elementor-element-91f9bf3 elementor-widget__width-inherit elementor-widget-tablet__width-inherit elementor-widget-mobile__width-initial elementor-widget elementor-widget-text-editor\" data-id=\"91f9bf3\" data-element_type=\"widget\" data-e-type=\"widget\" data-widget_type=\"text-editor.default\">\n\t\t\t\t<div class=\"elementor-widget-container\">\n\t\t\t\t\t\t\t\t\t<p><span data-teams=\"true\">Obsah je mo\u017en\u00e9 pou\u017e\u00edva\u0165 pod verejnou licenciou CC-BY (s povinnos\u0165ou uvies\u0165 zdroj).<\/span><\/p>\t\t\t\t\t\t\t\t<\/div>\n\t\t\t\t<\/div>\n\t\t\t\t\t<\/div>\n\t\t<\/div>\n\t\t\t\t\t<\/div>\n\t\t<\/section>\n\t\t\t\t<\/div>\n\t\t","protected":false},"excerpt":{"rendered":"<p>O port\u00e1li Domov \u010co je cie\u013eom port\u00e1lu? MIDAS je vzdel\u00e1vac\u00ed port\u00e1l, ktor\u00e9ho cie\u013eom je rozv\u00edja\u0165 vedomosti a zru\u010dnosti v\u00a0oblasti informa\u010dnej gramotnosti a tie\u017e pr\u00edbuzn\u00fdch gramotnost\u00ed \u2013 AI, d\u00e1tovej, medi\u00e1lnej a \u010fal\u0161\u00edch. Neform\u00e1lnou cestou pribli\u017euje t\u00e9my, ktor\u00e9 m\u00f4\u017eu vyu\u017ei\u0165 pou\u017e\u00edvatelia pri \u0161t\u00fadiu (S\u0160, V\u0160),\u00a0pr\u00e1ci s\u00a0inform\u00e1ciami a\u00a0informa\u010dn\u00fdmi zdrojmi \u010di vo\u013eno\u010dasov\u00fdch aktivit\u00e1ch. Kto prev\u00e1dzkuje port\u00e1l? Akademick\u00e1 kni\u017enica Univerzity&#8230;<\/p>\n","protected":false},"author":37,"featured_media":0,"parent":0,"menu_order":0,"comment_status":"closed","ping_status":"closed","template":"","meta":{"_kad_post_transparent":"","_kad_post_title":"hide","_kad_post_layout":"fullwidth","_kad_post_sidebar_id":"","_kad_post_content_style":"unboxed","_kad_post_vertical_padding":"hide","_kad_post_feature":"hide","_kad_post_feature_position":"","_kad_post_header":false,"_kad_post_footer":false,"_kad_post_classname":"","footnotes":""},"class_list":["post-5348","page","type-page","status-publish","hentry"],"_links":{"self":[{"href":"https:\/\/midas.uniba.sk\/index.php?rest_route=\/wp\/v2\/pages\/5348","targetHints":{"allow":["GET"]}}],"collection":[{"href":"https:\/\/midas.uniba.sk\/index.php?rest_route=\/wp\/v2\/pages"}],"about":[{"href":"https:\/\/midas.uniba.sk\/index.php?rest_route=\/wp\/v2\/types\/page"}],"author":[{"embeddable":true,"href":"https:\/\/midas.uniba.sk\/index.php?rest_route=\/wp\/v2\/users\/37"}],"replies":[{"embeddable":true,"href":"https:\/\/midas.uniba.sk\/index.php?rest_route=%2Fwp%2Fv2%2Fcomments&post=5348"}],"version-history":[{"count":5,"href":"https:\/\/midas.uniba.sk\/index.php?rest_route=\/wp\/v2\/pages\/5348\/revisions"}],"predecessor-version":[{"id":5353,"href":"https:\/\/midas.uniba.sk\/index.php?rest_route=\/wp\/v2\/pages\/5348\/revisions\/5353"}],"wp:attachment":[{"href":"https:\/\/midas.uniba.sk\/index.php?rest_route=%2Fwp%2Fv2%2Fmedia&parent=5348"}],"curies":[{"name":"wp","href":"https:\/\/api.w.org\/{rel}","templated":true}]}}