{"id":4140,"date":"2025-09-04T12:55:53","date_gmt":"2025-09-04T10:55:53","guid":{"rendered":"https:\/\/midas.uniba.sk\/?page_id=4140"},"modified":"2025-11-25T00:17:00","modified_gmt":"2025-11-24T23:17:00","slug":"domovska-stranka","status":"publish","type":"page","link":"https:\/\/midas.uniba.sk\/","title":{"rendered":"Domov"},"content":{"rendered":"\t\t<div data-elementor-type=\"wp-page\" data-elementor-id=\"4140\" class=\"elementor elementor-4140\">\n\t\t\t\t\t\t<header class=\"elementor-section elementor-top-section elementor-element elementor-element-1bec4d14 elementor-section-height-min-height elementor-section-items-top elementor-section-boxed elementor-section-height-default\" data-id=\"1bec4d14\" data-element_type=\"section\" data-e-type=\"section\" data-settings=\"{&quot;background_background&quot;:&quot;classic&quot;,&quot;shape_divider_top&quot;:&quot;curve-asymmetrical&quot;,&quot;shape_divider_bottom&quot;:&quot;curve-asymmetrical&quot;,&quot;shape_divider_bottom_negative&quot;:&quot;yes&quot;}\">\n\t\t\t\t\t<div class=\"elementor-shape elementor-shape-top\" aria-hidden=\"true\" data-negative=\"false\">\n\t\t\t<svg xmlns=\"http:\/\/www.w3.org\/2000\/svg\" viewBox=\"0 0 1000 100\" preserveAspectRatio=\"none\">\n\t<path class=\"elementor-shape-fill\" d=\"M0,0c0,0,0,6,0,6.7c0,18,240.2,93.6,615.2,92.6C989.8,98.5,1000,25,1000,6.7c0-0.7,0-6.7,0-6.7H0z\"\/>\n<\/svg>\t\t<\/div>\n\t\t\t\t<div class=\"elementor-shape elementor-shape-bottom\" aria-hidden=\"true\" data-negative=\"true\">\n\t\t\t<svg xmlns=\"http:\/\/www.w3.org\/2000\/svg\" viewBox=\"0 0 1000 100\" preserveAspectRatio=\"none\">\n\t<path class=\"elementor-shape-fill\" d=\"M615.2,96.7C240.2,97.8,0,18.9,0,0v100h1000V0C1000,19.2,989.8,96,615.2,96.7z\"\/>\n<\/svg>\t\t<\/div>\n\t\t\t\t\t<div class=\"elementor-container elementor-column-gap-default\">\n\t\t\t\t\t<div class=\"elementor-column elementor-col-100 elementor-top-column elementor-element elementor-element-c32ee25\" data-id=\"c32ee25\" data-element_type=\"column\" data-e-type=\"column\">\n\t\t\t<div class=\"elementor-widget-wrap elementor-element-populated\">\n\t\t\t\t\t\t<div class=\"elementor-element elementor-element-f967fa0 elementor-widget elementor-widget-text-editor\" data-id=\"f967fa0\" data-element_type=\"widget\" data-e-type=\"widget\" data-widget_type=\"text-editor.default\">\n\t\t\t\t<div class=\"elementor-widget-container\">\n\t\t\t\t\t\t\t\t\t<p><span data-teams=\"true\">Potrebujete \u201er\u00fdchlokurz infogeniality\u201c na efekt\u00edvnu pr\u00e1cu s inform\u00e1ciami? \u2026 ste na spr\u00e1vnom mieste.<\/span><\/p>\t\t\t\t\t\t\t\t<\/div>\n\t\t\t\t<\/div>\n\t\t\t\t\t<\/div>\n\t\t<\/div>\n\t\t\t\t\t<\/div>\n\t\t<\/header>\n\t\t\t\t<section class=\"elementor-section elementor-top-section elementor-element elementor-element-3f6aa8fb elementor-section-boxed elementor-section-height-default elementor-section-height-default\" data-id=\"3f6aa8fb\" data-element_type=\"section\" data-e-type=\"section\">\n\t\t\t\t\t\t<div class=\"elementor-container elementor-column-gap-no\">\n\t\t\t\t\t<div class=\"elementor-column elementor-col-100 elementor-top-column elementor-element elementor-element-2f711cc3\" data-id=\"2f711cc3\" data-element_type=\"column\" data-e-type=\"column\">\n\t\t\t<div class=\"elementor-widget-wrap elementor-element-populated\">\n\t\t\t\t\t\t<div class=\"elementor-element elementor-element-63f4ae3 elementor-widget__width-inherit elementor-widget-tablet__width-inherit elementor-widget-mobile__width-initial elementor-widget elementor-widget-shortcode\" data-id=\"63f4ae3\" data-element_type=\"widget\" data-e-type=\"widget\" data-widget_type=\"shortcode.default\">\n\t\t\t\t<div class=\"elementor-widget-container\">\n\t\t\t\t\t\t\t<div class=\"elementor-shortcode\"><div id=\"metaslider-id-5311\" style=\"width: 100%; margin: 0 auto;\" class=\"ml-slider-3-105-0 metaslider metaslider-flex metaslider-5311 ml-slider has-dots-nav has-carousel-mode ms-theme-clarity\" role=\"region\" aria-label=\"Zoznam t\u00e9m (\u00favodn\u00e1 str\u00e1nka)\" data-height=\"330\" data-width=\"370\">\n    <div id=\"metaslider_container_5311\">\n        <div id=\"metaslider_5311\">\n            <ul aria-live='off' class='slides'>\n                <li style=\"display: none; width: 100%;\" class=\"slide-5319 ms-image \" aria-roledescription=\"slide\" data-date=\"2025-10-16 14:33:37\" data-filename=\"MP_vyhladavanie-scaled-370x330.jpg\" data-slide-type=\"image\"><a href=\"https:\/\/midas.uniba.sk\/?page_id=217\" target=\"_self\" aria-label=\"Webov\u00e1 str\u00e1nka Vyh\u013ead\u00e1vanie inform\u00e1ci\u00ed\" class=\"metaslider_image_link\"><img fetchpriority=\"high\" decoding=\"async\" src=\"data:image\/jpeg;base64,iVBORw0KGgoAAAANSUhEUgAAACUAAAAhCAYAAABeD2IVAAAACXBIWXMAAA7EAAAOxAGVKw4bAAAAP0lEQVRYhe3OMQGAMBAAsVL\/nh8DDLfxQ6Igz8ycbe7fgS9SlVQlVUlVUpVUJVVJVVKVVCVVSVVSlVQlVa1Mve\/mAz+00MOZAAAAAElFTkSuQmCC\" height=\"330\" width=\"370\" alt=\"\u010cerven\u00fd pan\u00e1\u010dik v tvare otvorenej knihy s ve\u013ekou \u010diernou lupou na \u0161edo-bielom pozad\u00ed\" class=\"slider-5311 slide-5319 msDefaultImage\" title=\"Vyh\u013ead\u00e1vanie inform\u00e1ci\u00ed\" data-ms-src=\"https:\/\/midas.uniba.sk\/wp-content\/uploads\/2025\/11\/MP_vyhladavanie-scaled-370x330.jpg\" \/><\/a><div class=\"caption-wrap\"><div class=\"caption\"><h2><a title=\"Webov\u00e1 str\u00e1nka Vyh\u013ead\u00e1vanie inform\u00e1ci\u00ed\" href=\"https:\/\/midas.uniba.sk\/?page_id=217\"><span style=\"text-decoration:underline;\">VYH\u013dAD\u00c1VANIE INFORM\u00c1CI\u00cd<\/span><\/a><\/h2><\/div><\/div><\/li>\n                <li style=\"display: none; width: 100%;\" class=\"slide-5426 ms-image \" aria-roledescription=\"slide\" data-date=\"2025-11-24 23:20:18\" data-filename=\"MP_citovanie-scaled-370x330.jpg\" data-slide-type=\"image\"><a href=\"https:\/\/midas.uniba.sk\/?page_id=5450\" target=\"_self\" aria-label=\"Webov\u00e1 str\u00e1nka Citovanie pod\u013ea ISO 690 (2021)\" class=\"metaslider_image_link\"><img decoding=\"async\" src=\"data:image\/jpeg;base64,iVBORw0KGgoAAAANSUhEUgAAACUAAAAhCAYAAABeD2IVAAAACXBIWXMAAA7EAAAOxAGVKw4bAAAAP0lEQVRYhe3OMQGAMBAAsVL\/nh8DDLfxQ6Igz8ycbe7fgS9SlVQlVUlVUpVUJVVJVVKVVCVVSVVSlVQlVa1Mve\/mAz+00MOZAAAAAElFTkSuQmCC\" height=\"330\" width=\"370\" alt=\"\u010cerven\u00fd pan\u00e1\u010dik v tvare knihy \u017eongluj\u00faci s \u010diernymi interpunk\u010dn\u00fdmi znamienkami na \u0161edo-bielom pozad\u00ed\" class=\"slider-5311 slide-5426 msDefaultImage\" title=\"Citovanie pod\u013ea ISO 690 (2021)\" data-ms-src=\"https:\/\/midas.uniba.sk\/wp-content\/uploads\/2025\/11\/MP_citovanie-scaled-370x330.jpg\" \/><\/a><div class=\"caption-wrap\"><div class=\"caption\"><h2><span style=\"text-decoration:underline;\"><a title=\"Webov\u00e1 str\u00e1nka Citovanie pod\u013ea ISO 690 (2021)\" href=\"https:\/\/midas.uniba.sk\/?page_id=5450\">CITOVANIE POD\u013dA ISO 690 (2021)<\/a><\/span><\/h2><\/div><\/div><\/li>\n                <li style=\"display: none; width: 100%;\" class=\"slide-5425 ms-image \" aria-roledescription=\"slide\" data-date=\"2025-11-24 23:19:32\" data-filename=\"MP_plagiatorstvo-scaled-370x330.jpg\" data-slide-type=\"image\"><a href=\"https:\/\/midas.uniba.sk\/?page_id=189\" target=\"_self\" aria-label=\"Webov\u00e1 str\u00e1nka Plagi\u00e1torstvo\" class=\"metaslider_image_link\"><img decoding=\"async\" src=\"data:image\/jpeg;base64,iVBORw0KGgoAAAANSUhEUgAAACUAAAAhCAYAAABeD2IVAAAACXBIWXMAAA7EAAAOxAGVKw4bAAAAP0lEQVRYhe3OMQGAMBAAsVL\/nh8DDLfxQ6Igz8ycbe7fgS9SlVQlVUlVUpVUJVVJVVKVVCVVSVVSlVQlVa1Mve\/mAz+00MOZAAAAAElFTkSuQmCC\" height=\"330\" width=\"370\" alt=\"\u010cerven\u00fd pan\u00e1\u010dik v tvare otvorenej knihy, v pravej ruke dr\u017e\u00ed ve\u013ek\u00fa \u017eiarovku, v \u013eavej ruke dr\u017e\u00ed zna\u010dku z\u00e1kaz kop\u00edrovania, za pan\u00e1\u010dikom je postava \u010dierneho pan\u00e1\u010dika siahaj\u00faceho na \u017eiarovku na \u0161edo-bielom pozad\u00ed\" class=\"slider-5311 slide-5425 msDefaultImage\" title=\"Plagi\u00e1torstvo\" data-ms-src=\"https:\/\/midas.uniba.sk\/wp-content\/uploads\/2025\/11\/MP_plagiatorstvo-scaled-370x330.jpg\" \/><\/a><div class=\"caption-wrap\"><div class=\"caption\"><h2><a title=\"Webov\u00e1 str\u00e1nka Plagi\u00e1torstvo\" href=\"https:\/\/midas.uniba.sk\/?page_id=189\"><span style=\"text-decoration:underline;\">PLAGI\u00c1TORSTVO<\/span><\/a><\/h2><\/div><\/div><\/li>\n                <li style=\"display: none; width: 100%;\" class=\"slide-5367 ms-image \" aria-roledescription=\"slide\" data-date=\"2025-10-22 20:53:31\" data-filename=\"MP_predatorstvo-scaled-370x330.jpg\" data-slide-type=\"image\"><a href=\"https:\/\/midas.uniba.sk\/?page_id=569\" target=\"_self\" aria-label=\"Webov\u00e1 str\u00e1nka Publikovanie: nekorektn\u00e9 praktiky, pred\u00e1torstvo\" class=\"metaslider_image_link\"><img loading=\"lazy\" decoding=\"async\" src=\"data:image\/jpeg;base64,iVBORw0KGgoAAAANSUhEUgAAACUAAAAhCAYAAABeD2IVAAAACXBIWXMAAA7EAAAOxAGVKw4bAAAAP0lEQVRYhe3OMQGAMBAAsVL\/nh8DDLfxQ6Igz8ycbe7fgS9SlVQlVUlVUpVUJVVJVVKVVCVVSVVSlVQlVa1Mve\/mAz+00MOZAAAAAElFTkSuQmCC\" height=\"330\" width=\"370\" alt=\"\u010cerven\u00fd pan\u00e1\u010dik v tvare otvorenej knihy v kost\u00fdme \u017eraloka dr\u017eiaci mno\u017estvo \u010dl\u00e1nkov a symbolov eura na \u0161edo-bielom pozad\u00ed\" class=\"slider-5311 slide-5367 msDefaultImage\" title=\"Pred\u00e1torstvo\" data-ms-src=\"https:\/\/midas.uniba.sk\/wp-content\/uploads\/2025\/11\/MP_predatorstvo-scaled-370x330.jpg\" \/><\/a><div class=\"caption-wrap\"><div class=\"caption\"><h2><a title=\"Webov\u00e1 str\u00e1nka Publikovanie: nekorektn\u00e9 praktiky, pred\u00e1torstvo\" href=\"https:\/\/midas.uniba.sk\/?page_id=569\"><span style=\"text-decoration:underline;\">PRED\u00c1TORSTVO<\/span><\/a><\/h2><\/div><\/div><\/li>\n                <li style=\"display: none; width: 100%;\" class=\"slide-5317 ms-image \" aria-roledescription=\"slide\" data-date=\"2025-10-16 14:33:36\" data-filename=\"MP_hodnotenie-scaled-370x330.jpg\" data-slide-type=\"image\"><a href=\"https:\/\/midas.uniba.sk\/?page_id=220\" target=\"_self\" aria-label=\"Webov\u00e1 str\u00e1nka Hodnotenie inform\u00e1ci\u00ed\" class=\"metaslider_image_link\"><img loading=\"lazy\" decoding=\"async\" src=\"data:image\/jpeg;base64,iVBORw0KGgoAAAANSUhEUgAAACUAAAAhCAYAAABeD2IVAAAACXBIWXMAAA7EAAAOxAGVKw4bAAAAP0lEQVRYhe3OMQGAMBAAsVL\/nh8DDLfxQ6Igz8ycbe7fgS9SlVQlVUlVUpVUJVVJVVKVVCVVSVVSlVQlVa1Mve\/mAz+00MOZAAAAAElFTkSuQmCC\" height=\"330\" width=\"370\" alt=\"\u010cerven\u00fd pan\u00e1\u010dik v tvare otvorenej knihy so zdvihnut\u00fdmi palcami na \u0161edo-bielom pozad\u00ed\" class=\"slider-5311 slide-5317 msDefaultImage\" title=\"Hodnotenie inform\u00e1ci\u00ed\" data-ms-src=\"https:\/\/midas.uniba.sk\/wp-content\/uploads\/2025\/11\/MP_hodnotenie-scaled-370x330.jpg\" \/><\/a><div class=\"caption-wrap\"><div class=\"caption\"><h2><a title=\"Webov\u00e1 str\u00e1nka Hodnotenie informa\u010dn\u00fdch zdrojov\" href=\"https:\/\/midas.uniba.sk\/?page_id=220\"><span style=\"text-decoration:underline;\">HODNOTENIE INFORM\u00c1CI\u00cd<\/span><\/a><\/h2><\/div><\/div><\/li>\n                <li style=\"display: none; width: 100%;\" class=\"slide-5318 ms-image \" aria-roledescription=\"slide\" data-date=\"2025-10-16 14:33:36\" data-filename=\"MP_prezentovanie-scaled-370x330.jpg\" data-slide-type=\"image\"><a href=\"https:\/\/midas.uniba.sk\/?page_id=1112\" target=\"_self\" aria-label=\"Webov\u00e1 str\u00e1nka Ako prezentova\u0165\" class=\"metaslider_image_link\"><img loading=\"lazy\" decoding=\"async\" src=\"data:image\/jpeg;base64,iVBORw0KGgoAAAANSUhEUgAAACUAAAAhCAYAAABeD2IVAAAACXBIWXMAAA7EAAAOxAGVKw4bAAAAP0lEQVRYhe3OMQGAMBAAsVL\/nh8DDLfxQ6Igz8ycbe7fgS9SlVQlVUlVUpVUJVVJVVKVVCVVSVVSlVQlVa1Mve\/mAz+00MOZAAAAAElFTkSuQmCC\" height=\"330\" width=\"370\" alt=\"\u010cerven\u00fd pan\u00e1\u010dik v tvare otvorenej knihy oble\u010den\u00fd v \u0161edom saku s ve\u013ek\u00fdm mikrof\u00f3nom v pravej ruke a zdvihnut\u00edm ukazov\u00e1kom na \u013eavej ruke, na \u0161edo-bielom pozad\u00ed\" class=\"slider-5311 slide-5318 msDefaultImage\" title=\"Prezentovanie\" data-ms-src=\"https:\/\/midas.uniba.sk\/wp-content\/uploads\/2025\/11\/MP_prezentovanie-scaled-370x330.jpg\" \/><\/a><div class=\"caption-wrap\"><div class=\"caption\"><h2><a title=\"Webov\u00e1 str\u00e1nka Ako prezentova\u0165\" href=\"https:\/\/midas.uniba.sk\/?page_id=1112\"><span style=\"text-decoration:underline;\">PREZENTOVANIE<\/span><\/a><\/h2><\/div><\/div><\/li>\n                <li style=\"display: none; width: 100%;\" class=\"slide-5942 ms-image \" aria-roledescription=\"slide\" data-date=\"2026-02-10 09:38:19\" data-filename=\"MIDAS_Panacik_F_MULTITASKING3-scaled-370x330.jpg\" data-slide-type=\"image\"><a href=\"https:\/\/midas.uniba.sk\/?page_id=512\" target=\"_self\" aria-label=\"Webov\u00e1 str\u00e1nka Multitasking\" class=\"metaslider_image_link\"><img loading=\"lazy\" decoding=\"async\" src=\"data:image\/jpeg;base64,iVBORw0KGgoAAAANSUhEUgAAACUAAAAhCAYAAABeD2IVAAAACXBIWXMAAA7EAAAOxAGVKw4bAAAAP0lEQVRYhe3OMQGAMBAAsVL\/nh8DDLfxQ6Igz8ycbe7fgS9SlVQlVUlVUpVUJVVJVVKVVCVVSVVSlVQlVa1Mve\/mAz+00MOZAAAAAElFTkSuQmCC\" height=\"330\" width=\"370\" alt=\"\" class=\"slider-5311 slide-5942 msDefaultImage\" title=\"Multitasking\" data-ms-src=\"https:\/\/midas.uniba.sk\/wp-content\/uploads\/2026\/02\/MIDAS_Panacik_F_MULTITASKING3-scaled-370x330.jpg\" \/><\/a><div class=\"caption-wrap\"><div class=\"caption\"><h2><span style=\"text-decoration:underline;\"><a title=\"Webov\u00e1 str\u00e1nka Multitasking\" href=\"https:\/\/midas.uniba.sk\/?page_id=512\">MULTITASKING<\/a><\/span><\/h2><\/div><\/div><\/li>\n                <li style=\"display: none; width: 100%;\" class=\"slide-5939 ms-image \" aria-roledescription=\"slide\" data-date=\"2026-02-10 09:32:53\" data-filename=\"MIDAS_Panacik_F_WEB7-scaled-370x330.jpg\" data-slide-type=\"image\"><a href=\"https:\/\/midas.uniba.sk\/?page_id=1219\" target=\"_self\" aria-label=\"Webov\u00e1 str\u00e1nka U\u017eito\u010dn\u00e9 webov\u00e9 str\u00e1nky\" class=\"metaslider_image_link\"><img loading=\"lazy\" decoding=\"async\" src=\"data:image\/jpeg;base64,iVBORw0KGgoAAAANSUhEUgAAACUAAAAhCAYAAABeD2IVAAAACXBIWXMAAA7EAAAOxAGVKw4bAAAAP0lEQVRYhe3OMQGAMBAAsVL\/nh8DDLfxQ6Igz8ycbe7fgS9SlVQlVUlVUpVUJVVJVVKVVCVVSVVSlVQlVa1Mve\/mAz+00MOZAAAAAElFTkSuQmCC\" height=\"330\" width=\"370\" alt=\"\" class=\"slider-5311 slide-5939 msDefaultImage\" title=\"U\u017eito\u010dn\u00e9 webov\u00e9 str\u00e1nky\" data-ms-src=\"https:\/\/midas.uniba.sk\/wp-content\/uploads\/2026\/02\/MIDAS_Panacik_F_WEB7-scaled-370x330.jpg\" \/><\/a><div class=\"caption-wrap\"><div class=\"caption\"><h2><span style=\"text-decoration:underline;\"><a title=\"Webov\u00e1 str\u00e1nka U\u017eito\u010dn\u00e9 webov\u00e9 str\u00e1nky\" href=\"https:\/\/midas.uniba.sk\/?page_id=1219\">U\u017dITO\u010cN\u00c9 WEBOV\u00c9 STR\u00c1NKY<\/a><\/span><\/h2><\/div><\/div><\/li>\n                <li style=\"display: none; width: 100%;\" class=\"slide-5943 ms-image \" aria-roledescription=\"slide\" data-date=\"2026-02-10 09:41:42\" data-filename=\"MIDAS_Panacik_kniznica-scaled-370x330.jpg\" data-slide-type=\"image\"><a href=\"https:\/\/midas.uniba.sk\/?page_id=488\" target=\"_self\" aria-label=\"Webov\u00e1 str\u00e1nka Kni\u017enica n\u00e1vodov\" class=\"metaslider_image_link\"><img loading=\"lazy\" decoding=\"async\" src=\"data:image\/jpeg;base64,iVBORw0KGgoAAAANSUhEUgAAACUAAAAhCAYAAABeD2IVAAAACXBIWXMAAA7EAAAOxAGVKw4bAAAAP0lEQVRYhe3OMQGAMBAAsVL\/nh8DDLfxQ6Igz8ycbe7fgS9SlVQlVUlVUpVUJVVJVVKVVCVVSVVSlVQlVa1Mve\/mAz+00MOZAAAAAElFTkSuQmCC\" height=\"330\" width=\"370\" alt=\"\" class=\"slider-5311 slide-5943 msDefaultImage\" title=\"Kni\u017enica n\u00e1vodov\" data-ms-src=\"https:\/\/midas.uniba.sk\/wp-content\/uploads\/2026\/02\/MIDAS_Panacik_kniznica-scaled-370x330.jpg\" \/><\/a><div class=\"caption-wrap\"><div class=\"caption\"><h2><span style=\"text-decoration:underline;\"><a title=\"Webov\u00e1 str\u00e1nka Kni\u017enica n\u00e1vodov\" href=\"https:\/\/midas.uniba.sk\/?page_id=488\">KNI\u017dNICA N\u00c1VODOV<\/a><\/span><\/h2><\/div><\/div><\/li>\n            <\/ul>\n        <\/div>\n        \n    <\/div>\n<\/div><\/div>\n\t\t\t\t\t\t<\/div>\n\t\t\t\t<\/div>\n\t\t\t\t\t<\/div>\n\t\t<\/div>\n\t\t\t\t\t<\/div>\n\t\t<\/section>\n\t\t\t\t<\/div>\n\t\t","protected":false},"excerpt":{"rendered":"<p>Potrebujete \u201er\u00fdchlokurz infogeniality\u201c na efekt\u00edvnu pr\u00e1cu s inform\u00e1ciami? \u2026 ste na spr\u00e1vnom mieste.<\/p>\n","protected":false},"author":37,"featured_media":0,"parent":0,"menu_order":0,"comment_status":"closed","ping_status":"closed","template":"","meta":{"_kad_post_transparent":"","_kad_post_title":"hide","_kad_post_layout":"fullwidth","_kad_post_sidebar_id":"","_kad_post_content_style":"unboxed","_kad_post_vertical_padding":"hide","_kad_post_feature":"hide","_kad_post_feature_position":"","_kad_post_header":false,"_kad_post_footer":false,"_kad_post_classname":"","footnotes":""},"class_list":["post-4140","page","type-page","status-publish","hentry"],"_links":{"self":[{"href":"https:\/\/midas.uniba.sk\/index.php?rest_route=\/wp\/v2\/pages\/4140","targetHints":{"allow":["GET"]}}],"collection":[{"href":"https:\/\/midas.uniba.sk\/index.php?rest_route=\/wp\/v2\/pages"}],"about":[{"href":"https:\/\/midas.uniba.sk\/index.php?rest_route=\/wp\/v2\/types\/page"}],"author":[{"embeddable":true,"href":"https:\/\/midas.uniba.sk\/index.php?rest_route=\/wp\/v2\/users\/37"}],"replies":[{"embeddable":true,"href":"https:\/\/midas.uniba.sk\/index.php?rest_route=%2Fwp%2Fv2%2Fcomments&post=4140"}],"version-history":[{"count":104,"href":"https:\/\/midas.uniba.sk\/index.php?rest_route=\/wp\/v2\/pages\/4140\/revisions"}],"predecessor-version":[{"id":5437,"href":"https:\/\/midas.uniba.sk\/index.php?rest_route=\/wp\/v2\/pages\/4140\/revisions\/5437"}],"wp:attachment":[{"href":"https:\/\/midas.uniba.sk\/index.php?rest_route=%2Fwp%2Fv2%2Fmedia&parent=4140"}],"curies":[{"name":"wp","href":"https:\/\/api.w.org\/{rel}","templated":true}]}}