{"id":288,"date":"2016-01-18T10:59:46","date_gmt":"2016-01-18T09:59:46","guid":{"rendered":"https:\/\/midas.uniba.sk\/?page_id=288"},"modified":"2025-09-23T11:29:55","modified_gmt":"2025-09-23T09:29:55","slug":"standardy-informacnej-gramotnosti","status":"publish","type":"page","link":"https:\/\/midas.uniba.sk\/?page_id=288","title":{"rendered":"\u0160tandardy informa\u010dnej gramotnosti"},"content":{"rendered":"\t\t<div data-elementor-type=\"wp-page\" data-elementor-id=\"288\" class=\"elementor elementor-288\">\n\t\t\t\t\t\t<header class=\"elementor-section elementor-top-section elementor-element elementor-element-7992545e elementor-section-height-min-height elementor-section-items-top elementor-section-content-middle elementor-section-boxed elementor-section-height-default\" data-id=\"7992545e\" data-element_type=\"section\" data-e-type=\"section\" data-settings=\"{&quot;background_background&quot;:&quot;classic&quot;,&quot;shape_divider_top&quot;:&quot;curve-asymmetrical&quot;,&quot;shape_divider_bottom&quot;:&quot;curve-asymmetrical&quot;,&quot;shape_divider_bottom_negative&quot;:&quot;yes&quot;}\">\n\t\t\t\t\t<div class=\"elementor-shape elementor-shape-top\" aria-hidden=\"true\" data-negative=\"false\">\n\t\t\t<svg xmlns=\"http:\/\/www.w3.org\/2000\/svg\" viewBox=\"0 0 1000 100\" preserveAspectRatio=\"none\">\n\t<path class=\"elementor-shape-fill\" d=\"M0,0c0,0,0,6,0,6.7c0,18,240.2,93.6,615.2,92.6C989.8,98.5,1000,25,1000,6.7c0-0.7,0-6.7,0-6.7H0z\"\/>\n<\/svg>\t\t<\/div>\n\t\t\t\t<div class=\"elementor-shape elementor-shape-bottom\" aria-hidden=\"true\" data-negative=\"true\">\n\t\t\t<svg xmlns=\"http:\/\/www.w3.org\/2000\/svg\" viewBox=\"0 0 1000 100\" preserveAspectRatio=\"none\">\n\t<path class=\"elementor-shape-fill\" d=\"M615.2,96.7C240.2,97.8,0,18.9,0,0v100h1000V0C1000,19.2,989.8,96,615.2,96.7z\"\/>\n<\/svg>\t\t<\/div>\n\t\t\t\t\t<div class=\"elementor-container elementor-column-gap-no\">\n\t\t\t\t\t<div class=\"elementor-column elementor-col-100 elementor-top-column elementor-element elementor-element-b142e68\" data-id=\"b142e68\" data-element_type=\"column\" data-e-type=\"column\">\n\t\t\t<div class=\"elementor-widget-wrap elementor-element-populated\">\n\t\t\t\t\t\t<div class=\"elementor-element elementor-element-318c31a4 elementor-widget__width-inherit elementor-widget-tablet__width-inherit elementor-widget-mobile__width-initial elementor-widget elementor-widget-heading\" data-id=\"318c31a4\" data-element_type=\"widget\" data-e-type=\"widget\" data-widget_type=\"heading.default\">\n\t\t\t\t<div class=\"elementor-widget-container\">\n\t\t\t\t\t<h1 class=\"elementor-heading-title elementor-size-default\">\u0160tandardy informa\u010dnej gramotnosti<\/h1>\t\t\t\t<\/div>\n\t\t\t\t<\/div>\n\t\t\t\t\t<\/div>\n\t\t<\/div>\n\t\t\t\t\t<\/div>\n\t\t<\/header>\n\t\t\t\t<section class=\"elementor-section elementor-top-section elementor-element elementor-element-48a751ba elementor-section-content-middle elementor-section-boxed elementor-section-height-default elementor-section-height-default\" data-id=\"48a751ba\" data-element_type=\"section\" data-e-type=\"section\">\n\t\t\t\t\t\t<div class=\"elementor-container elementor-column-gap-no\">\n\t\t\t\t\t<div class=\"elementor-column elementor-col-100 elementor-top-column elementor-element elementor-element-604aa00\" data-id=\"604aa00\" data-element_type=\"column\" data-e-type=\"column\" data-settings=\"{&quot;background_background&quot;:&quot;classic&quot;}\">\n\t\t\t<div class=\"elementor-widget-wrap elementor-element-populated\">\n\t\t\t\t\t\t<div class=\"elementor-element elementor-element-36c3cd28 elementor-widget__width-inherit elementor-widget-tablet__width-inherit elementor-widget-mobile__width-initial elementor-widget elementor-widget-hfe-breadcrumbs-widget\" data-id=\"36c3cd28\" data-element_type=\"widget\" data-e-type=\"widget\" data-widget_type=\"hfe-breadcrumbs-widget.default\">\n\t\t\t\t<div class=\"elementor-widget-container\">\n\t\t\t\t\t<nav aria-label=\"Breadcrumb\"><ul class=\"hfe-breadcrumbs hfe-breadcrumbs-show-home\"><li class=\"hfe-breadcrumbs-item hfe-breadcrumbs-first\"><span class=\"hfe-breadcrumbs-home-icon\"><i aria-hidden=\"true\" class=\"fas fa-home\"><\/i><\/span><a href=\"https:\/\/midas.uniba.sk\"><span class=\"hfe-breadcrumbs-text\">Domov<\/span><\/a><\/li><\/ul><\/nav>\t\t\t\t<\/div>\n\t\t\t\t<\/div>\n\t\t\t\t\t<\/div>\n\t\t<\/div>\n\t\t\t\t\t<\/div>\n\t\t<\/section>\n\t\t\t\t<section class=\"elementor-section elementor-top-section elementor-element elementor-element-7d4199cb elementor-section-content-middle elementor-section-boxed elementor-section-height-default elementor-section-height-default\" data-id=\"7d4199cb\" data-element_type=\"section\" data-e-type=\"section\">\n\t\t\t\t\t\t<div class=\"elementor-container elementor-column-gap-no\">\n\t\t\t\t\t<div class=\"elementor-column elementor-col-100 elementor-top-column elementor-element elementor-element-60c1dbce\" data-id=\"60c1dbce\" data-element_type=\"column\" data-e-type=\"column\">\n\t\t\t<div class=\"elementor-widget-wrap elementor-element-populated\">\n\t\t\t\t\t\t<div class=\"elementor-element elementor-element-4ada8e16 elementor-widget-mobile__width-initial elementor-widget__width-inherit elementor-widget-tablet__width-inherit elementor-widget elementor-widget-heading\" data-id=\"4ada8e16\" data-element_type=\"widget\" data-e-type=\"widget\" data-widget_type=\"heading.default\">\n\t\t\t\t<div class=\"elementor-widget-container\">\n\t\t\t\t\t<h2 class=\"elementor-heading-title elementor-size-default\">Pre pedag\u00f3gov<\/h2>\t\t\t\t<\/div>\n\t\t\t\t<\/div>\n\t\t\t\t<div class=\"elementor-element elementor-element-9731ef7 elementor-widget-mobile__width-initial elementor-widget__width-inherit elementor-widget-tablet__width-inherit elementor-widget elementor-widget-text-editor\" data-id=\"9731ef7\" data-element_type=\"widget\" data-e-type=\"widget\" data-widget_type=\"text-editor.default\">\n\t\t\t\t<div class=\"elementor-widget-container\">\n\t\t\t\t\t\t\t\t\t<ul><li><a title=\"[extern\u00fd odkaz, nov\u00e9 okno] PDF s\u00fabor, Information Literacy Standards for Teacher Education\" href=\"https:\/\/www.ala.org\/sites\/default\/files\/acrl\/content\/standards\/ilstandards_te.pdf\" target=\"_blank\" rel=\"noopener\"><span style=\"text-decoration: underline;\">Information Literacy Standards for Teacher Education<\/span><\/a> [pdf]<br \/>\u0160tandard informa\u010dnej gramotnosti pre vzdel\u00e1vanie pedag\u00f3gov<\/li><li><a title=\"[extern\u00fd odkaz, nov\u00e9 okno] PDF s\u00fabor, Global Standards for Media and Information Literacy Curricula Development Guidelines\" href=\"https:\/\/www.unesco.org\/sites\/default\/files\/medias\/files\/2022\/02\/Global%20Standards%20for%20Media%20\u2026\" target=\"_blank\" rel=\"noopener\"><span style=\"text-decoration: underline;\">Global Standards for Media and Information Literacy Curricula Development Guidelines<\/span><\/a> [pdf]<br \/>\u0160tandardy UNESCO pre v\u00fdvoj kurik\u00fal \/ u\u010debn\u00fdch osnov medi\u00e1lnej a informa\u010dnej gramotnosti<\/li><li><a title=\"[extern\u00fd odkaz, nov\u00e9 okno] PDF s\u00fabor, A New Curriculum for Information Literacy\" href=\"https:\/\/www.cardiff.ac.uk\/__data\/assets\/pdf_file\/0003\/585129\/A-new-curriculum-for-information-liter\u2026\" target=\"_blank\" rel=\"noopener\"><span style=\"text-decoration: underline;\">A New Curriculum for Information Literacy<\/span><\/a> [pdf]<br \/>\u0160tandard \/ kurikulum \/ u\u010debn\u00e9 osnovy informa\u010dn\u00e9ho vzdel\u00e1vania za\u010d\u00ednaj\u00facich vysoko\u0161kolsk\u00fdch \u0161tudentov (autori J. Secker, E. Coonan)<\/li><\/ul>\t\t\t\t\t\t\t\t<\/div>\n\t\t\t\t<\/div>\n\t\t\t\t<div class=\"elementor-element elementor-element-7774818 elementor-widget-mobile__width-initial elementor-widget__width-inherit elementor-widget-tablet__width-inherit elementor-widget elementor-widget-heading\" data-id=\"7774818\" data-element_type=\"widget\" data-e-type=\"widget\" data-widget_type=\"heading.default\">\n\t\t\t\t<div class=\"elementor-widget-container\">\n\t\t\t\t\t<h2 class=\"elementor-heading-title elementor-size-default\">Pre \u0161tudentov<\/h2>\t\t\t\t<\/div>\n\t\t\t\t<\/div>\n\t\t\t\t<div class=\"elementor-element elementor-element-23c3787 elementor-widget-mobile__width-initial elementor-widget__width-inherit elementor-widget-tablet__width-inherit elementor-widget elementor-widget-text-editor\" data-id=\"23c3787\" data-element_type=\"widget\" data-e-type=\"widget\" data-widget_type=\"text-editor.default\">\n\t\t\t\t<div class=\"elementor-widget-container\">\n\t\t\t\t\t\t\t\t\t<ul><li><a title=\"[extern\u00fd odkaz, nov\u00e9 okno] Webstr\u00e1nka Information and Digital Literacy Framework\" href=\"https:\/\/sites.google.com\/sheffield.ac.uk\/idl-framework\/home\" target=\"_blank\" rel=\"noopener\"><span style=\"text-decoration: underline;\">Information and Digital Literacy Framework<\/span><\/a><br \/>R\u00e1mec University of Sheffield pre informa\u010dn\u00fa a digit\u00e1lnu gramotnos\u0165<\/li><li><a title=\"[extern\u00fd odkaz, nov\u00e9 okno] PDF s\u00fabor, Framework for Information Literacy for Higher Education\" href=\"https:\/\/www.ala.org\/sites\/default\/files\/acrl\/content\/issues\/infolit\/Framework_ILHE.pdf\" target=\"_blank\" rel=\"noopener\"><span style=\"text-decoration: underline;\">Framework for Information Literacy for Higher Education<\/span><\/a> [pdf]<br \/>R\u00e1mec ACRL pre informa\u010dn\u00fa gramotnos\u0165 vo vysoko\u0161kolskom vzdel\u00e1van\u00ed<\/li><\/ul>\t\t\t\t\t\t\t\t<\/div>\n\t\t\t\t<\/div>\n\t\t\t\t\t<\/div>\n\t\t<\/div>\n\t\t\t\t\t<\/div>\n\t\t<\/section>\n\t\t\t\t<\/div>\n\t\t","protected":false},"excerpt":{"rendered":"<p>\u0160tandardy informa\u010dnej gramotnosti Domov Pre pedag\u00f3gov Information Literacy Standards for Teacher Education [pdf]\u0160tandard informa\u010dnej gramotnosti pre vzdel\u00e1vanie pedag\u00f3gov Global Standards for Media and Information Literacy Curricula Development Guidelines [pdf]\u0160tandardy UNESCO pre v\u00fdvoj kurik\u00fal \/ u\u010debn\u00fdch osnov medi\u00e1lnej a informa\u010dnej gramotnosti A New Curriculum for Information Literacy [pdf]\u0160tandard \/ kurikulum \/ u\u010debn\u00e9 osnovy informa\u010dn\u00e9ho vzdel\u00e1vania za\u010d\u00ednaj\u00facich&#8230;<\/p>\n","protected":false},"author":1,"featured_media":0,"parent":0,"menu_order":0,"comment_status":"closed","ping_status":"closed","template":"","meta":{"_kad_post_transparent":"","_kad_post_title":"","_kad_post_layout":"","_kad_post_sidebar_id":"","_kad_post_content_style":"","_kad_post_vertical_padding":"","_kad_post_feature":"","_kad_post_feature_position":"","_kad_post_header":false,"_kad_post_footer":false,"_kad_post_classname":"","footnotes":""},"class_list":["post-288","page","type-page","status-publish","hentry"],"_links":{"self":[{"href":"https:\/\/midas.uniba.sk\/index.php?rest_route=\/wp\/v2\/pages\/288","targetHints":{"allow":["GET"]}}],"collection":[{"href":"https:\/\/midas.uniba.sk\/index.php?rest_route=\/wp\/v2\/pages"}],"about":[{"href":"https:\/\/midas.uniba.sk\/index.php?rest_route=\/wp\/v2\/types\/page"}],"author":[{"embeddable":true,"href":"https:\/\/midas.uniba.sk\/index.php?rest_route=\/wp\/v2\/users\/1"}],"replies":[{"embeddable":true,"href":"https:\/\/midas.uniba.sk\/index.php?rest_route=%2Fwp%2Fv2%2Fcomments&post=288"}],"version-history":[{"count":24,"href":"https:\/\/midas.uniba.sk\/index.php?rest_route=\/wp\/v2\/pages\/288\/revisions"}],"predecessor-version":[{"id":5028,"href":"https:\/\/midas.uniba.sk\/index.php?rest_route=\/wp\/v2\/pages\/288\/revisions\/5028"}],"wp:attachment":[{"href":"https:\/\/midas.uniba.sk\/index.php?rest_route=%2Fwp%2Fv2%2Fmedia&parent=288"}],"curies":[{"name":"wp","href":"https:\/\/api.w.org\/{rel}","templated":true}]}}