{"id":1112,"date":"2020-01-13T11:28:16","date_gmt":"2020-01-13T10:28:16","guid":{"rendered":"https:\/\/midas.uniba.sk\/?page_id=1112"},"modified":"2025-10-15T12:48:52","modified_gmt":"2025-10-15T10:48:52","slug":"ako-prezentovat","status":"publish","type":"page","link":"https:\/\/midas.uniba.sk\/?page_id=1112","title":{"rendered":"Ako prezentova\u0165"},"content":{"rendered":"\t\t<div data-elementor-type=\"wp-page\" data-elementor-id=\"1112\" class=\"elementor elementor-1112\">\n\t\t\t\t\t\t<header class=\"elementor-section elementor-top-section elementor-element elementor-element-139776e9 elementor-section-height-min-height elementor-section-items-top elementor-section-content-middle elementor-section-boxed elementor-section-height-default\" data-id=\"139776e9\" data-element_type=\"section\" data-e-type=\"section\" data-settings=\"{&quot;background_background&quot;:&quot;classic&quot;,&quot;shape_divider_top&quot;:&quot;curve-asymmetrical&quot;,&quot;shape_divider_bottom&quot;:&quot;curve-asymmetrical&quot;,&quot;shape_divider_bottom_negative&quot;:&quot;yes&quot;}\">\n\t\t\t\t\t<div class=\"elementor-shape elementor-shape-top\" aria-hidden=\"true\" data-negative=\"false\">\n\t\t\t<svg xmlns=\"http:\/\/www.w3.org\/2000\/svg\" viewBox=\"0 0 1000 100\" preserveAspectRatio=\"none\">\n\t<path class=\"elementor-shape-fill\" d=\"M0,0c0,0,0,6,0,6.7c0,18,240.2,93.6,615.2,92.6C989.8,98.5,1000,25,1000,6.7c0-0.7,0-6.7,0-6.7H0z\"\/>\n<\/svg>\t\t<\/div>\n\t\t\t\t<div class=\"elementor-shape elementor-shape-bottom\" aria-hidden=\"true\" data-negative=\"true\">\n\t\t\t<svg xmlns=\"http:\/\/www.w3.org\/2000\/svg\" viewBox=\"0 0 1000 100\" preserveAspectRatio=\"none\">\n\t<path class=\"elementor-shape-fill\" d=\"M615.2,96.7C240.2,97.8,0,18.9,0,0v100h1000V0C1000,19.2,989.8,96,615.2,96.7z\"\/>\n<\/svg>\t\t<\/div>\n\t\t\t\t\t<div class=\"elementor-container elementor-column-gap-no\">\n\t\t\t\t\t<div class=\"elementor-column elementor-col-100 elementor-top-column elementor-element elementor-element-63750800\" data-id=\"63750800\" data-element_type=\"column\" data-e-type=\"column\">\n\t\t\t<div class=\"elementor-widget-wrap elementor-element-populated\">\n\t\t\t\t\t\t<div class=\"elementor-element elementor-element-3e73070b elementor-widget__width-inherit elementor-widget-tablet__width-inherit elementor-widget-mobile__width-initial elementor-widget elementor-widget-heading\" data-id=\"3e73070b\" data-element_type=\"widget\" data-e-type=\"widget\" data-widget_type=\"heading.default\">\n\t\t\t\t<div class=\"elementor-widget-container\">\n\t\t\t\t\t<h1 class=\"elementor-heading-title elementor-size-default\">Ako prezentova\u0165<\/h1>\t\t\t\t<\/div>\n\t\t\t\t<\/div>\n\t\t\t\t\t<\/div>\n\t\t<\/div>\n\t\t\t\t\t<\/div>\n\t\t<\/header>\n\t\t\t\t<section class=\"elementor-section elementor-top-section elementor-element elementor-element-5024c821 elementor-section-content-middle elementor-section-boxed elementor-section-height-default elementor-section-height-default\" data-id=\"5024c821\" data-element_type=\"section\" data-e-type=\"section\">\n\t\t\t\t\t\t<div class=\"elementor-container elementor-column-gap-no\">\n\t\t\t\t\t<div class=\"elementor-column elementor-col-100 elementor-top-column elementor-element elementor-element-2ced451b\" data-id=\"2ced451b\" data-element_type=\"column\" data-e-type=\"column\" data-settings=\"{&quot;background_background&quot;:&quot;classic&quot;}\">\n\t\t\t<div class=\"elementor-widget-wrap elementor-element-populated\">\n\t\t\t\t\t\t<div class=\"elementor-element elementor-element-435845a5 elementor-widget__width-inherit elementor-widget-tablet__width-inherit elementor-widget-mobile__width-initial elementor-widget elementor-widget-hfe-breadcrumbs-widget\" data-id=\"435845a5\" data-element_type=\"widget\" data-e-type=\"widget\" data-widget_type=\"hfe-breadcrumbs-widget.default\">\n\t\t\t\t<div class=\"elementor-widget-container\">\n\t\t\t\t\t<nav aria-label=\"Breadcrumb\"><ul class=\"hfe-breadcrumbs hfe-breadcrumbs-show-home\"><li class=\"hfe-breadcrumbs-item hfe-breadcrumbs-first\"><span class=\"hfe-breadcrumbs-home-icon\"><i aria-hidden=\"true\" class=\"fas fa-home\"><\/i><\/span><a href=\"https:\/\/midas.uniba.sk\"><span class=\"hfe-breadcrumbs-text\">Domov<\/span><\/a><\/li><\/ul><\/nav>\t\t\t\t<\/div>\n\t\t\t\t<\/div>\n\t\t\t\t\t<\/div>\n\t\t<\/div>\n\t\t\t\t\t<\/div>\n\t\t<\/section>\n\t\t\t\t<section class=\"elementor-section elementor-top-section elementor-element elementor-element-153ecf2a elementor-section-content-middle elementor-section-boxed elementor-section-height-default elementor-section-height-default\" data-id=\"153ecf2a\" data-element_type=\"section\" data-e-type=\"section\">\n\t\t\t\t\t\t<div class=\"elementor-container elementor-column-gap-no\">\n\t\t\t\t\t<div class=\"elementor-column elementor-col-100 elementor-top-column elementor-element elementor-element-6126aa8b\" data-id=\"6126aa8b\" data-element_type=\"column\" data-e-type=\"column\">\n\t\t\t<div class=\"elementor-widget-wrap elementor-element-populated\">\n\t\t\t\t\t\t<section class=\"elementor-section elementor-inner-section elementor-element elementor-element-1f1742d elementor-reverse-mobile elementor-section-full_width elementor-section-content-middle elementor-section-height-default elementor-section-height-default\" data-id=\"1f1742d\" data-element_type=\"section\" data-e-type=\"section\">\n\t\t\t\t\t\t<div class=\"elementor-container elementor-column-gap-no\">\n\t\t\t\t\t<div class=\"elementor-column elementor-col-50 elementor-inner-column elementor-element elementor-element-1cd7f36\" data-id=\"1cd7f36\" data-element_type=\"column\" data-e-type=\"column\">\n\t\t\t<div class=\"elementor-widget-wrap elementor-element-populated\">\n\t\t\t\t\t\t<div class=\"elementor-element elementor-element-d97a19f elementor-widget__width-initial elementor-widget-tablet__width-inherit elementor-widget-mobile__width-initial elementor-widget elementor-widget-text-editor\" data-id=\"d97a19f\" data-element_type=\"widget\" data-e-type=\"widget\" data-widget_type=\"text-editor.default\">\n\t\t\t\t<div class=\"elementor-widget-container\">\n\t\t\t\t\t\t\t\t\t<p>Pri prezentovan\u00ed s\u00fa d\u00f4le\u017eit\u00e9 dve veci. Tou prvou je <strong>predn\u00e1\u0161aj\u00faci<\/strong>, teda re\u010dn\u00edk a\u00a0druhou je jeho vizu\u00e1lny v\u00fdstup, tzv. <strong>prezent\u00e1cia.<\/strong><\/p><p>Preto si v\u00a0nasleduj\u00facich bodoch povieme, \u010do je d\u00f4le\u017eit\u00e9 pri prezentovan\u00ed, na \u010do sa m\u00e1 pripravi\u0165 prezentuj\u00faci, ako si pripravi\u0165 prezent\u00e1ciu, a poskytneme nieko\u013eko r\u00e1d k\u00a0prezentovaniu ako k\u00a0celku.<\/p>\t\t\t\t\t\t\t\t<\/div>\n\t\t\t\t<\/div>\n\t\t\t\t\t<\/div>\n\t\t<\/div>\n\t\t\t\t<div class=\"elementor-column elementor-col-50 elementor-inner-column elementor-element elementor-element-38cb3d4\" data-id=\"38cb3d4\" data-element_type=\"column\" data-e-type=\"column\">\n\t\t\t<div class=\"elementor-widget-wrap elementor-element-populated\">\n\t\t\t\t\t\t<div class=\"elementor-element elementor-element-7c39e66 elementor-widget__width-initial elementor-widget-tablet__width-inherit elementor-widget-mobile__width-initial elementor-widget elementor-widget-image\" data-id=\"7c39e66\" data-element_type=\"widget\" data-e-type=\"widget\" data-widget_type=\"image.default\">\n\t\t\t\t<div class=\"elementor-widget-container\">\n\t\t\t\t\t\t\t\t\t\t\t\t\t\t\t<img fetchpriority=\"high\" decoding=\"async\" width=\"1281\" height=\"738\" src=\"https:\/\/midas.uniba.sk\/wp-content\/uploads\/2025\/07\/prezentovanie_f.png\" class=\"attachment-full size-full wp-image-2830\" alt=\"\" srcset=\"https:\/\/midas.uniba.sk\/wp-content\/uploads\/2025\/07\/prezentovanie_f.png 1281w, https:\/\/midas.uniba.sk\/wp-content\/uploads\/2025\/07\/prezentovanie_f-300x173.png 300w, https:\/\/midas.uniba.sk\/wp-content\/uploads\/2025\/07\/prezentovanie_f-1024x590.png 1024w, https:\/\/midas.uniba.sk\/wp-content\/uploads\/2025\/07\/prezentovanie_f-768x442.png 768w\" sizes=\"(max-width: 1281px) 100vw, 1281px\" \/>\t\t\t\t\t\t\t\t\t\t\t\t\t\t\t<\/div>\n\t\t\t\t<\/div>\n\t\t\t\t\t<\/div>\n\t\t<\/div>\n\t\t\t\t\t<\/div>\n\t\t<\/section>\n\t\t\t\t<div class=\"elementor-element elementor-element-6e487a1 elementor-widget-mobile__width-initial elementor-widget elementor-widget-heading\" data-id=\"6e487a1\" data-element_type=\"widget\" data-e-type=\"widget\" data-widget_type=\"heading.default\">\n\t\t\t\t<div class=\"elementor-widget-container\">\n\t\t\t\t\t<h2 class=\"elementor-heading-title elementor-size-default\">PR\u00cdPRAVA PREZENTUJ\u00daCEHO<\/h2>\t\t\t\t<\/div>\n\t\t\t\t<\/div>\n\t\t\t\t<div class=\"elementor-element elementor-element-1eca76e elementor-widget__width-inherit elementor-widget-mobile__width-initial elementor-widget elementor-widget-image\" data-id=\"1eca76e\" data-element_type=\"widget\" data-e-type=\"widget\" data-widget_type=\"image.default\">\n\t\t\t\t<div class=\"elementor-widget-container\">\n\t\t\t\t\t\t\t\t\t\t\t\t\t\t\t<img decoding=\"async\" width=\"769\" height=\"711\" src=\"https:\/\/midas.uniba.sk\/wp-content\/uploads\/2025\/07\/Thinking-1.jpg\" class=\"attachment-full size-full wp-image-2833\" alt=\"\" srcset=\"https:\/\/midas.uniba.sk\/wp-content\/uploads\/2025\/07\/Thinking-1.jpg 769w, https:\/\/midas.uniba.sk\/wp-content\/uploads\/2025\/07\/Thinking-1-300x277.jpg 300w\" sizes=\"(max-width: 769px) 100vw, 769px\" \/>\t\t\t\t\t\t\t\t\t\t\t\t\t\t\t<\/div>\n\t\t\t\t<\/div>\n\t\t\t\t<div class=\"elementor-element elementor-element-08008ac elementor-widget-mobile__width-initial elementor-widget__width-inherit elementor-widget-tablet__width-inherit elementor-widget elementor-widget-eael-adv-accordion\" data-id=\"08008ac\" data-element_type=\"widget\" data-e-type=\"widget\" data-widget_type=\"eael-adv-accordion.default\">\n\t\t\t\t<div class=\"elementor-widget-container\">\n\t\t\t\t\t            <div class=\"eael-adv-accordion\" id=\"eael-adv-accordion-08008ac\" data-scroll-on-click=\"\" data-scroll-speed=\"500\" data-accordion-id=\"08008ac\" data-accordion-type=\"accordion\" data-toogle-speed=\"500\">\n            <div class=\"eael-accordion-list\">\n\t\t\t\t\t<div id=\"tma-prezentcie-a-jej-truktra\" class=\"elementor-tab-title eael-accordion-header\" tabindex=\"0\" data-tab=\"1\" aria-controls=\"elementor-tab-content-8391\"><h3 class=\"eael-accordion-tab-title\">T\u00e9ma prezent\u00e1cie a jej \u0161trukt\u00fara<\/h3><i aria-hidden=\"true\" class=\"fa-toggle fas fa-plus\"><\/i><\/div><div id=\"elementor-tab-content-8391\" class=\"eael-accordion-content clearfix\" data-tab=\"1\" aria-labelledby=\"tma-prezentcie-a-jej-truktra\"><p>Jeden z prv\u00fdch a z\u00e1rove\u0148 najd\u00f4le\u017eitej\u0161\u00edch bodov pri tvorbe prezent\u00e1cie. Prezentuj\u00faci, mus\u00ed vedie\u0165 o \u010dom m\u00e1 hovori\u0165, preto je d\u00f4le\u017eit\u00e9 si k t\u00e9me pre\u010d\u00edta\u0165 aspo\u0148 3 relevantn\u00e9 zdroje, pr\u00edpadne i viac preto\u017ee, obsah poskytnut\u00fd publiku bude kvalitn\u00fd.<\/p><p>Prezent\u00e1cia m\u00e1 svoj \u00favod, jadro a z\u00e1ver.<\/p><ul><li><strong>\u00davod =\u00a0<\/strong>kr\u00e1tke obozn\u00e1menie posluch\u00e1\u010dov s d\u00f4le\u017eit\u00fdmi pojmami pre vysvetlenie t\u00e9my.<\/li><li><strong>Jadro =\u00a0<\/strong>vysvetlenie d\u00f4le\u017eit\u00fdch inform\u00e1cii<\/li><li><strong>Z\u00e1ver =\u00a0<\/strong>odprezentovanie zisten\u00ed, z\u00e1verov<\/li><\/ul><\/div>\n\t\t\t\t\t<\/div><div class=\"eael-accordion-list\">\n\t\t\t\t\t<div id=\"prejav-prezentujceho\" class=\"elementor-tab-title eael-accordion-header\" tabindex=\"0\" data-tab=\"2\" aria-controls=\"elementor-tab-content-8392\"><h3 class=\"eael-accordion-tab-title\">Prejav prezentuj\u00faceho<\/h3><i aria-hidden=\"true\" class=\"fa-toggle fas fa-plus\"><\/i><\/div><div id=\"elementor-tab-content-8392\" class=\"eael-accordion-content clearfix\" data-tab=\"2\" aria-labelledby=\"prejav-prezentujceho\"><p>Prezent\u00e1cia by mala by\u0165 plynul\u00e1 a d\u00f4le\u017eit\u00e9 je vyh\u00fdby\u0165 sa slov\u00e1m ako hm, ehm a pod. K publiku by sme mali by\u0165 empatick\u00fd, nehovori\u0165 pr\u00edli\u0161 potichu, ale pou\u017ei\u0165 svoj hlas ako n\u00e1stroj, ktor\u00fd povedie k tomu, s \u010d\u00edm sa chceme v prezent\u00e1cii pode\u013ei\u0165. Spr\u00e1vnou inton\u00e1ciou hlasu m\u00f4\u017eeme zd\u00f4razni\u0165 \u010do je d\u00f4le\u017eit\u00e9, neunavi\u0165 publikum a tie\u017e ho zauja\u0165.<\/p><p>Spr\u00e1vna re\u010d tela pom\u00e1ha pri vytvoren\u00ed si vz\u0165ahu s posluch\u00e1\u010dmi. Re\u010dn\u00edk m\u00e1 by\u0165 oto\u010den\u00fd smerom k publiku pre rozpr\u00e1van\u00ed, nesmie sa ot\u00e1\u010da\u0165 chrbtom k publiku a pri ukazovan\u00ed prezent\u00e1cie by mal by\u0165 oto\u010den\u00fd bokom k publiku. Pri prezentovan\u00ed je d\u00f4le\u017eit\u00e9 nadviaza\u0165 o\u010dn\u00fd kontakt s\u00a0publikom, \u010d\u00edm vieme z\u00edska\u0165 ich pozornos\u0165.<\/p><p>Treba pozna\u0165 publikum a udalos\u0165, na ktorej sa bude prezentova\u0165 a pod\u013ea toho si zvoli\u0165 vhodn\u00e9 oble\u010denie.<\/p><\/div>\n\t\t\t\t\t<\/div><div class=\"eael-accordion-list\">\n\t\t\t\t\t<div id=\"tanie-prezentcie\" class=\"elementor-tab-title eael-accordion-header\" tabindex=\"0\" data-tab=\"3\" aria-controls=\"elementor-tab-content-8393\"><h3 class=\"eael-accordion-tab-title\">\u010c\u00edtanie prezent\u00e1cie<\/h3><i aria-hidden=\"true\" class=\"fa-toggle fas fa-plus\"><\/i><\/div><div id=\"elementor-tab-content-8393\" class=\"eael-accordion-content clearfix\" data-tab=\"3\" aria-labelledby=\"tanie-prezentcie\"><p>Prezent\u00e1cia sa nem\u00e1 \u010d\u00edta\u0165, ale prezentova\u0165. Pom\u00f4ckou m\u00f4\u017ee by\u0165 text a\u00a0samotn\u00e1 prezent\u00e1cia. \u010c\u00edtanie textu ober\u00e1 posluch\u00e1\u010dov o\u00a0pozornos\u0165 a prive\u013ea \u010d\u00edtania textu vyjadruje re\u010dn\u00edkovu nepripravenos\u0165.<\/p><\/div>\n\t\t\t\t\t<\/div><\/div>\t\t\t\t<\/div>\n\t\t\t\t<\/div>\n\t\t\t\t<div class=\"elementor-element elementor-element-57edcef elementor-widget-mobile__width-initial elementor-widget elementor-widget-heading\" data-id=\"57edcef\" data-element_type=\"widget\" data-e-type=\"widget\" data-widget_type=\"heading.default\">\n\t\t\t\t<div class=\"elementor-widget-container\">\n\t\t\t\t\t<h2 class=\"elementor-heading-title elementor-size-default\">PR\u00cdPRAVA PREZENT\u00c1CIE<\/h2>\t\t\t\t<\/div>\n\t\t\t\t<\/div>\n\t\t\t\t<div class=\"elementor-element elementor-element-fb0553d elementor-widget__width-inherit elementor-widget-mobile__width-initial elementor-widget elementor-widget-image\" data-id=\"fb0553d\" data-element_type=\"widget\" data-e-type=\"widget\" data-widget_type=\"image.default\">\n\t\t\t\t<div class=\"elementor-widget-container\">\n\t\t\t\t\t\t\t\t\t\t\t\t\t\t\t<img decoding=\"async\" width=\"620\" height=\"374\" src=\"https:\/\/midas.uniba.sk\/wp-content\/uploads\/2025\/07\/priprava-prez.jpg\" class=\"attachment-full size-full wp-image-2832\" alt=\"\" srcset=\"https:\/\/midas.uniba.sk\/wp-content\/uploads\/2025\/07\/priprava-prez.jpg 620w, https:\/\/midas.uniba.sk\/wp-content\/uploads\/2025\/07\/priprava-prez-300x181.jpg 300w\" sizes=\"(max-width: 620px) 100vw, 620px\" \/>\t\t\t\t\t\t\t\t\t\t\t\t\t\t\t<\/div>\n\t\t\t\t<\/div>\n\t\t\t\t<div class=\"elementor-element elementor-element-ed6ab8f elementor-widget-mobile__width-initial elementor-widget elementor-widget-eael-adv-accordion\" data-id=\"ed6ab8f\" data-element_type=\"widget\" data-e-type=\"widget\" data-widget_type=\"eael-adv-accordion.default\">\n\t\t\t\t<div class=\"elementor-widget-container\">\n\t\t\t\t\t            <div class=\"eael-adv-accordion\" id=\"eael-adv-accordion-ed6ab8f\" data-scroll-on-click=\"\" data-scroll-speed=\"500\" data-accordion-id=\"ed6ab8f\" data-accordion-type=\"accordion\" data-toogle-speed=\"500\">\n            <div class=\"eael-accordion-list\">\n\t\t\t\t\t<div id=\"pln-prezentcie\" class=\"elementor-tab-title eael-accordion-header\" tabindex=\"0\" data-tab=\"1\" aria-controls=\"elementor-tab-content-2481\"><h3 class=\"eael-accordion-tab-title\">Pl\u00e1n prezent\u00e1cie<\/h3><i aria-hidden=\"true\" class=\"fa-toggle fas fa-plus\"><\/i><\/div><div id=\"elementor-tab-content-2481\" class=\"eael-accordion-content clearfix\" data-tab=\"1\" aria-labelledby=\"pln-prezentcie\"><p>Pl\u00e1n prezent\u00e1cie m\u00f4\u017ee pozost\u00e1va\u0165 z bodov, pod\u013ea ktor\u00fdch budeme prezentova\u0165. Ka\u017ed\u00e9mu slidu by sme sa mali venova\u0165 pribli\u017ene rovnako. V pl\u00e1ne by sme mali zahrn\u00fa\u0165 to \u010do potrebuje publikum vedie\u0165 a \u010do nie a neza\u0165a\u017eova\u0165 ich potrebn\u00fdmi inform\u00e1ciami.<\/p><\/div>\n\t\t\t\t\t<\/div><div class=\"eael-accordion-list\">\n\t\t\t\t\t<div id=\"vizulne-spracovanie\" class=\"elementor-tab-title eael-accordion-header\" tabindex=\"0\" data-tab=\"2\" aria-controls=\"elementor-tab-content-2482\"><h3 class=\"eael-accordion-tab-title\">Vizu\u00e1lne spracovanie<\/h3><i aria-hidden=\"true\" class=\"fa-toggle fas fa-plus\"><\/i><\/div><div id=\"elementor-tab-content-2482\" class=\"eael-accordion-content clearfix\" data-tab=\"2\" aria-labelledby=\"vizulne-spracovanie\"><p>V prezent\u00e1cii treba zvoli\u0165 primeran\u00fd po\u010det slideov. V r\u00e1mci vizu\u00e1lu m\u00f4\u017eeme prezent\u00e1ciu obohati\u0165 o nieko\u013eko grafick\u00fdch prvkov ako s\u00fa obr\u00e1zky, grafy at\u010f.<\/p><p>Av\u0161ak nesmieme zabudn\u00fa\u0165, \u017ee prezent\u00e1cia nem\u00e1 by\u0165 prehusten\u00e1 textom, alebo obr\u00e1zkami a zd\u00f4razni\u0165 d\u00f4le\u017eit\u00e9 k\u013e\u00fa\u010dov\u00e9 \u010dasti prezent\u00e1cie.<\/p><\/div>\n\t\t\t\t\t<\/div><div class=\"eael-accordion-list\">\n\t\t\t\t\t<div id=\"as-prezentcie\" class=\"elementor-tab-title eael-accordion-header\" tabindex=\"0\" data-tab=\"3\" aria-controls=\"elementor-tab-content-2483\"><h3 class=\"eael-accordion-tab-title\">\u010cas prezent\u00e1cie<\/h3><i aria-hidden=\"true\" class=\"fa-toggle fas fa-plus\"><\/i><\/div><div id=\"elementor-tab-content-2483\" class=\"eael-accordion-content clearfix\" data-tab=\"3\" aria-labelledby=\"as-prezentcie\"><p>\u010cas prezent\u00e1cie nesmie by\u0165 pr\u00edli\u0161 dlh\u00fd, preto by sme si \u010das prezentovania mali napl\u00e1nova\u0165 a vyhradi\u0165 si \u010das na pr\u00edpadn\u00e9 ot\u00e1zky publika. Ak je prezent\u00e1cia zd\u013ahav\u00e1, publikum sa bude nudi\u0165 a za\u010dne si h\u013eada\u0165 in\u00fd sp\u00f4sob z\u00e1bavy.\u00a0<\/p><p>Z toho d\u00f4vodu by prezent\u00e1cia nemala by\u0165 dlh\u00e1 a za ten \u010das by sme mali vystihn\u00fa\u0165 podstatu my\u0161lienok v prezent\u00e1cii.<\/p><\/div>\n\t\t\t\t\t<\/div><div class=\"eael-accordion-list\">\n\t\t\t\t\t<div id=\"itaten-text\" class=\"elementor-tab-title eael-accordion-header\" tabindex=\"0\" data-tab=\"4\" aria-controls=\"elementor-tab-content-2484\"><h3 class=\"eael-accordion-tab-title\">\u010citate\u013en\u00fd text<\/h3><i aria-hidden=\"true\" class=\"fa-toggle fas fa-plus\"><\/i><\/div><div id=\"elementor-tab-content-2484\" class=\"eael-accordion-content clearfix\" data-tab=\"4\" aria-labelledby=\"itaten-text\"><p>Text v prezent\u00e1ci\u00ed m\u00e1 by\u0165 \u010ditate\u013en\u00fd, preto by nemal by\u0165 men\u0161\u00ed ako ve\u013ekos\u0165 14. Nemal by ma\u0165 farbu pozadia alebo sa farebne bi\u0165 s in\u00fdmi prvkami ako pozadie, obr\u00e1zky a in\u00e9. Podstatn\u00e9 slov\u00e1\/fr\u00e1zy by mali by\u0165 zv\u00fdraznen\u00e9 ve\u013ekostne, inou farbou \u010di bold-om.<\/p><p>Ide\u00e1lne je ma\u0165 \u010dierny text na bielom pozad\u00ed alebo biely text na \u010diernom pozad\u00ed. To neznamen\u00e1, \u017ee prezent\u00e1cia nesmie by\u0165 farebn\u00e1, ale pri jej tvorbe je d\u00f4le\u017eit\u00e9 vn\u00edma\u0165 kontrast farieb a kombinova\u0165 tmav\u00e9 s\u00a0bled\u00fdmi alebo naopak.<\/p><\/div>\n\t\t\t\t\t<\/div><div class=\"eael-accordion-list\">\n\t\t\t\t\t<div id=\"text\" class=\"elementor-tab-title eael-accordion-header\" tabindex=\"0\" data-tab=\"5\" aria-controls=\"elementor-tab-content-2485\"><h3 class=\"eael-accordion-tab-title\">Text<\/h3><i aria-hidden=\"true\" class=\"fa-toggle fas fa-plus\"><\/i><\/div><div id=\"elementor-tab-content-2485\" class=\"eael-accordion-content clearfix\" data-tab=\"5\" aria-labelledby=\"text\"><ul><li><p>ide\u00e1lne je ma\u0165 svoj text pripraven\u00fd vopred a na\u0161tudovan\u00fd e\u0161te pred prezent\u00e1ciou<\/p><\/li><li><p>v prezent\u00e1cii by nemalo by\u0165 ve\u013ea textu, najviac 6 riadkov obsahuj\u00facich p\u00e1r slov, av\u0161ak s\u00fa aj v\u00fdnimky ako defin\u00edcie, kedy mus\u00edme do prezent\u00e1cie vlo\u017ei\u0165 cel\u00fa vetu<\/p><\/li><li><p>pozor na gramatick\u00e9 chyby, preto\u017ee tie dok\u00e1\u017eu prezent\u00e1ciu pokazi\u0165 a publikum si gramatick\u00e9 chyby r\u00fdchlo v\u0161imne<\/p><\/li><li><p>nesmieme zabudn\u00fa\u0165 na jazyk prezent\u00e1cie, ktor\u00fdm budeme prezentova\u0165 a mali by sme ho prisp\u00f4sobi\u0165 dan\u00e9mu publiku<\/p><\/li><\/ul><\/div>\n\t\t\t\t\t<\/div><div class=\"eael-accordion-list\">\n\t\t\t\t\t<div id=\"rady\" class=\"elementor-tab-title eael-accordion-header\" tabindex=\"0\" data-tab=\"6\" aria-controls=\"elementor-tab-content-2486\"><h3 class=\"eael-accordion-tab-title\">Rady<\/h3><i aria-hidden=\"true\" class=\"fa-toggle fas fa-plus\"><\/i><\/div><div id=\"elementor-tab-content-2486\" class=\"eael-accordion-content clearfix\" data-tab=\"6\" aria-labelledby=\"rady\"><ul><li><p>to \u010do povieme posluch\u00e1\u010dom,\u00a0 m\u00e1 nadv\u00e4zova\u0165 na \u00a0\u00favod, jadro a z\u00e1ver prezent\u00e1cie<\/p><\/li><li><p>pripravova\u0165 sa na prezent\u00e1ciu je najlep\u0161ie v dostato\u010dnom predstihu, za ten \u010das, si m\u00f4\u017eeme prezent\u00e1ciu nieko\u013eko kr\u00e1t nacvi\u010di\u0165, \u010do pom\u00f4\u017ee pred\u00eddeniu zbyto\u010dn\u00e9mu stresu<\/p><\/li><li><p>dobr\u00fd tr\u00e9ning n\u00e1m pom\u00f4\u017ee k lep\u0161iemu prejavu<\/p><\/li><li><p>ak chceme aby si posluch\u00e1\u010di zapam\u00e4tali nie\u010do konkr\u00e9tne, mus\u00edme im to nieko\u013eko kr\u00e1t zopakova\u0165\u00a0<\/p><\/li><li><p>v prezent\u00e1cii mus\u00edme dba\u0165 na to, aby sa v nej nenach\u00e1dzali gramatick\u00e9 chyby<\/p><\/li><li><p>koniec prezent\u00e1cie by mal obsahova\u0165 my\u0161lienku, v\u00fdsledok alebo zistenie, ktor\u00e9 chceme odkomunikova\u0165 posluch\u00e1\u010dom<\/p><\/li><\/ul><\/div>\n\t\t\t\t\t<\/div><\/div>\t\t\t\t<\/div>\n\t\t\t\t<\/div>\n\t\t\t\t\t<\/div>\n\t\t<\/div>\n\t\t\t\t\t<\/div>\n\t\t<\/section>\n\t\t\t\t<\/div>\n\t\t","protected":false},"excerpt":{"rendered":"<p>Ako prezentova\u0165 Domov Pri prezentovan\u00ed s\u00fa d\u00f4le\u017eit\u00e9 dve veci. Tou prvou je predn\u00e1\u0161aj\u00faci, teda re\u010dn\u00edk a\u00a0druhou je jeho vizu\u00e1lny v\u00fdstup, tzv. prezent\u00e1cia. Preto si v\u00a0nasleduj\u00facich bodoch povieme, \u010do je d\u00f4le\u017eit\u00e9 pri prezentovan\u00ed, na \u010do sa m\u00e1 pripravi\u0165 prezentuj\u00faci, ako si pripravi\u0165 prezent\u00e1ciu, a poskytneme nieko\u013eko r\u00e1d k\u00a0prezentovaniu ako k\u00a0celku. PR\u00cdPRAVA PREZENTUJ\u00daCEHO T\u00e9ma prezent\u00e1cie a jej&#8230;<\/p>\n","protected":false},"author":1,"featured_media":0,"parent":0,"menu_order":0,"comment_status":"closed","ping_status":"closed","template":"","meta":{"_kad_post_transparent":"","_kad_post_title":"","_kad_post_layout":"","_kad_post_sidebar_id":"","_kad_post_content_style":"","_kad_post_vertical_padding":"","_kad_post_feature":"","_kad_post_feature_position":"","_kad_post_header":false,"_kad_post_footer":false,"_kad_post_classname":"","footnotes":""},"class_list":["post-1112","page","type-page","status-publish","hentry"],"_links":{"self":[{"href":"https:\/\/midas.uniba.sk\/index.php?rest_route=\/wp\/v2\/pages\/1112","targetHints":{"allow":["GET"]}}],"collection":[{"href":"https:\/\/midas.uniba.sk\/index.php?rest_route=\/wp\/v2\/pages"}],"about":[{"href":"https:\/\/midas.uniba.sk\/index.php?rest_route=\/wp\/v2\/types\/page"}],"author":[{"embeddable":true,"href":"https:\/\/midas.uniba.sk\/index.php?rest_route=\/wp\/v2\/users\/1"}],"replies":[{"embeddable":true,"href":"https:\/\/midas.uniba.sk\/index.php?rest_route=%2Fwp%2Fv2%2Fcomments&post=1112"}],"version-history":[{"count":153,"href":"https:\/\/midas.uniba.sk\/index.php?rest_route=\/wp\/v2\/pages\/1112\/revisions"}],"predecessor-version":[{"id":5302,"href":"https:\/\/midas.uniba.sk\/index.php?rest_route=\/wp\/v2\/pages\/1112\/revisions\/5302"}],"wp:attachment":[{"href":"https:\/\/midas.uniba.sk\/index.php?rest_route=%2Fwp%2Fv2%2Fmedia&parent=1112"}],"curies":[{"name":"wp","href":"https:\/\/api.w.org\/{rel}","templated":true}]}}